{"id":59,"date":"2013-03-12T11:59:32","date_gmt":"2013-03-12T11:59:32","guid":{"rendered":"http:\/\/aiseweb.wordpress.com\/?page_id=59"},"modified":"2013-09-25T08:10:58","modified_gmt":"2013-09-25T08:10:58","slug":"voluntariado","status":"publish","type":"page","link":"https:\/\/www.asociacionaise.org\/index.php\/voluntariado\/","title":{"rendered":"C\u00d3MO AYUDAR"},"content":{"rendered":"<p style=\"text-align: justify;\">Tienes diferentes maneras de ayudar en los proyectos socio-sanitarios de AISE \u00a1Elije la que m\u00e1s quieras! Cualquier apoyo ser\u00e1 muy valorado, tanto por los miembros de la asociaci\u00f3n, como las personas benefactoras.<\/p>\n<p style=\"text-align: justify;\">\u00a1\u00a1Entre todos avanzamos!!<\/p>\n<ul>\n<li><a title=\"Hazte socio\" href=\"https:\/\/www.asociacionaise.org\/?page_id=250\">HAZTE SOCIO<\/a><\/li>\n<li><a title=\"Haz un donativo\" href=\"https:\/\/www.asociacionaise.org\/?page_id=256\">HAZ UN DONATIVO<\/a><\/li>\n<li><a title=\"Hazte voluntario\" href=\"https:\/\/www.asociacionaise.org\/?page_id=264\">HAZTE VOLUNTARIO<\/a><\/li>\n<li><a title=\"Realiza tus Pr\u00e1cticas\" href=\"https:\/\/www.asociacionaise.org\/?page_id=268\">REALIZA TUS PR\u00c1CTICAS<\/a><\/li>\n<li><a title=\"Merchandising\" href=\"https:\/\/www.asociacionaise.org\/?page_id=270\">MERCHANDISING<\/a><\/li>\n<\/ul>\n","protected":false},"excerpt":{"rendered":"<p>Tienes diferentes maneras de ayudar en los proyectos socio-sanitarios de AISE \u00a1Elije la que m\u00e1s quieras! Cualquier apoyo ser\u00e1 muy valorado, tanto por los miembros de la asociaci\u00f3n, como las personas benefactoras. \u00a1\u00a1Entre todos avanzamos!! HAZTE SOCIO HAZ UN DONATIVO HAZTE VOLUNTARIO REALIZA TUS PR\u00c1CTICAS MERCHANDISING<\/p>\n","protected":false},"author":5,"featured_media":0,"parent":0,"menu_order":3,"comment_status":"closed","ping_status":"open","template":"","meta":{"footnotes":""},"class_list":["post-59","page","type-page","status-publish","hentry"],"yoast_head":"<!-- This site is optimized with the Yoast SEO plugin v24.9 - https:\/\/yoast.com\/wordpress\/plugins\/seo\/ -->\n<title>C\u00d3MO AYUDAR - AISE<\/title>\n<meta name=\"robots\" content=\"index, follow, max-snippet:-1, max-image-preview:large, max-video-preview:-1\" \/>\n<link rel=\"canonical\" href=\"https:\/\/www.asociacionaise.org\/index.php\/voluntariado\/\" \/>\n<meta property=\"og:locale\" content=\"es_ES\" \/>\n<meta property=\"og:type\" content=\"article\" \/>\n<meta property=\"og:title\" content=\"C\u00d3MO AYUDAR - AISE\" \/>\n<meta property=\"og:description\" content=\"Tienes diferentes maneras de ayudar en los proyectos socio-sanitarios de AISE \u00a1Elije la que m\u00e1s quieras! Cualquier apoyo ser\u00e1 muy valorado, tanto por los miembros de la asociaci\u00f3n, como las personas benefactoras. \u00a1\u00a1Entre todos avanzamos!! HAZTE SOCIO HAZ UN DONATIVO HAZTE VOLUNTARIO REALIZA TUS PR\u00c1CTICAS MERCHANDISING\" \/>\n<meta property=\"og:url\" content=\"https:\/\/www.asociacionaise.org\/index.php\/voluntariado\/\" \/>\n<meta property=\"og:site_name\" content=\"AISE\" \/>\n<meta property=\"article:publisher\" content=\"https:\/\/www.facebook.com\/AISEOrg\/\" \/>\n<meta property=\"article:modified_time\" content=\"2013-09-25T08:10:58+00:00\" \/>\n<meta name=\"twitter:card\" content=\"summary_large_image\" \/>\n<meta name=\"twitter:site\" content=\"@ASOCIACIONAISE\" \/>\n<script type=\"application\/ld+json\" class=\"yoast-schema-graph\">{\"@context\":\"https:\/\/schema.org\",\"@graph\":[{\"@type\":\"WebPage\",\"@id\":\"https:\/\/www.asociacionaise.org\/index.php\/voluntariado\/\",\"url\":\"https:\/\/www.asociacionaise.org\/index.php\/voluntariado\/\",\"name\":\"C\u00d3MO AYUDAR - AISE\",\"isPartOf\":{\"@id\":\"https:\/\/www.asociacionaise.org\/#website\"},\"datePublished\":\"2013-03-12T11:59:32+00:00\",\"dateModified\":\"2013-09-25T08:10:58+00:00\",\"breadcrumb\":{\"@id\":\"https:\/\/www.asociacionaise.org\/index.php\/voluntariado\/#breadcrumb\"},\"inLanguage\":\"es\",\"potentialAction\":[{\"@type\":\"ReadAction\",\"target\":[\"https:\/\/www.asociacionaise.org\/index.php\/voluntariado\/\"]}]},{\"@type\":\"BreadcrumbList\",\"@id\":\"https:\/\/www.asociacionaise.org\/index.php\/voluntariado\/#breadcrumb\",\"itemListElement\":[{\"@type\":\"ListItem\",\"position\":1,\"name\":\"Portada\",\"item\":\"https:\/\/www.asociacionaise.org\/\"},{\"@type\":\"ListItem\",\"position\":2,\"name\":\"C\u00d3MO AYUDAR\"}]},{\"@type\":\"WebSite\",\"@id\":\"https:\/\/www.asociacionaise.org\/#website\",\"url\":\"https:\/\/www.asociacionaise.org\/\",\"name\":\"AISE\",\"description\":\"Asociaci\u00f3n Internacional de Sanitarios en Espa\u00f1a\",\"publisher\":{\"@id\":\"https:\/\/www.asociacionaise.org\/#organization\"},\"potentialAction\":[{\"@type\":\"SearchAction\",\"target\":{\"@type\":\"EntryPoint\",\"urlTemplate\":\"https:\/\/www.asociacionaise.org\/?s={search_term_string}\"},\"query-input\":{\"@type\":\"PropertyValueSpecification\",\"valueRequired\":true,\"valueName\":\"search_term_string\"}}],\"inLanguage\":\"es\"},{\"@type\":\"Organization\",\"@id\":\"https:\/\/www.asociacionaise.org\/#organization\",\"name\":\"Asociacion AISE\",\"url\":\"https:\/\/www.asociacionaise.org\/\",\"logo\":{\"@type\":\"ImageObject\",\"inLanguage\":\"es\",\"@id\":\"https:\/\/www.asociacionaise.org\/#\/schema\/logo\/image\/\",\"url\":\"http:\/\/www.asociacionaise.org\/wp-content\/uploads\/2020\/02\/logo256.png\",\"contentUrl\":\"http:\/\/www.asociacionaise.org\/wp-content\/uploads\/2020\/02\/logo256.png\",\"width\":256,\"height\":256,\"caption\":\"Asociacion AISE\"},\"image\":{\"@id\":\"https:\/\/www.asociacionaise.org\/#\/schema\/logo\/image\/\"},\"sameAs\":[\"https:\/\/www.facebook.com\/AISEOrg\/\",\"https:\/\/x.com\/ASOCIACIONAISE\",\"https:\/\/www.instagram.com\/aise_voluntariado\/\",\"https:\/\/www.linkedin.com\/in\/asociacion-aise-64a445147\/\"]}]}<\/script>\n<!-- \/ Yoast SEO plugin. -->","yoast_head_json":{"title":"C\u00d3MO AYUDAR - AISE","robots":{"index":"index","follow":"follow","max-snippet":"max-snippet:-1","max-image-preview":"max-image-preview:large","max-video-preview":"max-video-preview:-1"},"canonical":"https:\/\/www.asociacionaise.org\/index.php\/voluntariado\/","og_locale":"es_ES","og_type":"article","og_title":"C\u00d3MO AYUDAR - AISE","og_description":"Tienes diferentes maneras de ayudar en los proyectos socio-sanitarios de AISE \u00a1Elije la que m\u00e1s quieras! Cualquier apoyo ser\u00e1 muy valorado, tanto por los miembros de la asociaci\u00f3n, como las personas benefactoras. \u00a1\u00a1Entre todos avanzamos!! HAZTE SOCIO HAZ UN DONATIVO HAZTE VOLUNTARIO REALIZA TUS PR\u00c1CTICAS MERCHANDISING","og_url":"https:\/\/www.asociacionaise.org\/index.php\/voluntariado\/","og_site_name":"AISE","article_publisher":"https:\/\/www.facebook.com\/AISEOrg\/","article_modified_time":"2013-09-25T08:10:58+00:00","twitter_card":"summary_large_image","twitter_site":"@ASOCIACIONAISE","schema":{"@context":"https:\/\/schema.org","@graph":[{"@type":"WebPage","@id":"https:\/\/www.asociacionaise.org\/index.php\/voluntariado\/","url":"https:\/\/www.asociacionaise.org\/index.php\/voluntariado\/","name":"C\u00d3MO AYUDAR - AISE","isPartOf":{"@id":"https:\/\/www.asociacionaise.org\/#website"},"datePublished":"2013-03-12T11:59:32+00:00","dateModified":"2013-09-25T08:10:58+00:00","breadcrumb":{"@id":"https:\/\/www.asociacionaise.org\/index.php\/voluntariado\/#breadcrumb"},"inLanguage":"es","potentialAction":[{"@type":"ReadAction","target":["https:\/\/www.asociacionaise.org\/index.php\/voluntariado\/"]}]},{"@type":"BreadcrumbList","@id":"https:\/\/www.asociacionaise.org\/index.php\/voluntariado\/#breadcrumb","itemListElement":[{"@type":"ListItem","position":1,"name":"Portada","item":"https:\/\/www.asociacionaise.org\/"},{"@type":"ListItem","position":2,"name":"C\u00d3MO AYUDAR"}]},{"@type":"WebSite","@id":"https:\/\/www.asociacionaise.org\/#website","url":"https:\/\/www.asociacionaise.org\/","name":"AISE","description":"Asociaci\u00f3n Internacional de Sanitarios en Espa\u00f1a","publisher":{"@id":"https:\/\/www.asociacionaise.org\/#organization"},"potentialAction":[{"@type":"SearchAction","target":{"@type":"EntryPoint","urlTemplate":"https:\/\/www.asociacionaise.org\/?s={search_term_string}"},"query-input":{"@type":"PropertyValueSpecification","valueRequired":true,"valueName":"search_term_string"}}],"inLanguage":"es"},{"@type":"Organization","@id":"https:\/\/www.asociacionaise.org\/#organization","name":"Asociacion AISE","url":"https:\/\/www.asociacionaise.org\/","logo":{"@type":"ImageObject","inLanguage":"es","@id":"https:\/\/www.asociacionaise.org\/#\/schema\/logo\/image\/","url":"http:\/\/www.asociacionaise.org\/wp-content\/uploads\/2020\/02\/logo256.png","contentUrl":"http:\/\/www.asociacionaise.org\/wp-content\/uploads\/2020\/02\/logo256.png","width":256,"height":256,"caption":"Asociacion AISE"},"image":{"@id":"https:\/\/www.asociacionaise.org\/#\/schema\/logo\/image\/"},"sameAs":["https:\/\/www.facebook.com\/AISEOrg\/","https:\/\/x.com\/ASOCIACIONAISE","https:\/\/www.instagram.com\/aise_voluntariado\/","https:\/\/www.linkedin.com\/in\/asociacion-aise-64a445147\/"]}]}},"_links":{"self":[{"href":"https:\/\/www.asociacionaise.org\/index.php\/wp-json\/wp\/v2\/pages\/59","targetHints":{"allow":["GET"]}}],"collection":[{"href":"https:\/\/www.asociacionaise.org\/index.php\/wp-json\/wp\/v2\/pages"}],"about":[{"href":"https:\/\/www.asociacionaise.org\/index.php\/wp-json\/wp\/v2\/types\/page"}],"author":[{"embeddable":true,"href":"https:\/\/www.asociacionaise.org\/index.php\/wp-json\/wp\/v2\/users\/5"}],"replies":[{"embeddable":true,"href":"https:\/\/www.asociacionaise.org\/index.php\/wp-json\/wp\/v2\/comments?post=59"}],"version-history":[{"count":6,"href":"https:\/\/www.asociacionaise.org\/index.php\/wp-json\/wp\/v2\/pages\/59\/revisions"}],"predecessor-version":[{"id":327,"href":"https:\/\/www.asociacionaise.org\/index.php\/wp-json\/wp\/v2\/pages\/59\/revisions\/327"}],"wp:attachment":[{"href":"https:\/\/www.asociacionaise.org\/index.php\/wp-json\/wp\/v2\/media?parent=59"}],"curies":[{"name":"wp","href":"https:\/\/api.w.org\/{rel}","templated":true}]}}