{"id":4921,"date":"2019-08-17T03:27:33","date_gmt":"2019-08-17T03:27:33","guid":{"rendered":"http:\/\/www.asociacionaise.org\/?page_id=4921"},"modified":"2019-08-17T03:30:50","modified_gmt":"2019-08-17T03:30:50","slug":"voluntariado-sanitario-en-mocache","status":"publish","type":"page","link":"https:\/\/www.asociacionaise.org\/index.php\/proyectos\/voluntariado-continuado\/voluntariado-sanitario-en-mocache\/","title":{"rendered":"VOLUNTARIADO SANITARIO EN MOCACHE"},"content":{"rendered":"<p>Este Voluntariado Sanitario se realiza en las comunidades del cant\u00f3n de Mocache, provincia de Los R\u00edos. Su poblaci\u00f3n es de 38.392 habitantes. El socio local que colabora en el proyecto es el Gobierno Auton\u00f3mico Descentralizado Municipal de Mocache (GADM), conjuntamente pretendemos reforzar el sistema de salud comunitario de la zona, ofreciendo voluntarios m\u00e9dicos, enfermeras, fisioterapeutas, trabajadores sociales, psic\u00f3logos, nutricionistas y otros profesionales de la salud que trabajan en la prevenci\u00f3n.<\/p>\n<p>Los objetivos\u00a0principales son:<\/p>\n<p><img loading=\"lazy\" decoding=\"async\" class=\"size-medium wp-image-4923 alignleft\" src=\"https:\/\/www.asociacionaise.org\/wp-content\/uploads\/2019\/08\/IMG_0406-05-03-19-04-51-300x200.jpg\" alt=\"\" width=\"300\" height=\"200\" srcset=\"https:\/\/www.asociacionaise.org\/wp-content\/uploads\/2019\/08\/IMG_0406-05-03-19-04-51-300x200.jpg 300w, https:\/\/www.asociacionaise.org\/wp-content\/uploads\/2019\/08\/IMG_0406-05-03-19-04-51-768x512.jpg 768w, https:\/\/www.asociacionaise.org\/wp-content\/uploads\/2019\/08\/IMG_0406-05-03-19-04-51-1024x682.jpg 1024w, https:\/\/www.asociacionaise.org\/wp-content\/uploads\/2019\/08\/IMG_0406-05-03-19-04-51.jpg 1280w\" sizes=\"auto, (max-width: 300px) 100vw, 300px\" \/><\/p>\n<ol>\n<li>Realizar campa\u00f1a educativa de <strong>Promoci\u00f3n de Salud<\/strong> para que las poblaciones locales incrementen el conocimiento y control sobre su salud con el prop\u00f3sito de mejorarla.<\/li>\n<li>Realizar campa\u00f1a de <strong>Prevenci\u00f3n de la Enfermedad<\/strong> a trav\u00e9s de seminarios dirigidos principalmente a la prevenci\u00f3n de enfermedades transmisibles.<\/li>\n<li>Iniciar prevenci\u00f3n secundaria con la realizaci\u00f3n de <em>screenings<\/em> para diabetes, HTA, obesidad en los pacientes que presenten factores de riesgo\u00a0 y desnutrici\u00f3n en ni\u00f1os y posterior derivaci\u00f3n a centros locales.<\/li>\n<li>Ofrecer atenci\u00f3n socio-sanitaria b\u00e1sica a personas con escasos recursos econ\u00f3micos.<\/li>\n<li>Realizar una campa\u00f1a de desparasitaci\u00f3n general de la poblaci\u00f3n.<\/li>\n<\/ol>\n<p>AISE se encarga de seleccionar voluntarios que den soporte en la zona mediante charlas de prevenci\u00f3n, detecci\u00f3n de problem\u00e1ticas sociales y atenci\u00f3n individualizada.<\/p>\n<p>\u00bfEsto es lo que est\u00e1s buscando?\u00a0<a href=\"https:\/\/www.asociacionaise.org\/index.php\/contacta\/\">Escr\u00edbenos<\/a>\u00a0y te informaremos de las condiciones!<\/p>\n","protected":false},"excerpt":{"rendered":"<p>Este Voluntariado Sanitario se realiza en las comunidades del cant\u00f3n de Mocache, provincia de Los R\u00edos. Su poblaci\u00f3n es de 38.392 habitantes. El socio local que colabora en el proyecto es el Gobierno Auton\u00f3mico Descentralizado Municipal de Mocache (GADM), conjuntamente pretendemos reforzar el sistema de salud comunitario de la zona, ofreciendo voluntarios m\u00e9dicos, enfermeras, fisioterapeutas, [&hellip;]<\/p>\n","protected":false},"author":5,"featured_media":0,"parent":284,"menu_order":1,"comment_status":"closed","ping_status":"closed","template":"","meta":{"footnotes":""},"class_list":["post-4921","page","type-page","status-publish","hentry"],"yoast_head":"<!-- This site is optimized with the Yoast SEO plugin v24.9 - https:\/\/yoast.com\/wordpress\/plugins\/seo\/ -->\n<title>VOLUNTARIADO SANITARIO EN MOCACHE - AISE<\/title>\n<meta name=\"robots\" content=\"index, follow, max-snippet:-1, max-image-preview:large, max-video-preview:-1\" \/>\n<link rel=\"canonical\" href=\"https:\/\/www.asociacionaise.org\/index.php\/proyectos\/voluntariado-continuado\/voluntariado-sanitario-en-mocache\/\" \/>\n<meta property=\"og:locale\" content=\"es_ES\" \/>\n<meta property=\"og:type\" content=\"article\" \/>\n<meta property=\"og:title\" content=\"VOLUNTARIADO SANITARIO EN MOCACHE - AISE\" \/>\n<meta property=\"og:description\" content=\"Este Voluntariado Sanitario se realiza en las comunidades del cant\u00f3n de Mocache, provincia de Los R\u00edos. Su poblaci\u00f3n es de 38.392 habitantes. El socio local que colabora en el proyecto es el Gobierno Auton\u00f3mico Descentralizado Municipal de Mocache (GADM), conjuntamente pretendemos reforzar el sistema de salud comunitario de la zona, ofreciendo voluntarios m\u00e9dicos, enfermeras, fisioterapeutas, [&hellip;]\" \/>\n<meta property=\"og:url\" content=\"https:\/\/www.asociacionaise.org\/index.php\/proyectos\/voluntariado-continuado\/voluntariado-sanitario-en-mocache\/\" \/>\n<meta property=\"og:site_name\" content=\"AISE\" \/>\n<meta property=\"article:publisher\" content=\"https:\/\/www.facebook.com\/AISEOrg\/\" \/>\n<meta property=\"article:modified_time\" content=\"2019-08-17T03:30:50+00:00\" \/>\n<meta property=\"og:image\" content=\"http:\/\/www.asociacionaise.org\/wp-content\/uploads\/2019\/08\/IMG_0406-05-03-19-04-51-300x200.jpg\" \/>\n<meta name=\"twitter:card\" content=\"summary_large_image\" \/>\n<meta name=\"twitter:site\" content=\"@ASOCIACIONAISE\" \/>\n<meta name=\"twitter:label1\" content=\"Tiempo de lectura\" \/>\n\t<meta name=\"twitter:data1\" content=\"1 minuto\" \/>\n<script type=\"application\/ld+json\" class=\"yoast-schema-graph\">{\"@context\":\"https:\/\/schema.org\",\"@graph\":[{\"@type\":\"WebPage\",\"@id\":\"https:\/\/www.asociacionaise.org\/index.php\/proyectos\/voluntariado-continuado\/voluntariado-sanitario-en-mocache\/\",\"url\":\"https:\/\/www.asociacionaise.org\/index.php\/proyectos\/voluntariado-continuado\/voluntariado-sanitario-en-mocache\/\",\"name\":\"VOLUNTARIADO SANITARIO EN MOCACHE - AISE\",\"isPartOf\":{\"@id\":\"https:\/\/www.asociacionaise.org\/#website\"},\"primaryImageOfPage\":{\"@id\":\"https:\/\/www.asociacionaise.org\/index.php\/proyectos\/voluntariado-continuado\/voluntariado-sanitario-en-mocache\/#primaryimage\"},\"image\":{\"@id\":\"https:\/\/www.asociacionaise.org\/index.php\/proyectos\/voluntariado-continuado\/voluntariado-sanitario-en-mocache\/#primaryimage\"},\"thumbnailUrl\":\"http:\/\/www.asociacionaise.org\/wp-content\/uploads\/2019\/08\/IMG_0406-05-03-19-04-51-300x200.jpg\",\"datePublished\":\"2019-08-17T03:27:33+00:00\",\"dateModified\":\"2019-08-17T03:30:50+00:00\",\"breadcrumb\":{\"@id\":\"https:\/\/www.asociacionaise.org\/index.php\/proyectos\/voluntariado-continuado\/voluntariado-sanitario-en-mocache\/#breadcrumb\"},\"inLanguage\":\"es\",\"potentialAction\":[{\"@type\":\"ReadAction\",\"target\":[\"https:\/\/www.asociacionaise.org\/index.php\/proyectos\/voluntariado-continuado\/voluntariado-sanitario-en-mocache\/\"]}]},{\"@type\":\"ImageObject\",\"inLanguage\":\"es\",\"@id\":\"https:\/\/www.asociacionaise.org\/index.php\/proyectos\/voluntariado-continuado\/voluntariado-sanitario-en-mocache\/#primaryimage\",\"url\":\"https:\/\/www.asociacionaise.org\/wp-content\/uploads\/2019\/08\/IMG_0406-05-03-19-04-51.jpg\",\"contentUrl\":\"https:\/\/www.asociacionaise.org\/wp-content\/uploads\/2019\/08\/IMG_0406-05-03-19-04-51.jpg\",\"width\":1280,\"height\":853},{\"@type\":\"BreadcrumbList\",\"@id\":\"https:\/\/www.asociacionaise.org\/index.php\/proyectos\/voluntariado-continuado\/voluntariado-sanitario-en-mocache\/#breadcrumb\",\"itemListElement\":[{\"@type\":\"ListItem\",\"position\":1,\"name\":\"Portada\",\"item\":\"https:\/\/www.asociacionaise.org\/\"},{\"@type\":\"ListItem\",\"position\":2,\"name\":\"QU\u00c9 HACEMOS\",\"item\":\"https:\/\/www.asociacionaise.org\/index.php\/proyectos\/\"},{\"@type\":\"ListItem\",\"position\":3,\"name\":\"VOLUNTARIADO CONTINUADO\",\"item\":\"https:\/\/www.asociacionaise.org\/index.php\/proyectos\/voluntariado-continuado\/\"},{\"@type\":\"ListItem\",\"position\":4,\"name\":\"VOLUNTARIADO SANITARIO EN MOCACHE\"}]},{\"@type\":\"WebSite\",\"@id\":\"https:\/\/www.asociacionaise.org\/#website\",\"url\":\"https:\/\/www.asociacionaise.org\/\",\"name\":\"AISE\",\"description\":\"Asociaci\u00f3n Internacional de Sanitarios en Espa\u00f1a\",\"publisher\":{\"@id\":\"https:\/\/www.asociacionaise.org\/#organization\"},\"potentialAction\":[{\"@type\":\"SearchAction\",\"target\":{\"@type\":\"EntryPoint\",\"urlTemplate\":\"https:\/\/www.asociacionaise.org\/?s={search_term_string}\"},\"query-input\":{\"@type\":\"PropertyValueSpecification\",\"valueRequired\":true,\"valueName\":\"search_term_string\"}}],\"inLanguage\":\"es\"},{\"@type\":\"Organization\",\"@id\":\"https:\/\/www.asociacionaise.org\/#organization\",\"name\":\"Asociacion AISE\",\"url\":\"https:\/\/www.asociacionaise.org\/\",\"logo\":{\"@type\":\"ImageObject\",\"inLanguage\":\"es\",\"@id\":\"https:\/\/www.asociacionaise.org\/#\/schema\/logo\/image\/\",\"url\":\"http:\/\/www.asociacionaise.org\/wp-content\/uploads\/2020\/02\/logo256.png\",\"contentUrl\":\"http:\/\/www.asociacionaise.org\/wp-content\/uploads\/2020\/02\/logo256.png\",\"width\":256,\"height\":256,\"caption\":\"Asociacion AISE\"},\"image\":{\"@id\":\"https:\/\/www.asociacionaise.org\/#\/schema\/logo\/image\/\"},\"sameAs\":[\"https:\/\/www.facebook.com\/AISEOrg\/\",\"https:\/\/x.com\/ASOCIACIONAISE\",\"https:\/\/www.instagram.com\/aise_voluntariado\/\",\"https:\/\/www.linkedin.com\/in\/asociacion-aise-64a445147\/\"]}]}<\/script>\n<!-- \/ Yoast SEO plugin. -->","yoast_head_json":{"title":"VOLUNTARIADO SANITARIO EN MOCACHE - AISE","robots":{"index":"index","follow":"follow","max-snippet":"max-snippet:-1","max-image-preview":"max-image-preview:large","max-video-preview":"max-video-preview:-1"},"canonical":"https:\/\/www.asociacionaise.org\/index.php\/proyectos\/voluntariado-continuado\/voluntariado-sanitario-en-mocache\/","og_locale":"es_ES","og_type":"article","og_title":"VOLUNTARIADO SANITARIO EN MOCACHE - AISE","og_description":"Este Voluntariado Sanitario se realiza en las comunidades del cant\u00f3n de Mocache, provincia de Los R\u00edos. Su poblaci\u00f3n es de 38.392 habitantes. El socio local que colabora en el proyecto es el Gobierno Auton\u00f3mico Descentralizado Municipal de Mocache (GADM), conjuntamente pretendemos reforzar el sistema de salud comunitario de la zona, ofreciendo voluntarios m\u00e9dicos, enfermeras, fisioterapeutas, [&hellip;]","og_url":"https:\/\/www.asociacionaise.org\/index.php\/proyectos\/voluntariado-continuado\/voluntariado-sanitario-en-mocache\/","og_site_name":"AISE","article_publisher":"https:\/\/www.facebook.com\/AISEOrg\/","article_modified_time":"2019-08-17T03:30:50+00:00","og_image":[{"url":"http:\/\/www.asociacionaise.org\/wp-content\/uploads\/2019\/08\/IMG_0406-05-03-19-04-51-300x200.jpg","type":"","width":"","height":""}],"twitter_card":"summary_large_image","twitter_site":"@ASOCIACIONAISE","twitter_misc":{"Tiempo de lectura":"1 minuto"},"schema":{"@context":"https:\/\/schema.org","@graph":[{"@type":"WebPage","@id":"https:\/\/www.asociacionaise.org\/index.php\/proyectos\/voluntariado-continuado\/voluntariado-sanitario-en-mocache\/","url":"https:\/\/www.asociacionaise.org\/index.php\/proyectos\/voluntariado-continuado\/voluntariado-sanitario-en-mocache\/","name":"VOLUNTARIADO SANITARIO EN MOCACHE - AISE","isPartOf":{"@id":"https:\/\/www.asociacionaise.org\/#website"},"primaryImageOfPage":{"@id":"https:\/\/www.asociacionaise.org\/index.php\/proyectos\/voluntariado-continuado\/voluntariado-sanitario-en-mocache\/#primaryimage"},"image":{"@id":"https:\/\/www.asociacionaise.org\/index.php\/proyectos\/voluntariado-continuado\/voluntariado-sanitario-en-mocache\/#primaryimage"},"thumbnailUrl":"http:\/\/www.asociacionaise.org\/wp-content\/uploads\/2019\/08\/IMG_0406-05-03-19-04-51-300x200.jpg","datePublished":"2019-08-17T03:27:33+00:00","dateModified":"2019-08-17T03:30:50+00:00","breadcrumb":{"@id":"https:\/\/www.asociacionaise.org\/index.php\/proyectos\/voluntariado-continuado\/voluntariado-sanitario-en-mocache\/#breadcrumb"},"inLanguage":"es","potentialAction":[{"@type":"ReadAction","target":["https:\/\/www.asociacionaise.org\/index.php\/proyectos\/voluntariado-continuado\/voluntariado-sanitario-en-mocache\/"]}]},{"@type":"ImageObject","inLanguage":"es","@id":"https:\/\/www.asociacionaise.org\/index.php\/proyectos\/voluntariado-continuado\/voluntariado-sanitario-en-mocache\/#primaryimage","url":"https:\/\/www.asociacionaise.org\/wp-content\/uploads\/2019\/08\/IMG_0406-05-03-19-04-51.jpg","contentUrl":"https:\/\/www.asociacionaise.org\/wp-content\/uploads\/2019\/08\/IMG_0406-05-03-19-04-51.jpg","width":1280,"height":853},{"@type":"BreadcrumbList","@id":"https:\/\/www.asociacionaise.org\/index.php\/proyectos\/voluntariado-continuado\/voluntariado-sanitario-en-mocache\/#breadcrumb","itemListElement":[{"@type":"ListItem","position":1,"name":"Portada","item":"https:\/\/www.asociacionaise.org\/"},{"@type":"ListItem","position":2,"name":"QU\u00c9 HACEMOS","item":"https:\/\/www.asociacionaise.org\/index.php\/proyectos\/"},{"@type":"ListItem","position":3,"name":"VOLUNTARIADO CONTINUADO","item":"https:\/\/www.asociacionaise.org\/index.php\/proyectos\/voluntariado-continuado\/"},{"@type":"ListItem","position":4,"name":"VOLUNTARIADO SANITARIO EN MOCACHE"}]},{"@type":"WebSite","@id":"https:\/\/www.asociacionaise.org\/#website","url":"https:\/\/www.asociacionaise.org\/","name":"AISE","description":"Asociaci\u00f3n Internacional de Sanitarios en Espa\u00f1a","publisher":{"@id":"https:\/\/www.asociacionaise.org\/#organization"},"potentialAction":[{"@type":"SearchAction","target":{"@type":"EntryPoint","urlTemplate":"https:\/\/www.asociacionaise.org\/?s={search_term_string}"},"query-input":{"@type":"PropertyValueSpecification","valueRequired":true,"valueName":"search_term_string"}}],"inLanguage":"es"},{"@type":"Organization","@id":"https:\/\/www.asociacionaise.org\/#organization","name":"Asociacion AISE","url":"https:\/\/www.asociacionaise.org\/","logo":{"@type":"ImageObject","inLanguage":"es","@id":"https:\/\/www.asociacionaise.org\/#\/schema\/logo\/image\/","url":"http:\/\/www.asociacionaise.org\/wp-content\/uploads\/2020\/02\/logo256.png","contentUrl":"http:\/\/www.asociacionaise.org\/wp-content\/uploads\/2020\/02\/logo256.png","width":256,"height":256,"caption":"Asociacion AISE"},"image":{"@id":"https:\/\/www.asociacionaise.org\/#\/schema\/logo\/image\/"},"sameAs":["https:\/\/www.facebook.com\/AISEOrg\/","https:\/\/x.com\/ASOCIACIONAISE","https:\/\/www.instagram.com\/aise_voluntariado\/","https:\/\/www.linkedin.com\/in\/asociacion-aise-64a445147\/"]}]}},"_links":{"self":[{"href":"https:\/\/www.asociacionaise.org\/index.php\/wp-json\/wp\/v2\/pages\/4921","targetHints":{"allow":["GET"]}}],"collection":[{"href":"https:\/\/www.asociacionaise.org\/index.php\/wp-json\/wp\/v2\/pages"}],"about":[{"href":"https:\/\/www.asociacionaise.org\/index.php\/wp-json\/wp\/v2\/types\/page"}],"author":[{"embeddable":true,"href":"https:\/\/www.asociacionaise.org\/index.php\/wp-json\/wp\/v2\/users\/5"}],"replies":[{"embeddable":true,"href":"https:\/\/www.asociacionaise.org\/index.php\/wp-json\/wp\/v2\/comments?post=4921"}],"version-history":[{"count":3,"href":"https:\/\/www.asociacionaise.org\/index.php\/wp-json\/wp\/v2\/pages\/4921\/revisions"}],"predecessor-version":[{"id":4926,"href":"https:\/\/www.asociacionaise.org\/index.php\/wp-json\/wp\/v2\/pages\/4921\/revisions\/4926"}],"up":[{"embeddable":true,"href":"https:\/\/www.asociacionaise.org\/index.php\/wp-json\/wp\/v2\/pages\/284"}],"wp:attachment":[{"href":"https:\/\/www.asociacionaise.org\/index.php\/wp-json\/wp\/v2\/media?parent=4921"}],"curies":[{"name":"wp","href":"https:\/\/api.w.org\/{rel}","templated":true}]}}