{"id":47,"date":"2013-03-12T11:57:24","date_gmt":"2013-03-12T11:57:24","guid":{"rendered":"http:\/\/aiseweb.wordpress.com\/?page_id=47"},"modified":"2016-03-30T03:08:02","modified_gmt":"2016-03-30T03:08:02","slug":"ambulancias-para-los-rios","status":"publish","type":"page","link":"https:\/\/www.asociacionaise.org\/index.php\/proyectos\/proyectos-finalizados\/ambulancias-para-los-rios\/","title":{"rendered":"Ambulancias para Los R\u00edos"},"content":{"rendered":"<p style=\"text-align: justify;\">Dicho proyecto se desarrolla en la provincia de Los R\u00edos, que se encuentra en la regi\u00f3n litoral del pa\u00eds. Es la cuarta provincia m\u00e1s poblada del pa\u00eds con 778.115 habitantes.<\/p>\n<p><a style=\"text-align: justify;\" href=\"https:\/\/www.asociacionaise.org\/wp-content\/uploads\/2013\/03\/Ambulancia-Los-Rios.jpg\"><img loading=\"lazy\" decoding=\"async\" class=\"size-full wp-image-386 alignleft\" alt=\"Ambulancia Los Rios\" src=\"https:\/\/www.asociacionaise.org\/wp-content\/uploads\/2013\/03\/Ambulancia-Los-Rios.jpg\" width=\"494\" height=\"372\" \/><\/a><\/p>\n<p style=\"text-align: justify;\">Se estima que el 25 % de la poblaci\u00f3n no tiene ninguna cobertura institucional de servicios, y el 75% restante s\u00f3lo tiene cobertura parcial en diversos grados. La escasez de recursos econ\u00f3micos de la mayor\u00eda de la poblaci\u00f3n, las inundaciones habituales en el periodo de lluvias y la orograf\u00eda accidentada del territorio dificultan, si no impiden, el traslado sanitario adecuado de las personas enfermas y accidentadas a los centros sanitarios<\/p>\n<p style=\"text-align: justify;\">En septiembre de 2012 se enviaron dos ambulancias donadas por Ambulancias Domingo a la zona de Los R\u00edos, en convenio con el Patronato de Gesti\u00f3n Social descentralizado Provincial de Los R\u00edos, con el fin de dar cobertura urgente al traslado sanitario de personas con bajos recursos econ\u00f3micos. Este proyecto implica la capacitaci\u00f3n del personal aut\u00f3ctono para el buen uso del\u00a0 veh\u00edculo, material y el manejo del Soporte Vital B\u00e1sico (SVB), la implantaci\u00f3n de un sistema de activaci\u00f3n del servicio, el establecimiento de v\u00ednculos con la red sanitaria existente en el territorio y la realizaci\u00f3n de traslados interhospitalarios urgentes.<\/p>\n<p style=\"text-align: justify;\">Se ha realizado formaci\u00f3n al personal ecuatoriano para que sea el mismo Patronato quien gestione su funcionamiento. Actualmente los veh\u00edculos siguen en funcionamiento para las necesidades de dicha poblaci\u00f3n.<\/p>\n","protected":false},"excerpt":{"rendered":"<p>Dicho proyecto se desarrolla en la provincia de Los R\u00edos, que se encuentra en la regi\u00f3n litoral del pa\u00eds. Es la cuarta provincia m\u00e1s poblada del pa\u00eds con 778.115 habitantes. Se estima que el 25 % de la poblaci\u00f3n no tiene ninguna cobertura institucional de servicios, y el 75% restante s\u00f3lo tiene cobertura parcial en [&hellip;]<\/p>\n","protected":false},"author":5,"featured_media":0,"parent":2602,"menu_order":2,"comment_status":"closed","ping_status":"open","template":"","meta":{"footnotes":""},"class_list":["post-47","page","type-page","status-publish","hentry"],"yoast_head":"<!-- This site is optimized with the Yoast SEO plugin v24.9 - https:\/\/yoast.com\/wordpress\/plugins\/seo\/ -->\n<title>Ambulancias para Los R\u00edos - AISE<\/title>\n<meta name=\"robots\" content=\"index, follow, max-snippet:-1, max-image-preview:large, max-video-preview:-1\" \/>\n<link rel=\"canonical\" href=\"https:\/\/www.asociacionaise.org\/index.php\/proyectos\/proyectos-finalizados\/ambulancias-para-los-rios\/\" \/>\n<meta property=\"og:locale\" content=\"es_ES\" \/>\n<meta property=\"og:type\" content=\"article\" \/>\n<meta property=\"og:title\" content=\"Ambulancias para Los R\u00edos - AISE\" \/>\n<meta property=\"og:description\" content=\"Dicho proyecto se desarrolla en la provincia de Los R\u00edos, que se encuentra en la regi\u00f3n litoral del pa\u00eds. Es la cuarta provincia m\u00e1s poblada del pa\u00eds con 778.115 habitantes. Se estima que el 25 % de la poblaci\u00f3n no tiene ninguna cobertura institucional de servicios, y el 75% restante s\u00f3lo tiene cobertura parcial en [&hellip;]\" \/>\n<meta property=\"og:url\" content=\"https:\/\/www.asociacionaise.org\/index.php\/proyectos\/proyectos-finalizados\/ambulancias-para-los-rios\/\" \/>\n<meta property=\"og:site_name\" content=\"AISE\" \/>\n<meta property=\"article:publisher\" content=\"https:\/\/www.facebook.com\/AISEOrg\/\" \/>\n<meta property=\"article:modified_time\" content=\"2016-03-30T03:08:02+00:00\" \/>\n<meta property=\"og:image\" content=\"http:\/\/www.asociacionaise.org\/wp-content\/uploads\/2013\/03\/Ambulancia-Los-Rios.jpg\" \/>\n<meta name=\"twitter:card\" content=\"summary_large_image\" \/>\n<meta name=\"twitter:site\" content=\"@ASOCIACIONAISE\" \/>\n<meta name=\"twitter:label1\" content=\"Tiempo de lectura\" \/>\n\t<meta name=\"twitter:data1\" content=\"1 minuto\" \/>\n<script type=\"application\/ld+json\" class=\"yoast-schema-graph\">{\"@context\":\"https:\/\/schema.org\",\"@graph\":[{\"@type\":\"WebPage\",\"@id\":\"https:\/\/www.asociacionaise.org\/index.php\/proyectos\/proyectos-finalizados\/ambulancias-para-los-rios\/\",\"url\":\"https:\/\/www.asociacionaise.org\/index.php\/proyectos\/proyectos-finalizados\/ambulancias-para-los-rios\/\",\"name\":\"Ambulancias para Los R\u00edos - AISE\",\"isPartOf\":{\"@id\":\"https:\/\/www.asociacionaise.org\/#website\"},\"primaryImageOfPage\":{\"@id\":\"https:\/\/www.asociacionaise.org\/index.php\/proyectos\/proyectos-finalizados\/ambulancias-para-los-rios\/#primaryimage\"},\"image\":{\"@id\":\"https:\/\/www.asociacionaise.org\/index.php\/proyectos\/proyectos-finalizados\/ambulancias-para-los-rios\/#primaryimage\"},\"thumbnailUrl\":\"http:\/\/www.asociacionaise.org\/wp-content\/uploads\/2013\/03\/Ambulancia-Los-Rios.jpg\",\"datePublished\":\"2013-03-12T11:57:24+00:00\",\"dateModified\":\"2016-03-30T03:08:02+00:00\",\"breadcrumb\":{\"@id\":\"https:\/\/www.asociacionaise.org\/index.php\/proyectos\/proyectos-finalizados\/ambulancias-para-los-rios\/#breadcrumb\"},\"inLanguage\":\"es\",\"potentialAction\":[{\"@type\":\"ReadAction\",\"target\":[\"https:\/\/www.asociacionaise.org\/index.php\/proyectos\/proyectos-finalizados\/ambulancias-para-los-rios\/\"]}]},{\"@type\":\"ImageObject\",\"inLanguage\":\"es\",\"@id\":\"https:\/\/www.asociacionaise.org\/index.php\/proyectos\/proyectos-finalizados\/ambulancias-para-los-rios\/#primaryimage\",\"url\":\"https:\/\/www.asociacionaise.org\/wp-content\/uploads\/2013\/03\/Ambulancia-Los-Rios.jpg\",\"contentUrl\":\"https:\/\/www.asociacionaise.org\/wp-content\/uploads\/2013\/03\/Ambulancia-Los-Rios.jpg\",\"width\":494,\"height\":372},{\"@type\":\"BreadcrumbList\",\"@id\":\"https:\/\/www.asociacionaise.org\/index.php\/proyectos\/proyectos-finalizados\/ambulancias-para-los-rios\/#breadcrumb\",\"itemListElement\":[{\"@type\":\"ListItem\",\"position\":1,\"name\":\"Portada\",\"item\":\"https:\/\/www.asociacionaise.org\/\"},{\"@type\":\"ListItem\",\"position\":2,\"name\":\"QU\u00c9 HACEMOS\",\"item\":\"https:\/\/www.asociacionaise.org\/index.php\/proyectos\/\"},{\"@type\":\"ListItem\",\"position\":3,\"name\":\"PROYECTOS FINALIZADOS\",\"item\":\"https:\/\/www.asociacionaise.org\/index.php\/proyectos\/proyectos-finalizados\/\"},{\"@type\":\"ListItem\",\"position\":4,\"name\":\"Ambulancias para Los R\u00edos\"}]},{\"@type\":\"WebSite\",\"@id\":\"https:\/\/www.asociacionaise.org\/#website\",\"url\":\"https:\/\/www.asociacionaise.org\/\",\"name\":\"AISE\",\"description\":\"Asociaci\u00f3n Internacional de Sanitarios en Espa\u00f1a\",\"publisher\":{\"@id\":\"https:\/\/www.asociacionaise.org\/#organization\"},\"potentialAction\":[{\"@type\":\"SearchAction\",\"target\":{\"@type\":\"EntryPoint\",\"urlTemplate\":\"https:\/\/www.asociacionaise.org\/?s={search_term_string}\"},\"query-input\":{\"@type\":\"PropertyValueSpecification\",\"valueRequired\":true,\"valueName\":\"search_term_string\"}}],\"inLanguage\":\"es\"},{\"@type\":\"Organization\",\"@id\":\"https:\/\/www.asociacionaise.org\/#organization\",\"name\":\"Asociacion AISE\",\"url\":\"https:\/\/www.asociacionaise.org\/\",\"logo\":{\"@type\":\"ImageObject\",\"inLanguage\":\"es\",\"@id\":\"https:\/\/www.asociacionaise.org\/#\/schema\/logo\/image\/\",\"url\":\"http:\/\/www.asociacionaise.org\/wp-content\/uploads\/2020\/02\/logo256.png\",\"contentUrl\":\"http:\/\/www.asociacionaise.org\/wp-content\/uploads\/2020\/02\/logo256.png\",\"width\":256,\"height\":256,\"caption\":\"Asociacion AISE\"},\"image\":{\"@id\":\"https:\/\/www.asociacionaise.org\/#\/schema\/logo\/image\/\"},\"sameAs\":[\"https:\/\/www.facebook.com\/AISEOrg\/\",\"https:\/\/x.com\/ASOCIACIONAISE\",\"https:\/\/www.instagram.com\/aise_voluntariado\/\",\"https:\/\/www.linkedin.com\/in\/asociacion-aise-64a445147\/\"]}]}<\/script>\n<!-- \/ Yoast SEO plugin. -->","yoast_head_json":{"title":"Ambulancias para Los R\u00edos - AISE","robots":{"index":"index","follow":"follow","max-snippet":"max-snippet:-1","max-image-preview":"max-image-preview:large","max-video-preview":"max-video-preview:-1"},"canonical":"https:\/\/www.asociacionaise.org\/index.php\/proyectos\/proyectos-finalizados\/ambulancias-para-los-rios\/","og_locale":"es_ES","og_type":"article","og_title":"Ambulancias para Los R\u00edos - AISE","og_description":"Dicho proyecto se desarrolla en la provincia de Los R\u00edos, que se encuentra en la regi\u00f3n litoral del pa\u00eds. Es la cuarta provincia m\u00e1s poblada del pa\u00eds con 778.115 habitantes. Se estima que el 25 % de la poblaci\u00f3n no tiene ninguna cobertura institucional de servicios, y el 75% restante s\u00f3lo tiene cobertura parcial en [&hellip;]","og_url":"https:\/\/www.asociacionaise.org\/index.php\/proyectos\/proyectos-finalizados\/ambulancias-para-los-rios\/","og_site_name":"AISE","article_publisher":"https:\/\/www.facebook.com\/AISEOrg\/","article_modified_time":"2016-03-30T03:08:02+00:00","og_image":[{"url":"http:\/\/www.asociacionaise.org\/wp-content\/uploads\/2013\/03\/Ambulancia-Los-Rios.jpg","type":"","width":"","height":""}],"twitter_card":"summary_large_image","twitter_site":"@ASOCIACIONAISE","twitter_misc":{"Tiempo de lectura":"1 minuto"},"schema":{"@context":"https:\/\/schema.org","@graph":[{"@type":"WebPage","@id":"https:\/\/www.asociacionaise.org\/index.php\/proyectos\/proyectos-finalizados\/ambulancias-para-los-rios\/","url":"https:\/\/www.asociacionaise.org\/index.php\/proyectos\/proyectos-finalizados\/ambulancias-para-los-rios\/","name":"Ambulancias para Los R\u00edos - AISE","isPartOf":{"@id":"https:\/\/www.asociacionaise.org\/#website"},"primaryImageOfPage":{"@id":"https:\/\/www.asociacionaise.org\/index.php\/proyectos\/proyectos-finalizados\/ambulancias-para-los-rios\/#primaryimage"},"image":{"@id":"https:\/\/www.asociacionaise.org\/index.php\/proyectos\/proyectos-finalizados\/ambulancias-para-los-rios\/#primaryimage"},"thumbnailUrl":"http:\/\/www.asociacionaise.org\/wp-content\/uploads\/2013\/03\/Ambulancia-Los-Rios.jpg","datePublished":"2013-03-12T11:57:24+00:00","dateModified":"2016-03-30T03:08:02+00:00","breadcrumb":{"@id":"https:\/\/www.asociacionaise.org\/index.php\/proyectos\/proyectos-finalizados\/ambulancias-para-los-rios\/#breadcrumb"},"inLanguage":"es","potentialAction":[{"@type":"ReadAction","target":["https:\/\/www.asociacionaise.org\/index.php\/proyectos\/proyectos-finalizados\/ambulancias-para-los-rios\/"]}]},{"@type":"ImageObject","inLanguage":"es","@id":"https:\/\/www.asociacionaise.org\/index.php\/proyectos\/proyectos-finalizados\/ambulancias-para-los-rios\/#primaryimage","url":"https:\/\/www.asociacionaise.org\/wp-content\/uploads\/2013\/03\/Ambulancia-Los-Rios.jpg","contentUrl":"https:\/\/www.asociacionaise.org\/wp-content\/uploads\/2013\/03\/Ambulancia-Los-Rios.jpg","width":494,"height":372},{"@type":"BreadcrumbList","@id":"https:\/\/www.asociacionaise.org\/index.php\/proyectos\/proyectos-finalizados\/ambulancias-para-los-rios\/#breadcrumb","itemListElement":[{"@type":"ListItem","position":1,"name":"Portada","item":"https:\/\/www.asociacionaise.org\/"},{"@type":"ListItem","position":2,"name":"QU\u00c9 HACEMOS","item":"https:\/\/www.asociacionaise.org\/index.php\/proyectos\/"},{"@type":"ListItem","position":3,"name":"PROYECTOS FINALIZADOS","item":"https:\/\/www.asociacionaise.org\/index.php\/proyectos\/proyectos-finalizados\/"},{"@type":"ListItem","position":4,"name":"Ambulancias para Los R\u00edos"}]},{"@type":"WebSite","@id":"https:\/\/www.asociacionaise.org\/#website","url":"https:\/\/www.asociacionaise.org\/","name":"AISE","description":"Asociaci\u00f3n Internacional de Sanitarios en Espa\u00f1a","publisher":{"@id":"https:\/\/www.asociacionaise.org\/#organization"},"potentialAction":[{"@type":"SearchAction","target":{"@type":"EntryPoint","urlTemplate":"https:\/\/www.asociacionaise.org\/?s={search_term_string}"},"query-input":{"@type":"PropertyValueSpecification","valueRequired":true,"valueName":"search_term_string"}}],"inLanguage":"es"},{"@type":"Organization","@id":"https:\/\/www.asociacionaise.org\/#organization","name":"Asociacion AISE","url":"https:\/\/www.asociacionaise.org\/","logo":{"@type":"ImageObject","inLanguage":"es","@id":"https:\/\/www.asociacionaise.org\/#\/schema\/logo\/image\/","url":"http:\/\/www.asociacionaise.org\/wp-content\/uploads\/2020\/02\/logo256.png","contentUrl":"http:\/\/www.asociacionaise.org\/wp-content\/uploads\/2020\/02\/logo256.png","width":256,"height":256,"caption":"Asociacion AISE"},"image":{"@id":"https:\/\/www.asociacionaise.org\/#\/schema\/logo\/image\/"},"sameAs":["https:\/\/www.facebook.com\/AISEOrg\/","https:\/\/x.com\/ASOCIACIONAISE","https:\/\/www.instagram.com\/aise_voluntariado\/","https:\/\/www.linkedin.com\/in\/asociacion-aise-64a445147\/"]}]}},"_links":{"self":[{"href":"https:\/\/www.asociacionaise.org\/index.php\/wp-json\/wp\/v2\/pages\/47","targetHints":{"allow":["GET"]}}],"collection":[{"href":"https:\/\/www.asociacionaise.org\/index.php\/wp-json\/wp\/v2\/pages"}],"about":[{"href":"https:\/\/www.asociacionaise.org\/index.php\/wp-json\/wp\/v2\/types\/page"}],"author":[{"embeddable":true,"href":"https:\/\/www.asociacionaise.org\/index.php\/wp-json\/wp\/v2\/users\/5"}],"replies":[{"embeddable":true,"href":"https:\/\/www.asociacionaise.org\/index.php\/wp-json\/wp\/v2\/comments?post=47"}],"version-history":[{"count":9,"href":"https:\/\/www.asociacionaise.org\/index.php\/wp-json\/wp\/v2\/pages\/47\/revisions"}],"predecessor-version":[{"id":387,"href":"https:\/\/www.asociacionaise.org\/index.php\/wp-json\/wp\/v2\/pages\/47\/revisions\/387"}],"up":[{"embeddable":true,"href":"https:\/\/www.asociacionaise.org\/index.php\/wp-json\/wp\/v2\/pages\/2602"}],"wp:attachment":[{"href":"https:\/\/www.asociacionaise.org\/index.php\/wp-json\/wp\/v2\/media?parent=47"}],"curies":[{"name":"wp","href":"https:\/\/api.w.org\/{rel}","templated":true}]}}