{"id":41,"date":"2013-03-12T11:56:40","date_gmt":"2013-03-12T11:56:40","guid":{"rendered":"http:\/\/aiseweb.wordpress.com\/?page_id=41"},"modified":"2017-02-18T05:09:30","modified_gmt":"2017-02-18T05:09:30","slug":"proyectos","status":"publish","type":"page","link":"https:\/\/www.asociacionaise.org\/index.php\/proyectos\/","title":{"rendered":"QU\u00c9 HACEMOS"},"content":{"rendered":"<p><span style=\"line-height: 1.5;\">\u00a0Tenemos b\u00e1sicamente dos tipos proyectos de Cooperaci\u00f3n:<\/span><\/p>\n<p style=\"line-height: 1.5;\">&#8211; <span style=\"text-decoration: underline;\"><a title=\"Campa\u00f1a Socio-Sanitaria Anual\" href=\"https:\/\/www.asociacionaise.org\/?page_id=44\">Campa\u00f1a Socio-Sanitaria Anual<\/a><\/span>:<\/p>\n<p style=\"line-height: 1.5; text-align: justify;\">La Campa\u00f1a Socio-Sanitaria se realiza durante 35 d\u00edas de febrero a marzo cada a\u00f1o.<\/p>\n<p style=\"line-height: 1.5; text-align: justify;\">&#8211; <span style=\"text-decoration: underline;\"><a title=\"VOLUNTARIADO CONTINUADO\" href=\"https:\/\/www.asociacionaise.org\/?page_id=284\">Voluntariado Continuado<\/a>:<\/span><\/p>\n<p style=\"line-height: 1.5;\"><span style=\"line-height: 1.5;\">Varios proyectos de Voluntariado Continuado donde la estancia M\u00cdNIMA en Ecuador es de 1 o 2 meses (seg\u00fan zona y profesi\u00f3n).<\/span><\/p>\n","protected":false},"excerpt":{"rendered":"<p>\u00a0Tenemos b\u00e1sicamente dos tipos proyectos de Cooperaci\u00f3n: &#8211; Campa\u00f1a Socio-Sanitaria Anual: La Campa\u00f1a Socio-Sanitaria se realiza durante 35 d\u00edas de febrero a marzo cada a\u00f1o. &#8211; Voluntariado Continuado: Varios proyectos de Voluntariado Continuado donde la estancia M\u00cdNIMA en Ecuador es de 1 o 2 meses (seg\u00fan zona y profesi\u00f3n).<\/p>\n","protected":false},"author":5,"featured_media":0,"parent":0,"menu_order":2,"comment_status":"closed","ping_status":"open","template":"","meta":{"footnotes":""},"class_list":["post-41","page","type-page","status-publish","hentry"],"yoast_head":"<!-- This site is optimized with the Yoast SEO plugin v24.9 - https:\/\/yoast.com\/wordpress\/plugins\/seo\/ -->\n<title>QU\u00c9 HACEMOS - AISE<\/title>\n<meta name=\"robots\" content=\"index, follow, max-snippet:-1, max-image-preview:large, max-video-preview:-1\" \/>\n<link rel=\"canonical\" href=\"https:\/\/www.asociacionaise.org\/index.php\/proyectos\/\" \/>\n<meta property=\"og:locale\" content=\"es_ES\" \/>\n<meta property=\"og:type\" content=\"article\" \/>\n<meta property=\"og:title\" content=\"QU\u00c9 HACEMOS - AISE\" \/>\n<meta property=\"og:description\" content=\"\u00a0Tenemos b\u00e1sicamente dos tipos proyectos de Cooperaci\u00f3n: &#8211; Campa\u00f1a Socio-Sanitaria Anual: La Campa\u00f1a Socio-Sanitaria se realiza durante 35 d\u00edas de febrero a marzo cada a\u00f1o. &#8211; Voluntariado Continuado: Varios proyectos de Voluntariado Continuado donde la estancia M\u00cdNIMA en Ecuador es de 1 o 2 meses (seg\u00fan zona y profesi\u00f3n).\" \/>\n<meta property=\"og:url\" content=\"https:\/\/www.asociacionaise.org\/index.php\/proyectos\/\" \/>\n<meta property=\"og:site_name\" content=\"AISE\" \/>\n<meta property=\"article:publisher\" content=\"https:\/\/www.facebook.com\/AISEOrg\/\" \/>\n<meta property=\"article:modified_time\" content=\"2017-02-18T05:09:30+00:00\" \/>\n<meta name=\"twitter:card\" content=\"summary_large_image\" \/>\n<meta name=\"twitter:site\" content=\"@ASOCIACIONAISE\" \/>\n<script type=\"application\/ld+json\" class=\"yoast-schema-graph\">{\"@context\":\"https:\/\/schema.org\",\"@graph\":[{\"@type\":\"WebPage\",\"@id\":\"https:\/\/www.asociacionaise.org\/index.php\/proyectos\/\",\"url\":\"https:\/\/www.asociacionaise.org\/index.php\/proyectos\/\",\"name\":\"QU\u00c9 HACEMOS - AISE\",\"isPartOf\":{\"@id\":\"https:\/\/www.asociacionaise.org\/#website\"},\"datePublished\":\"2013-03-12T11:56:40+00:00\",\"dateModified\":\"2017-02-18T05:09:30+00:00\",\"breadcrumb\":{\"@id\":\"https:\/\/www.asociacionaise.org\/index.php\/proyectos\/#breadcrumb\"},\"inLanguage\":\"es\",\"potentialAction\":[{\"@type\":\"ReadAction\",\"target\":[\"https:\/\/www.asociacionaise.org\/index.php\/proyectos\/\"]}]},{\"@type\":\"BreadcrumbList\",\"@id\":\"https:\/\/www.asociacionaise.org\/index.php\/proyectos\/#breadcrumb\",\"itemListElement\":[{\"@type\":\"ListItem\",\"position\":1,\"name\":\"Portada\",\"item\":\"https:\/\/www.asociacionaise.org\/\"},{\"@type\":\"ListItem\",\"position\":2,\"name\":\"QU\u00c9 HACEMOS\"}]},{\"@type\":\"WebSite\",\"@id\":\"https:\/\/www.asociacionaise.org\/#website\",\"url\":\"https:\/\/www.asociacionaise.org\/\",\"name\":\"AISE\",\"description\":\"Asociaci\u00f3n Internacional de Sanitarios en Espa\u00f1a\",\"publisher\":{\"@id\":\"https:\/\/www.asociacionaise.org\/#organization\"},\"potentialAction\":[{\"@type\":\"SearchAction\",\"target\":{\"@type\":\"EntryPoint\",\"urlTemplate\":\"https:\/\/www.asociacionaise.org\/?s={search_term_string}\"},\"query-input\":{\"@type\":\"PropertyValueSpecification\",\"valueRequired\":true,\"valueName\":\"search_term_string\"}}],\"inLanguage\":\"es\"},{\"@type\":\"Organization\",\"@id\":\"https:\/\/www.asociacionaise.org\/#organization\",\"name\":\"Asociacion AISE\",\"url\":\"https:\/\/www.asociacionaise.org\/\",\"logo\":{\"@type\":\"ImageObject\",\"inLanguage\":\"es\",\"@id\":\"https:\/\/www.asociacionaise.org\/#\/schema\/logo\/image\/\",\"url\":\"http:\/\/www.asociacionaise.org\/wp-content\/uploads\/2020\/02\/logo256.png\",\"contentUrl\":\"http:\/\/www.asociacionaise.org\/wp-content\/uploads\/2020\/02\/logo256.png\",\"width\":256,\"height\":256,\"caption\":\"Asociacion AISE\"},\"image\":{\"@id\":\"https:\/\/www.asociacionaise.org\/#\/schema\/logo\/image\/\"},\"sameAs\":[\"https:\/\/www.facebook.com\/AISEOrg\/\",\"https:\/\/x.com\/ASOCIACIONAISE\",\"https:\/\/www.instagram.com\/aise_voluntariado\/\",\"https:\/\/www.linkedin.com\/in\/asociacion-aise-64a445147\/\"]}]}<\/script>\n<!-- \/ Yoast SEO plugin. -->","yoast_head_json":{"title":"QU\u00c9 HACEMOS - AISE","robots":{"index":"index","follow":"follow","max-snippet":"max-snippet:-1","max-image-preview":"max-image-preview:large","max-video-preview":"max-video-preview:-1"},"canonical":"https:\/\/www.asociacionaise.org\/index.php\/proyectos\/","og_locale":"es_ES","og_type":"article","og_title":"QU\u00c9 HACEMOS - AISE","og_description":"\u00a0Tenemos b\u00e1sicamente dos tipos proyectos de Cooperaci\u00f3n: &#8211; Campa\u00f1a Socio-Sanitaria Anual: La Campa\u00f1a Socio-Sanitaria se realiza durante 35 d\u00edas de febrero a marzo cada a\u00f1o. &#8211; Voluntariado Continuado: Varios proyectos de Voluntariado Continuado donde la estancia M\u00cdNIMA en Ecuador es de 1 o 2 meses (seg\u00fan zona y profesi\u00f3n).","og_url":"https:\/\/www.asociacionaise.org\/index.php\/proyectos\/","og_site_name":"AISE","article_publisher":"https:\/\/www.facebook.com\/AISEOrg\/","article_modified_time":"2017-02-18T05:09:30+00:00","twitter_card":"summary_large_image","twitter_site":"@ASOCIACIONAISE","schema":{"@context":"https:\/\/schema.org","@graph":[{"@type":"WebPage","@id":"https:\/\/www.asociacionaise.org\/index.php\/proyectos\/","url":"https:\/\/www.asociacionaise.org\/index.php\/proyectos\/","name":"QU\u00c9 HACEMOS - AISE","isPartOf":{"@id":"https:\/\/www.asociacionaise.org\/#website"},"datePublished":"2013-03-12T11:56:40+00:00","dateModified":"2017-02-18T05:09:30+00:00","breadcrumb":{"@id":"https:\/\/www.asociacionaise.org\/index.php\/proyectos\/#breadcrumb"},"inLanguage":"es","potentialAction":[{"@type":"ReadAction","target":["https:\/\/www.asociacionaise.org\/index.php\/proyectos\/"]}]},{"@type":"BreadcrumbList","@id":"https:\/\/www.asociacionaise.org\/index.php\/proyectos\/#breadcrumb","itemListElement":[{"@type":"ListItem","position":1,"name":"Portada","item":"https:\/\/www.asociacionaise.org\/"},{"@type":"ListItem","position":2,"name":"QU\u00c9 HACEMOS"}]},{"@type":"WebSite","@id":"https:\/\/www.asociacionaise.org\/#website","url":"https:\/\/www.asociacionaise.org\/","name":"AISE","description":"Asociaci\u00f3n Internacional de Sanitarios en Espa\u00f1a","publisher":{"@id":"https:\/\/www.asociacionaise.org\/#organization"},"potentialAction":[{"@type":"SearchAction","target":{"@type":"EntryPoint","urlTemplate":"https:\/\/www.asociacionaise.org\/?s={search_term_string}"},"query-input":{"@type":"PropertyValueSpecification","valueRequired":true,"valueName":"search_term_string"}}],"inLanguage":"es"},{"@type":"Organization","@id":"https:\/\/www.asociacionaise.org\/#organization","name":"Asociacion AISE","url":"https:\/\/www.asociacionaise.org\/","logo":{"@type":"ImageObject","inLanguage":"es","@id":"https:\/\/www.asociacionaise.org\/#\/schema\/logo\/image\/","url":"http:\/\/www.asociacionaise.org\/wp-content\/uploads\/2020\/02\/logo256.png","contentUrl":"http:\/\/www.asociacionaise.org\/wp-content\/uploads\/2020\/02\/logo256.png","width":256,"height":256,"caption":"Asociacion AISE"},"image":{"@id":"https:\/\/www.asociacionaise.org\/#\/schema\/logo\/image\/"},"sameAs":["https:\/\/www.facebook.com\/AISEOrg\/","https:\/\/x.com\/ASOCIACIONAISE","https:\/\/www.instagram.com\/aise_voluntariado\/","https:\/\/www.linkedin.com\/in\/asociacion-aise-64a445147\/"]}]}},"_links":{"self":[{"href":"https:\/\/www.asociacionaise.org\/index.php\/wp-json\/wp\/v2\/pages\/41","targetHints":{"allow":["GET"]}}],"collection":[{"href":"https:\/\/www.asociacionaise.org\/index.php\/wp-json\/wp\/v2\/pages"}],"about":[{"href":"https:\/\/www.asociacionaise.org\/index.php\/wp-json\/wp\/v2\/types\/page"}],"author":[{"embeddable":true,"href":"https:\/\/www.asociacionaise.org\/index.php\/wp-json\/wp\/v2\/users\/5"}],"replies":[{"embeddable":true,"href":"https:\/\/www.asociacionaise.org\/index.php\/wp-json\/wp\/v2\/comments?post=41"}],"version-history":[{"count":17,"href":"https:\/\/www.asociacionaise.org\/index.php\/wp-json\/wp\/v2\/pages\/41\/revisions"}],"predecessor-version":[{"id":511,"href":"https:\/\/www.asociacionaise.org\/index.php\/wp-json\/wp\/v2\/pages\/41\/revisions\/511"}],"wp:attachment":[{"href":"https:\/\/www.asociacionaise.org\/index.php\/wp-json\/wp\/v2\/media?parent=41"}],"curies":[{"name":"wp","href":"https:\/\/api.w.org\/{rel}","templated":true}]}}