{"id":3822,"date":"2017-12-18T12:00:19","date_gmt":"2017-12-18T12:00:19","guid":{"rendered":"http:\/\/www.asociacionaise.org\/?page_id=3822"},"modified":"2017-12-18T12:24:34","modified_gmt":"2017-12-18T12:24:34","slug":"ayuda-humanitaria-en-las-inundaciones-de-peru","status":"publish","type":"page","link":"https:\/\/www.asociacionaise.org\/index.php\/proyectos\/proyectos-finalizados\/ayuda-humanitaria-en-las-inundaciones-de-peru\/","title":{"rendered":"Ayuda Humanitaria en la Inundaciones de Per\u00fa"},"content":{"rendered":"<p><img loading=\"lazy\" decoding=\"async\" class=\"size-medium wp-image-3827 alignleft\" src=\"https:\/\/www.asociacionaise.org\/wp-content\/uploads\/2017\/12\/in-225x300.jpg\" alt=\"\" width=\"225\" height=\"300\" srcset=\"https:\/\/www.asociacionaise.org\/wp-content\/uploads\/2017\/12\/in-225x300.jpg 225w, https:\/\/www.asociacionaise.org\/wp-content\/uploads\/2017\/12\/in.jpg 720w\" sizes=\"auto, (max-width: 225px) 100vw, 225px\" \/>En el mes de abril de 2017,\u00a0con la presencia del Fen\u00f3meno natural de El Ni\u00f1o Costero en Per\u00fa empeoraron las ya malas condiciones de vida que sufren las comunidades. Dicho\u00a0fen\u00f3meno en el norte de Per\u00fa ha sido de una magnitud devastadora, calific\u00e1ndose como desastre natural. El \u00faltimo desborde del r\u00edo Piura ha cubierto poblaciones enteras de lodo y agua hasta una altura de metro y medio, dejando una estela de destrucci\u00f3n de m\u00e1s de 20.000 damnificados y cerca de 250.000 afectados.\u00a0Las aguas estancadas se convirtieron en un foco de numerosas enfermedades como Leptospirosis, C\u00f3lera, Dengue, Parasitosis, entre muchas otras, siendo los ni\u00f1os el grupo de poblaci\u00f3n m\u00e1s vulnerable.<\/p>\n<p>Bajo la iniciativa de cinco voluntarios que se encontraban en Ecuador, AISE se moviliz\u00f3 desde diferentes puntos de Espa\u00f1a, Ecuador y Per\u00fa para dar soporte a los afectados con distintas actuaciones. Nuestra objetivo principal era brindar\u00a0la m\u00e1xima atenci\u00f3n socio-sanitaria b\u00e1sica posible e implementar charlas que permitieran desarrollar mecanismos de autoformaci\u00f3n en la poblaci\u00f3n para la prevenci\u00f3n y propagaci\u00f3n de enfermedades al cercado, asentamientos humanos y zonas urbanas marginales y rurales dispersas en el Distrito de Bellavista, provincias de Sullan y Piura, en Per\u00fa.<\/p>\n<p><img loading=\"lazy\" decoding=\"async\" class=\"size-medium wp-image-3826 alignright\" src=\"https:\/\/www.asociacionaise.org\/wp-content\/uploads\/2017\/12\/IMG_3106-300x300.jpg\" alt=\"\" width=\"300\" height=\"300\" srcset=\"https:\/\/www.asociacionaise.org\/wp-content\/uploads\/2017\/12\/IMG_3106-300x300.jpg 300w, https:\/\/www.asociacionaise.org\/wp-content\/uploads\/2017\/12\/IMG_3106-150x150.jpg 150w, https:\/\/www.asociacionaise.org\/wp-content\/uploads\/2017\/12\/IMG_3106.jpg 642w\" sizes=\"auto, (max-width: 300px) 100vw, 300px\" \/>Desde el mes de abril hasta octubre de 2017, se consigui\u00f3 enviar al lugar del desastre un total de 18 voluntarios entre m\u00e9dicos, enfermeros, psic\u00f3logos y farmac\u00e9uticos. Se han recaudado kilos de medicaci\u00f3n y material de toda Espa\u00f1a que ellos mismos transportaron al terreno.<\/p>\n<p>A su vez se recibieron casi 2.000 euros en donaciones de muchas personas que se sensibilizaron con la causa, las cuales se destinaron a la compra de material de primera necesidad, como material de higiene y comida.<\/p>\n<p>Adem\u00e1s se apoy\u00f3 f\u00edsica y econ\u00f3micamente a la nueva Asociaci\u00f3n de Artesanas damnificadas de Pedregal con el fin de recuperar la econom\u00eda de muchas familias del lugar.<\/p>\n<p>Todo ello fue posible gracias a la ayuda log\u00edstica en Per\u00fa de la Fundaci\u00f3n Amanecer, de Miriam Yarleque, Hary Martin y de los cinco voluntarios que impulsaron el proyecto (Carlos Ruiz, Luc\u00eda Ruiz, Laura G\u00f3mez, Mar\u00eda Estrada y Luis Perea).<\/p>\n<p>Pronto colgaremos la memoria del proyecto para que teng\u00e1is los detalles.<\/p>\n<p>&nbsp;<\/p>\n","protected":false},"excerpt":{"rendered":"<p>En el mes de abril de 2017,\u00a0con la presencia del Fen\u00f3meno natural de El Ni\u00f1o Costero en Per\u00fa empeoraron las ya malas condiciones de vida que sufren las comunidades. Dicho\u00a0fen\u00f3meno en el norte de Per\u00fa ha sido de una magnitud devastadora, calific\u00e1ndose como desastre natural. El \u00faltimo desborde del r\u00edo Piura ha cubierto poblaciones enteras [&hellip;]<\/p>\n","protected":false},"author":5,"featured_media":0,"parent":2602,"menu_order":1,"comment_status":"closed","ping_status":"closed","template":"","meta":{"footnotes":""},"class_list":["post-3822","page","type-page","status-publish","hentry"],"yoast_head":"<!-- This site is optimized with the Yoast SEO plugin v24.9 - https:\/\/yoast.com\/wordpress\/plugins\/seo\/ -->\n<title>Ayuda Humanitaria en la Inundaciones de Per\u00fa - AISE<\/title>\n<meta name=\"robots\" content=\"index, follow, max-snippet:-1, max-image-preview:large, max-video-preview:-1\" \/>\n<link rel=\"canonical\" href=\"https:\/\/www.asociacionaise.org\/index.php\/proyectos\/proyectos-finalizados\/ayuda-humanitaria-en-las-inundaciones-de-peru\/\" \/>\n<meta property=\"og:locale\" content=\"es_ES\" \/>\n<meta property=\"og:type\" content=\"article\" \/>\n<meta property=\"og:title\" content=\"Ayuda Humanitaria en la Inundaciones de Per\u00fa - AISE\" \/>\n<meta property=\"og:description\" content=\"En el mes de abril de 2017,\u00a0con la presencia del Fen\u00f3meno natural de El Ni\u00f1o Costero en Per\u00fa empeoraron las ya malas condiciones de vida que sufren las comunidades. Dicho\u00a0fen\u00f3meno en el norte de Per\u00fa ha sido de una magnitud devastadora, calific\u00e1ndose como desastre natural. El \u00faltimo desborde del r\u00edo Piura ha cubierto poblaciones enteras [&hellip;]\" \/>\n<meta property=\"og:url\" content=\"https:\/\/www.asociacionaise.org\/index.php\/proyectos\/proyectos-finalizados\/ayuda-humanitaria-en-las-inundaciones-de-peru\/\" \/>\n<meta property=\"og:site_name\" content=\"AISE\" \/>\n<meta property=\"article:publisher\" content=\"https:\/\/www.facebook.com\/AISEOrg\/\" \/>\n<meta property=\"article:modified_time\" content=\"2017-12-18T12:24:34+00:00\" \/>\n<meta property=\"og:image\" content=\"http:\/\/www.asociacionaise.org\/wp-content\/uploads\/2017\/12\/in-225x300.jpg\" \/>\n<meta name=\"twitter:card\" content=\"summary_large_image\" \/>\n<meta name=\"twitter:site\" content=\"@ASOCIACIONAISE\" \/>\n<meta name=\"twitter:label1\" content=\"Tiempo de lectura\" \/>\n\t<meta name=\"twitter:data1\" content=\"2 minutos\" \/>\n<script type=\"application\/ld+json\" class=\"yoast-schema-graph\">{\"@context\":\"https:\/\/schema.org\",\"@graph\":[{\"@type\":\"WebPage\",\"@id\":\"https:\/\/www.asociacionaise.org\/index.php\/proyectos\/proyectos-finalizados\/ayuda-humanitaria-en-las-inundaciones-de-peru\/\",\"url\":\"https:\/\/www.asociacionaise.org\/index.php\/proyectos\/proyectos-finalizados\/ayuda-humanitaria-en-las-inundaciones-de-peru\/\",\"name\":\"Ayuda Humanitaria en la Inundaciones de Per\u00fa - AISE\",\"isPartOf\":{\"@id\":\"https:\/\/www.asociacionaise.org\/#website\"},\"primaryImageOfPage\":{\"@id\":\"https:\/\/www.asociacionaise.org\/index.php\/proyectos\/proyectos-finalizados\/ayuda-humanitaria-en-las-inundaciones-de-peru\/#primaryimage\"},\"image\":{\"@id\":\"https:\/\/www.asociacionaise.org\/index.php\/proyectos\/proyectos-finalizados\/ayuda-humanitaria-en-las-inundaciones-de-peru\/#primaryimage\"},\"thumbnailUrl\":\"http:\/\/www.asociacionaise.org\/wp-content\/uploads\/2017\/12\/in-225x300.jpg\",\"datePublished\":\"2017-12-18T12:00:19+00:00\",\"dateModified\":\"2017-12-18T12:24:34+00:00\",\"breadcrumb\":{\"@id\":\"https:\/\/www.asociacionaise.org\/index.php\/proyectos\/proyectos-finalizados\/ayuda-humanitaria-en-las-inundaciones-de-peru\/#breadcrumb\"},\"inLanguage\":\"es\",\"potentialAction\":[{\"@type\":\"ReadAction\",\"target\":[\"https:\/\/www.asociacionaise.org\/index.php\/proyectos\/proyectos-finalizados\/ayuda-humanitaria-en-las-inundaciones-de-peru\/\"]}]},{\"@type\":\"ImageObject\",\"inLanguage\":\"es\",\"@id\":\"https:\/\/www.asociacionaise.org\/index.php\/proyectos\/proyectos-finalizados\/ayuda-humanitaria-en-las-inundaciones-de-peru\/#primaryimage\",\"url\":\"https:\/\/www.asociacionaise.org\/wp-content\/uploads\/2017\/12\/in.jpg\",\"contentUrl\":\"https:\/\/www.asociacionaise.org\/wp-content\/uploads\/2017\/12\/in.jpg\",\"width\":720,\"height\":960},{\"@type\":\"BreadcrumbList\",\"@id\":\"https:\/\/www.asociacionaise.org\/index.php\/proyectos\/proyectos-finalizados\/ayuda-humanitaria-en-las-inundaciones-de-peru\/#breadcrumb\",\"itemListElement\":[{\"@type\":\"ListItem\",\"position\":1,\"name\":\"Portada\",\"item\":\"https:\/\/www.asociacionaise.org\/\"},{\"@type\":\"ListItem\",\"position\":2,\"name\":\"QU\u00c9 HACEMOS\",\"item\":\"https:\/\/www.asociacionaise.org\/index.php\/proyectos\/\"},{\"@type\":\"ListItem\",\"position\":3,\"name\":\"PROYECTOS FINALIZADOS\",\"item\":\"https:\/\/www.asociacionaise.org\/index.php\/proyectos\/proyectos-finalizados\/\"},{\"@type\":\"ListItem\",\"position\":4,\"name\":\"Ayuda Humanitaria en la Inundaciones de Per\u00fa\"}]},{\"@type\":\"WebSite\",\"@id\":\"https:\/\/www.asociacionaise.org\/#website\",\"url\":\"https:\/\/www.asociacionaise.org\/\",\"name\":\"AISE\",\"description\":\"Asociaci\u00f3n Internacional de Sanitarios en Espa\u00f1a\",\"publisher\":{\"@id\":\"https:\/\/www.asociacionaise.org\/#organization\"},\"potentialAction\":[{\"@type\":\"SearchAction\",\"target\":{\"@type\":\"EntryPoint\",\"urlTemplate\":\"https:\/\/www.asociacionaise.org\/?s={search_term_string}\"},\"query-input\":{\"@type\":\"PropertyValueSpecification\",\"valueRequired\":true,\"valueName\":\"search_term_string\"}}],\"inLanguage\":\"es\"},{\"@type\":\"Organization\",\"@id\":\"https:\/\/www.asociacionaise.org\/#organization\",\"name\":\"Asociacion AISE\",\"url\":\"https:\/\/www.asociacionaise.org\/\",\"logo\":{\"@type\":\"ImageObject\",\"inLanguage\":\"es\",\"@id\":\"https:\/\/www.asociacionaise.org\/#\/schema\/logo\/image\/\",\"url\":\"http:\/\/www.asociacionaise.org\/wp-content\/uploads\/2020\/02\/logo256.png\",\"contentUrl\":\"http:\/\/www.asociacionaise.org\/wp-content\/uploads\/2020\/02\/logo256.png\",\"width\":256,\"height\":256,\"caption\":\"Asociacion AISE\"},\"image\":{\"@id\":\"https:\/\/www.asociacionaise.org\/#\/schema\/logo\/image\/\"},\"sameAs\":[\"https:\/\/www.facebook.com\/AISEOrg\/\",\"https:\/\/x.com\/ASOCIACIONAISE\",\"https:\/\/www.instagram.com\/aise_voluntariado\/\",\"https:\/\/www.linkedin.com\/in\/asociacion-aise-64a445147\/\"]}]}<\/script>\n<!-- \/ Yoast SEO plugin. -->","yoast_head_json":{"title":"Ayuda Humanitaria en la Inundaciones de Per\u00fa - AISE","robots":{"index":"index","follow":"follow","max-snippet":"max-snippet:-1","max-image-preview":"max-image-preview:large","max-video-preview":"max-video-preview:-1"},"canonical":"https:\/\/www.asociacionaise.org\/index.php\/proyectos\/proyectos-finalizados\/ayuda-humanitaria-en-las-inundaciones-de-peru\/","og_locale":"es_ES","og_type":"article","og_title":"Ayuda Humanitaria en la Inundaciones de Per\u00fa - AISE","og_description":"En el mes de abril de 2017,\u00a0con la presencia del Fen\u00f3meno natural de El Ni\u00f1o Costero en Per\u00fa empeoraron las ya malas condiciones de vida que sufren las comunidades. Dicho\u00a0fen\u00f3meno en el norte de Per\u00fa ha sido de una magnitud devastadora, calific\u00e1ndose como desastre natural. El \u00faltimo desborde del r\u00edo Piura ha cubierto poblaciones enteras [&hellip;]","og_url":"https:\/\/www.asociacionaise.org\/index.php\/proyectos\/proyectos-finalizados\/ayuda-humanitaria-en-las-inundaciones-de-peru\/","og_site_name":"AISE","article_publisher":"https:\/\/www.facebook.com\/AISEOrg\/","article_modified_time":"2017-12-18T12:24:34+00:00","og_image":[{"url":"http:\/\/www.asociacionaise.org\/wp-content\/uploads\/2017\/12\/in-225x300.jpg","type":"","width":"","height":""}],"twitter_card":"summary_large_image","twitter_site":"@ASOCIACIONAISE","twitter_misc":{"Tiempo de lectura":"2 minutos"},"schema":{"@context":"https:\/\/schema.org","@graph":[{"@type":"WebPage","@id":"https:\/\/www.asociacionaise.org\/index.php\/proyectos\/proyectos-finalizados\/ayuda-humanitaria-en-las-inundaciones-de-peru\/","url":"https:\/\/www.asociacionaise.org\/index.php\/proyectos\/proyectos-finalizados\/ayuda-humanitaria-en-las-inundaciones-de-peru\/","name":"Ayuda Humanitaria en la Inundaciones de Per\u00fa - AISE","isPartOf":{"@id":"https:\/\/www.asociacionaise.org\/#website"},"primaryImageOfPage":{"@id":"https:\/\/www.asociacionaise.org\/index.php\/proyectos\/proyectos-finalizados\/ayuda-humanitaria-en-las-inundaciones-de-peru\/#primaryimage"},"image":{"@id":"https:\/\/www.asociacionaise.org\/index.php\/proyectos\/proyectos-finalizados\/ayuda-humanitaria-en-las-inundaciones-de-peru\/#primaryimage"},"thumbnailUrl":"http:\/\/www.asociacionaise.org\/wp-content\/uploads\/2017\/12\/in-225x300.jpg","datePublished":"2017-12-18T12:00:19+00:00","dateModified":"2017-12-18T12:24:34+00:00","breadcrumb":{"@id":"https:\/\/www.asociacionaise.org\/index.php\/proyectos\/proyectos-finalizados\/ayuda-humanitaria-en-las-inundaciones-de-peru\/#breadcrumb"},"inLanguage":"es","potentialAction":[{"@type":"ReadAction","target":["https:\/\/www.asociacionaise.org\/index.php\/proyectos\/proyectos-finalizados\/ayuda-humanitaria-en-las-inundaciones-de-peru\/"]}]},{"@type":"ImageObject","inLanguage":"es","@id":"https:\/\/www.asociacionaise.org\/index.php\/proyectos\/proyectos-finalizados\/ayuda-humanitaria-en-las-inundaciones-de-peru\/#primaryimage","url":"https:\/\/www.asociacionaise.org\/wp-content\/uploads\/2017\/12\/in.jpg","contentUrl":"https:\/\/www.asociacionaise.org\/wp-content\/uploads\/2017\/12\/in.jpg","width":720,"height":960},{"@type":"BreadcrumbList","@id":"https:\/\/www.asociacionaise.org\/index.php\/proyectos\/proyectos-finalizados\/ayuda-humanitaria-en-las-inundaciones-de-peru\/#breadcrumb","itemListElement":[{"@type":"ListItem","position":1,"name":"Portada","item":"https:\/\/www.asociacionaise.org\/"},{"@type":"ListItem","position":2,"name":"QU\u00c9 HACEMOS","item":"https:\/\/www.asociacionaise.org\/index.php\/proyectos\/"},{"@type":"ListItem","position":3,"name":"PROYECTOS FINALIZADOS","item":"https:\/\/www.asociacionaise.org\/index.php\/proyectos\/proyectos-finalizados\/"},{"@type":"ListItem","position":4,"name":"Ayuda Humanitaria en la Inundaciones de Per\u00fa"}]},{"@type":"WebSite","@id":"https:\/\/www.asociacionaise.org\/#website","url":"https:\/\/www.asociacionaise.org\/","name":"AISE","description":"Asociaci\u00f3n Internacional de Sanitarios en Espa\u00f1a","publisher":{"@id":"https:\/\/www.asociacionaise.org\/#organization"},"potentialAction":[{"@type":"SearchAction","target":{"@type":"EntryPoint","urlTemplate":"https:\/\/www.asociacionaise.org\/?s={search_term_string}"},"query-input":{"@type":"PropertyValueSpecification","valueRequired":true,"valueName":"search_term_string"}}],"inLanguage":"es"},{"@type":"Organization","@id":"https:\/\/www.asociacionaise.org\/#organization","name":"Asociacion AISE","url":"https:\/\/www.asociacionaise.org\/","logo":{"@type":"ImageObject","inLanguage":"es","@id":"https:\/\/www.asociacionaise.org\/#\/schema\/logo\/image\/","url":"http:\/\/www.asociacionaise.org\/wp-content\/uploads\/2020\/02\/logo256.png","contentUrl":"http:\/\/www.asociacionaise.org\/wp-content\/uploads\/2020\/02\/logo256.png","width":256,"height":256,"caption":"Asociacion AISE"},"image":{"@id":"https:\/\/www.asociacionaise.org\/#\/schema\/logo\/image\/"},"sameAs":["https:\/\/www.facebook.com\/AISEOrg\/","https:\/\/x.com\/ASOCIACIONAISE","https:\/\/www.instagram.com\/aise_voluntariado\/","https:\/\/www.linkedin.com\/in\/asociacion-aise-64a445147\/"]}]}},"_links":{"self":[{"href":"https:\/\/www.asociacionaise.org\/index.php\/wp-json\/wp\/v2\/pages\/3822","targetHints":{"allow":["GET"]}}],"collection":[{"href":"https:\/\/www.asociacionaise.org\/index.php\/wp-json\/wp\/v2\/pages"}],"about":[{"href":"https:\/\/www.asociacionaise.org\/index.php\/wp-json\/wp\/v2\/types\/page"}],"author":[{"embeddable":true,"href":"https:\/\/www.asociacionaise.org\/index.php\/wp-json\/wp\/v2\/users\/5"}],"replies":[{"embeddable":true,"href":"https:\/\/www.asociacionaise.org\/index.php\/wp-json\/wp\/v2\/comments?post=3822"}],"version-history":[{"count":4,"href":"https:\/\/www.asociacionaise.org\/index.php\/wp-json\/wp\/v2\/pages\/3822\/revisions"}],"predecessor-version":[{"id":3830,"href":"https:\/\/www.asociacionaise.org\/index.php\/wp-json\/wp\/v2\/pages\/3822\/revisions\/3830"}],"up":[{"embeddable":true,"href":"https:\/\/www.asociacionaise.org\/index.php\/wp-json\/wp\/v2\/pages\/2602"}],"wp:attachment":[{"href":"https:\/\/www.asociacionaise.org\/index.php\/wp-json\/wp\/v2\/media?parent=3822"}],"curies":[{"name":"wp","href":"https:\/\/api.w.org\/{rel}","templated":true}]}}