{"id":3813,"date":"2017-12-18T11:30:32","date_gmt":"2017-12-18T11:30:32","guid":{"rendered":"http:\/\/www.asociacionaise.org\/?page_id=3813"},"modified":"2017-12-20T04:39:18","modified_gmt":"2017-12-20T04:39:18","slug":"ayuda-humanitaria-en-el-terremoto","status":"publish","type":"page","link":"https:\/\/www.asociacionaise.org\/index.php\/proyectos\/proyectos-finalizados\/ayuda-humanitaria-en-el-terremoto\/","title":{"rendered":"Ayuda Humanitaria en el Terremoto"},"content":{"rendered":"<p>El 16 de abril de 2016 se produjo un se\u00edsmo de magnitud 7,8 en la escala Richter cerca de la costa de Ecuador, causando al menos 670 fallecidos, 12 desaparecidos, 6.274 heridos registrados en los tres primeros d\u00edas (afectados directos), 28.678 albergados y 113 personas rescatadas con vida de entre los escombros (seg\u00fan Informe de Situaci\u00f3n N\u00b071 elaborado por la Secretar\u00eda de Gesti\u00f3n de Riesgos del Ecuador).<\/p>\n<p><img loading=\"lazy\" decoding=\"async\" class=\"size-medium wp-image-3816 alignleft\" src=\"https:\/\/www.asociacionaise.org\/wp-content\/uploads\/2017\/12\/IMG_3524-165x300.jpg\" alt=\"\" width=\"165\" height=\"300\" srcset=\"https:\/\/www.asociacionaise.org\/wp-content\/uploads\/2017\/12\/IMG_3524-165x300.jpg 165w, https:\/\/www.asociacionaise.org\/wp-content\/uploads\/2017\/12\/IMG_3524.jpg 528w\" sizes=\"auto, (max-width: 165px) 100vw, 165px\" \/>El terremoto tuvo epicentro en el Oc\u00e9ano Pac\u00edfico a 28km de la costa ecuatoriana, en el coraz\u00f3n tur\u00edstico nacional e internacional del pa\u00eds, afectando especialmente a las localidades de Manta, Portoviejo y Pedernales y durando cerca de un minuto.<\/p>\n<p>Desde el primer momento AISE se moviliz\u00f3 desde diferentes puntos de Espa\u00f1a y Ecuador para dar soporte a los afectados con distintas actuaciones.<\/p>\n<p>Un total de 19 profesionales han sido los voluntarios que han colaborado en las zonas m\u00e1s afectadas por el terremoto desde el 25 de abril al 27 de agosto de 2016. La Fundaci\u00f3n Solidaridad Ecuador ha realizado las gestiones para acoger a dichos profesionales, la log\u00edstica y alimentaci\u00f3n ha sido cubierta por el GAD El Empalme y el alojamiento por el Rotary Club Chone. Gracias a ellos ha sido posible ofrecer soporte en las zonas de Canoa, Perdernales, Bah\u00eda de Cadaquez, Chone, Canuto, Portoviejo y todos los alrededores de cada uno de estos lugares.<\/p>\n<p><img loading=\"lazy\" decoding=\"async\" class=\"size-medium wp-image-3815 alignright\" src=\"https:\/\/www.asociacionaise.org\/wp-content\/uploads\/2017\/12\/IMG_5098-300x180.jpg\" alt=\"\" width=\"300\" height=\"180\" srcset=\"https:\/\/www.asociacionaise.org\/wp-content\/uploads\/2017\/12\/IMG_5098-300x180.jpg 300w, https:\/\/www.asociacionaise.org\/wp-content\/uploads\/2017\/12\/IMG_5098-768x461.jpg 768w, https:\/\/www.asociacionaise.org\/wp-content\/uploads\/2017\/12\/IMG_5098-1024x614.jpg 1024w, https:\/\/www.asociacionaise.org\/wp-content\/uploads\/2017\/12\/IMG_5098.jpg 1280w\" sizes=\"auto, (max-width: 300px) 100vw, 300px\" \/>Desde Barcelona se consigui\u00f3 m\u00e1s de 100kg de medicaci\u00f3n y material sanitario desde el mes de abril hasta finalizar la ayuda humanitaria en el mes de septiembre, gracias a voluntarios que se esforzaron por donar y a responsables de zona que se encargaron de reunir y enviar a nuestra sede todo el material recaudado en\u00a0su ciudad de residencia.<\/p>\n<p>A su vez, se recaudaron un total de\u00a0 2.626,22 euros (2.202,41$) de personas sensibilizadas por la causa que hicieron sus donativos.\u00a0El dinero reunido se utiliz\u00f3 para mejorar los albergues de los damnificados del <em>Refugio San Roque\u00a0<\/em>de <em>Bah\u00eda de Car\u00e1quez.<\/em><\/p>\n<p>Aqu\u00ed ten\u00e9is los detalles del trabajo realizado:\u00a0<a href=\"https:\/\/www.asociacionaise.org\/wp-content\/uploads\/2017\/12\/MEMORIA-TERREMOTO-2016.pdf\">MEMORIA TERREMOTO 2016<\/a><\/p>\n<p>&nbsp;<\/p>\n","protected":false},"excerpt":{"rendered":"<p>El 16 de abril de 2016 se produjo un se\u00edsmo de magnitud 7,8 en la escala Richter cerca de la costa de Ecuador, causando al menos 670 fallecidos, 12 desaparecidos, 6.274 heridos registrados en los tres primeros d\u00edas (afectados directos), 28.678 albergados y 113 personas rescatadas con vida de entre los escombros (seg\u00fan Informe de [&hellip;]<\/p>\n","protected":false},"author":5,"featured_media":0,"parent":2602,"menu_order":1,"comment_status":"closed","ping_status":"closed","template":"","meta":{"footnotes":""},"class_list":["post-3813","page","type-page","status-publish","hentry"],"yoast_head":"<!-- This site is optimized with the Yoast SEO plugin v24.9 - https:\/\/yoast.com\/wordpress\/plugins\/seo\/ -->\n<title>Ayuda Humanitaria en el Terremoto - AISE<\/title>\n<meta name=\"robots\" content=\"index, follow, max-snippet:-1, max-image-preview:large, max-video-preview:-1\" \/>\n<link rel=\"canonical\" href=\"https:\/\/www.asociacionaise.org\/index.php\/proyectos\/proyectos-finalizados\/ayuda-humanitaria-en-el-terremoto\/\" \/>\n<meta property=\"og:locale\" content=\"es_ES\" \/>\n<meta property=\"og:type\" content=\"article\" \/>\n<meta property=\"og:title\" content=\"Ayuda Humanitaria en el Terremoto - AISE\" \/>\n<meta property=\"og:description\" content=\"El 16 de abril de 2016 se produjo un se\u00edsmo de magnitud 7,8 en la escala Richter cerca de la costa de Ecuador, causando al menos 670 fallecidos, 12 desaparecidos, 6.274 heridos registrados en los tres primeros d\u00edas (afectados directos), 28.678 albergados y 113 personas rescatadas con vida de entre los escombros (seg\u00fan Informe de [&hellip;]\" \/>\n<meta property=\"og:url\" content=\"https:\/\/www.asociacionaise.org\/index.php\/proyectos\/proyectos-finalizados\/ayuda-humanitaria-en-el-terremoto\/\" \/>\n<meta property=\"og:site_name\" content=\"AISE\" \/>\n<meta property=\"article:publisher\" content=\"https:\/\/www.facebook.com\/AISEOrg\/\" \/>\n<meta property=\"article:modified_time\" content=\"2017-12-20T04:39:18+00:00\" \/>\n<meta property=\"og:image\" content=\"http:\/\/www.asociacionaise.org\/wp-content\/uploads\/2017\/12\/IMG_3524-165x300.jpg\" \/>\n<meta name=\"twitter:card\" content=\"summary_large_image\" \/>\n<meta name=\"twitter:site\" content=\"@ASOCIACIONAISE\" \/>\n<meta name=\"twitter:label1\" content=\"Tiempo de lectura\" \/>\n\t<meta name=\"twitter:data1\" content=\"2 minutos\" \/>\n<script type=\"application\/ld+json\" class=\"yoast-schema-graph\">{\"@context\":\"https:\/\/schema.org\",\"@graph\":[{\"@type\":\"WebPage\",\"@id\":\"https:\/\/www.asociacionaise.org\/index.php\/proyectos\/proyectos-finalizados\/ayuda-humanitaria-en-el-terremoto\/\",\"url\":\"https:\/\/www.asociacionaise.org\/index.php\/proyectos\/proyectos-finalizados\/ayuda-humanitaria-en-el-terremoto\/\",\"name\":\"Ayuda Humanitaria en el Terremoto - AISE\",\"isPartOf\":{\"@id\":\"https:\/\/www.asociacionaise.org\/#website\"},\"primaryImageOfPage\":{\"@id\":\"https:\/\/www.asociacionaise.org\/index.php\/proyectos\/proyectos-finalizados\/ayuda-humanitaria-en-el-terremoto\/#primaryimage\"},\"image\":{\"@id\":\"https:\/\/www.asociacionaise.org\/index.php\/proyectos\/proyectos-finalizados\/ayuda-humanitaria-en-el-terremoto\/#primaryimage\"},\"thumbnailUrl\":\"http:\/\/www.asociacionaise.org\/wp-content\/uploads\/2017\/12\/IMG_3524-165x300.jpg\",\"datePublished\":\"2017-12-18T11:30:32+00:00\",\"dateModified\":\"2017-12-20T04:39:18+00:00\",\"breadcrumb\":{\"@id\":\"https:\/\/www.asociacionaise.org\/index.php\/proyectos\/proyectos-finalizados\/ayuda-humanitaria-en-el-terremoto\/#breadcrumb\"},\"inLanguage\":\"es\",\"potentialAction\":[{\"@type\":\"ReadAction\",\"target\":[\"https:\/\/www.asociacionaise.org\/index.php\/proyectos\/proyectos-finalizados\/ayuda-humanitaria-en-el-terremoto\/\"]}]},{\"@type\":\"ImageObject\",\"inLanguage\":\"es\",\"@id\":\"https:\/\/www.asociacionaise.org\/index.php\/proyectos\/proyectos-finalizados\/ayuda-humanitaria-en-el-terremoto\/#primaryimage\",\"url\":\"https:\/\/www.asociacionaise.org\/wp-content\/uploads\/2017\/12\/IMG_3524.jpg\",\"contentUrl\":\"https:\/\/www.asociacionaise.org\/wp-content\/uploads\/2017\/12\/IMG_3524.jpg\",\"width\":528,\"height\":960},{\"@type\":\"BreadcrumbList\",\"@id\":\"https:\/\/www.asociacionaise.org\/index.php\/proyectos\/proyectos-finalizados\/ayuda-humanitaria-en-el-terremoto\/#breadcrumb\",\"itemListElement\":[{\"@type\":\"ListItem\",\"position\":1,\"name\":\"Portada\",\"item\":\"https:\/\/www.asociacionaise.org\/\"},{\"@type\":\"ListItem\",\"position\":2,\"name\":\"QU\u00c9 HACEMOS\",\"item\":\"https:\/\/www.asociacionaise.org\/index.php\/proyectos\/\"},{\"@type\":\"ListItem\",\"position\":3,\"name\":\"PROYECTOS FINALIZADOS\",\"item\":\"https:\/\/www.asociacionaise.org\/index.php\/proyectos\/proyectos-finalizados\/\"},{\"@type\":\"ListItem\",\"position\":4,\"name\":\"Ayuda Humanitaria en el Terremoto\"}]},{\"@type\":\"WebSite\",\"@id\":\"https:\/\/www.asociacionaise.org\/#website\",\"url\":\"https:\/\/www.asociacionaise.org\/\",\"name\":\"AISE\",\"description\":\"Asociaci\u00f3n Internacional de Sanitarios en Espa\u00f1a\",\"publisher\":{\"@id\":\"https:\/\/www.asociacionaise.org\/#organization\"},\"potentialAction\":[{\"@type\":\"SearchAction\",\"target\":{\"@type\":\"EntryPoint\",\"urlTemplate\":\"https:\/\/www.asociacionaise.org\/?s={search_term_string}\"},\"query-input\":{\"@type\":\"PropertyValueSpecification\",\"valueRequired\":true,\"valueName\":\"search_term_string\"}}],\"inLanguage\":\"es\"},{\"@type\":\"Organization\",\"@id\":\"https:\/\/www.asociacionaise.org\/#organization\",\"name\":\"Asociacion AISE\",\"url\":\"https:\/\/www.asociacionaise.org\/\",\"logo\":{\"@type\":\"ImageObject\",\"inLanguage\":\"es\",\"@id\":\"https:\/\/www.asociacionaise.org\/#\/schema\/logo\/image\/\",\"url\":\"http:\/\/www.asociacionaise.org\/wp-content\/uploads\/2020\/02\/logo256.png\",\"contentUrl\":\"http:\/\/www.asociacionaise.org\/wp-content\/uploads\/2020\/02\/logo256.png\",\"width\":256,\"height\":256,\"caption\":\"Asociacion AISE\"},\"image\":{\"@id\":\"https:\/\/www.asociacionaise.org\/#\/schema\/logo\/image\/\"},\"sameAs\":[\"https:\/\/www.facebook.com\/AISEOrg\/\",\"https:\/\/x.com\/ASOCIACIONAISE\",\"https:\/\/www.instagram.com\/aise_voluntariado\/\",\"https:\/\/www.linkedin.com\/in\/asociacion-aise-64a445147\/\"]}]}<\/script>\n<!-- \/ Yoast SEO plugin. -->","yoast_head_json":{"title":"Ayuda Humanitaria en el Terremoto - AISE","robots":{"index":"index","follow":"follow","max-snippet":"max-snippet:-1","max-image-preview":"max-image-preview:large","max-video-preview":"max-video-preview:-1"},"canonical":"https:\/\/www.asociacionaise.org\/index.php\/proyectos\/proyectos-finalizados\/ayuda-humanitaria-en-el-terremoto\/","og_locale":"es_ES","og_type":"article","og_title":"Ayuda Humanitaria en el Terremoto - AISE","og_description":"El 16 de abril de 2016 se produjo un se\u00edsmo de magnitud 7,8 en la escala Richter cerca de la costa de Ecuador, causando al menos 670 fallecidos, 12 desaparecidos, 6.274 heridos registrados en los tres primeros d\u00edas (afectados directos), 28.678 albergados y 113 personas rescatadas con vida de entre los escombros (seg\u00fan Informe de [&hellip;]","og_url":"https:\/\/www.asociacionaise.org\/index.php\/proyectos\/proyectos-finalizados\/ayuda-humanitaria-en-el-terremoto\/","og_site_name":"AISE","article_publisher":"https:\/\/www.facebook.com\/AISEOrg\/","article_modified_time":"2017-12-20T04:39:18+00:00","og_image":[{"url":"http:\/\/www.asociacionaise.org\/wp-content\/uploads\/2017\/12\/IMG_3524-165x300.jpg","type":"","width":"","height":""}],"twitter_card":"summary_large_image","twitter_site":"@ASOCIACIONAISE","twitter_misc":{"Tiempo de lectura":"2 minutos"},"schema":{"@context":"https:\/\/schema.org","@graph":[{"@type":"WebPage","@id":"https:\/\/www.asociacionaise.org\/index.php\/proyectos\/proyectos-finalizados\/ayuda-humanitaria-en-el-terremoto\/","url":"https:\/\/www.asociacionaise.org\/index.php\/proyectos\/proyectos-finalizados\/ayuda-humanitaria-en-el-terremoto\/","name":"Ayuda Humanitaria en el Terremoto - AISE","isPartOf":{"@id":"https:\/\/www.asociacionaise.org\/#website"},"primaryImageOfPage":{"@id":"https:\/\/www.asociacionaise.org\/index.php\/proyectos\/proyectos-finalizados\/ayuda-humanitaria-en-el-terremoto\/#primaryimage"},"image":{"@id":"https:\/\/www.asociacionaise.org\/index.php\/proyectos\/proyectos-finalizados\/ayuda-humanitaria-en-el-terremoto\/#primaryimage"},"thumbnailUrl":"http:\/\/www.asociacionaise.org\/wp-content\/uploads\/2017\/12\/IMG_3524-165x300.jpg","datePublished":"2017-12-18T11:30:32+00:00","dateModified":"2017-12-20T04:39:18+00:00","breadcrumb":{"@id":"https:\/\/www.asociacionaise.org\/index.php\/proyectos\/proyectos-finalizados\/ayuda-humanitaria-en-el-terremoto\/#breadcrumb"},"inLanguage":"es","potentialAction":[{"@type":"ReadAction","target":["https:\/\/www.asociacionaise.org\/index.php\/proyectos\/proyectos-finalizados\/ayuda-humanitaria-en-el-terremoto\/"]}]},{"@type":"ImageObject","inLanguage":"es","@id":"https:\/\/www.asociacionaise.org\/index.php\/proyectos\/proyectos-finalizados\/ayuda-humanitaria-en-el-terremoto\/#primaryimage","url":"https:\/\/www.asociacionaise.org\/wp-content\/uploads\/2017\/12\/IMG_3524.jpg","contentUrl":"https:\/\/www.asociacionaise.org\/wp-content\/uploads\/2017\/12\/IMG_3524.jpg","width":528,"height":960},{"@type":"BreadcrumbList","@id":"https:\/\/www.asociacionaise.org\/index.php\/proyectos\/proyectos-finalizados\/ayuda-humanitaria-en-el-terremoto\/#breadcrumb","itemListElement":[{"@type":"ListItem","position":1,"name":"Portada","item":"https:\/\/www.asociacionaise.org\/"},{"@type":"ListItem","position":2,"name":"QU\u00c9 HACEMOS","item":"https:\/\/www.asociacionaise.org\/index.php\/proyectos\/"},{"@type":"ListItem","position":3,"name":"PROYECTOS FINALIZADOS","item":"https:\/\/www.asociacionaise.org\/index.php\/proyectos\/proyectos-finalizados\/"},{"@type":"ListItem","position":4,"name":"Ayuda Humanitaria en el Terremoto"}]},{"@type":"WebSite","@id":"https:\/\/www.asociacionaise.org\/#website","url":"https:\/\/www.asociacionaise.org\/","name":"AISE","description":"Asociaci\u00f3n Internacional de Sanitarios en Espa\u00f1a","publisher":{"@id":"https:\/\/www.asociacionaise.org\/#organization"},"potentialAction":[{"@type":"SearchAction","target":{"@type":"EntryPoint","urlTemplate":"https:\/\/www.asociacionaise.org\/?s={search_term_string}"},"query-input":{"@type":"PropertyValueSpecification","valueRequired":true,"valueName":"search_term_string"}}],"inLanguage":"es"},{"@type":"Organization","@id":"https:\/\/www.asociacionaise.org\/#organization","name":"Asociacion AISE","url":"https:\/\/www.asociacionaise.org\/","logo":{"@type":"ImageObject","inLanguage":"es","@id":"https:\/\/www.asociacionaise.org\/#\/schema\/logo\/image\/","url":"http:\/\/www.asociacionaise.org\/wp-content\/uploads\/2020\/02\/logo256.png","contentUrl":"http:\/\/www.asociacionaise.org\/wp-content\/uploads\/2020\/02\/logo256.png","width":256,"height":256,"caption":"Asociacion AISE"},"image":{"@id":"https:\/\/www.asociacionaise.org\/#\/schema\/logo\/image\/"},"sameAs":["https:\/\/www.facebook.com\/AISEOrg\/","https:\/\/x.com\/ASOCIACIONAISE","https:\/\/www.instagram.com\/aise_voluntariado\/","https:\/\/www.linkedin.com\/in\/asociacion-aise-64a445147\/"]}]}},"_links":{"self":[{"href":"https:\/\/www.asociacionaise.org\/index.php\/wp-json\/wp\/v2\/pages\/3813","targetHints":{"allow":["GET"]}}],"collection":[{"href":"https:\/\/www.asociacionaise.org\/index.php\/wp-json\/wp\/v2\/pages"}],"about":[{"href":"https:\/\/www.asociacionaise.org\/index.php\/wp-json\/wp\/v2\/types\/page"}],"author":[{"embeddable":true,"href":"https:\/\/www.asociacionaise.org\/index.php\/wp-json\/wp\/v2\/users\/5"}],"replies":[{"embeddable":true,"href":"https:\/\/www.asociacionaise.org\/index.php\/wp-json\/wp\/v2\/comments?post=3813"}],"version-history":[{"count":5,"href":"https:\/\/www.asociacionaise.org\/index.php\/wp-json\/wp\/v2\/pages\/3813\/revisions"}],"predecessor-version":[{"id":3852,"href":"https:\/\/www.asociacionaise.org\/index.php\/wp-json\/wp\/v2\/pages\/3813\/revisions\/3852"}],"up":[{"embeddable":true,"href":"https:\/\/www.asociacionaise.org\/index.php\/wp-json\/wp\/v2\/pages\/2602"}],"wp:attachment":[{"href":"https:\/\/www.asociacionaise.org\/index.php\/wp-json\/wp\/v2\/media?parent=3813"}],"curies":[{"name":"wp","href":"https:\/\/api.w.org\/{rel}","templated":true}]}}