{"id":32,"date":"2013-03-12T11:55:58","date_gmt":"2013-03-12T11:55:58","guid":{"rendered":"http:\/\/aiseweb.wordpress.com\/?page_id=32"},"modified":"2021-07-02T01:22:21","modified_gmt":"2021-07-02T01:22:21","slug":"mision-y-valores","status":"publish","type":"page","link":"https:\/\/www.asociacionaise.org\/index.php\/conoce-a-aise\/mision-y-valores\/","title":{"rendered":"Misi\u00f3n, Visi\u00f3n y Valores"},"content":{"rendered":"<p style=\"text-align: justify;\"><strong>MISI\u00d3N<\/strong><\/p>\n<p style=\"text-align: justify;\">AISE, como organizaci\u00f3n no gubernamental de cooperaci\u00f3n internacional para el desarrollo (ONGD) sin \u00e1nimo de lucro, tiene la misi\u00f3n de favorecer la promoci\u00f3n de la salud y la atenci\u00f3n integral de las poblaciones m\u00e1s vulnerables.<\/p>\n<p style=\"text-align: justify;\"><strong>VISI\u00d3N<\/strong><\/p>\n<p style=\"text-align: justify;\">Conseguir que la salud sea un derecho al alcance de todas las personas.<\/p>\n<p style=\"text-align: justify;\"><strong>VALORES<\/strong><\/p>\n<p style=\"text-align: justify;\">AISE es una organizaci\u00f3n carente de v\u00ednculos pol\u00edticos y\/o religiosos.<\/p>\n<p style=\"text-align: justify;\">Nuestros valores se basan en la dignidad, el respeto, la cooperaci\u00f3n, la solidaridad y el compromiso con las personas mediante proyectos de desarrollo integral, familiar y comunitario dirigido a las poblaciones m\u00e1s desfavorecidas.<\/p>\n<p style=\"text-align: justify;\">Si deseas conocer el trabajo realizado durante los ultimos a\u00f1os en AISE:<\/p>\n<p style=\"text-align: justify;\"><a href=\"https:\/\/www.asociacionaise.org\/wp-content\/uploads\/2013\/09\/Memoria-2013pdf.pdf\">MEMORIA 2013<\/a><\/p>\n<p style=\"text-align: justify;\"><a href=\"https:\/\/www.asociacionaise.org\/wp-content\/uploads\/2013\/03\/MEMORIA-2014.pdf\">MEMORIA 2014<\/a><\/p>\n<p style=\"text-align: justify;\"><a href=\"https:\/\/www.asociacionaise.org\/wp-content\/uploads\/2013\/09\/MEMORIA-2015-AISE.xps\">MEMORIA 2015<\/a><\/p>\n<p style=\"text-align: justify;\"><a href=\"https:\/\/www.asociacionaise.org\/wp-content\/uploads\/2018\/MEMORIA-2016.pdf\">MEMORIA 2016<\/a><\/p>\n<p style=\"text-align: justify;\"><a href=\"https:\/\/www.asociacionaise.org\/wp-content\/uploads\/2020\/03\/Memoria 2017 AiSE.pdf\">MEMORIA 2017<\/a><\/p>\n<p style=\"text-align: justify;\"><a href=\"https:\/\/www.asociacionaise.org\/wp-content\/uploads\/2021\/Memoria AISE 2020.pdf\">MEMORIA 2020<\/a><\/p>\n","protected":false},"excerpt":{"rendered":"<p>MISI\u00d3N AISE, como organizaci\u00f3n no gubernamental de cooperaci\u00f3n internacional para el desarrollo (ONGD) sin \u00e1nimo de lucro, tiene la misi\u00f3n de favorecer la promoci\u00f3n de la salud y la atenci\u00f3n integral de las poblaciones m\u00e1s vulnerables. VISI\u00d3N Conseguir que la salud sea un derecho al alcance de todas las personas. VALORES AISE es una organizaci\u00f3n [&hellip;]<\/p>\n","protected":false},"author":5,"featured_media":0,"parent":234,"menu_order":0,"comment_status":"closed","ping_status":"closed","template":"","meta":{"footnotes":""},"class_list":["post-32","page","type-page","status-publish","hentry"],"yoast_head":"<!-- This site is optimized with the Yoast SEO plugin v24.9 - https:\/\/yoast.com\/wordpress\/plugins\/seo\/ -->\n<title>Misi\u00f3n, Visi\u00f3n y Valores - AISE<\/title>\n<meta name=\"robots\" content=\"index, follow, max-snippet:-1, max-image-preview:large, max-video-preview:-1\" \/>\n<link rel=\"canonical\" href=\"https:\/\/www.asociacionaise.org\/index.php\/conoce-a-aise\/mision-y-valores\/\" \/>\n<meta property=\"og:locale\" content=\"es_ES\" \/>\n<meta property=\"og:type\" content=\"article\" \/>\n<meta property=\"og:title\" content=\"Misi\u00f3n, Visi\u00f3n y Valores - AISE\" \/>\n<meta property=\"og:description\" content=\"MISI\u00d3N AISE, como organizaci\u00f3n no gubernamental de cooperaci\u00f3n internacional para el desarrollo (ONGD) sin \u00e1nimo de lucro, tiene la misi\u00f3n de favorecer la promoci\u00f3n de la salud y la atenci\u00f3n integral de las poblaciones m\u00e1s vulnerables. VISI\u00d3N Conseguir que la salud sea un derecho al alcance de todas las personas. VALORES AISE es una organizaci\u00f3n [&hellip;]\" \/>\n<meta property=\"og:url\" content=\"https:\/\/www.asociacionaise.org\/index.php\/conoce-a-aise\/mision-y-valores\/\" \/>\n<meta property=\"og:site_name\" content=\"AISE\" \/>\n<meta property=\"article:publisher\" content=\"https:\/\/www.facebook.com\/AISEOrg\/\" \/>\n<meta property=\"article:modified_time\" content=\"2021-07-02T01:22:21+00:00\" \/>\n<meta name=\"twitter:card\" content=\"summary_large_image\" \/>\n<meta name=\"twitter:site\" content=\"@ASOCIACIONAISE\" \/>\n<meta name=\"twitter:label1\" content=\"Tiempo de lectura\" \/>\n\t<meta name=\"twitter:data1\" content=\"1 minuto\" \/>\n<script type=\"application\/ld+json\" class=\"yoast-schema-graph\">{\"@context\":\"https:\/\/schema.org\",\"@graph\":[{\"@type\":\"WebPage\",\"@id\":\"https:\/\/www.asociacionaise.org\/index.php\/conoce-a-aise\/mision-y-valores\/\",\"url\":\"https:\/\/www.asociacionaise.org\/index.php\/conoce-a-aise\/mision-y-valores\/\",\"name\":\"Misi\u00f3n, Visi\u00f3n y Valores - AISE\",\"isPartOf\":{\"@id\":\"https:\/\/www.asociacionaise.org\/#website\"},\"datePublished\":\"2013-03-12T11:55:58+00:00\",\"dateModified\":\"2021-07-02T01:22:21+00:00\",\"breadcrumb\":{\"@id\":\"https:\/\/www.asociacionaise.org\/index.php\/conoce-a-aise\/mision-y-valores\/#breadcrumb\"},\"inLanguage\":\"es\",\"potentialAction\":[{\"@type\":\"ReadAction\",\"target\":[\"https:\/\/www.asociacionaise.org\/index.php\/conoce-a-aise\/mision-y-valores\/\"]}]},{\"@type\":\"BreadcrumbList\",\"@id\":\"https:\/\/www.asociacionaise.org\/index.php\/conoce-a-aise\/mision-y-valores\/#breadcrumb\",\"itemListElement\":[{\"@type\":\"ListItem\",\"position\":1,\"name\":\"Portada\",\"item\":\"https:\/\/www.asociacionaise.org\/\"},{\"@type\":\"ListItem\",\"position\":2,\"name\":\"CONOCE A AISE\",\"item\":\"https:\/\/www.asociacionaise.org\/index.php\/conoce-a-aise\/\"},{\"@type\":\"ListItem\",\"position\":3,\"name\":\"Misi\u00f3n, Visi\u00f3n y Valores\"}]},{\"@type\":\"WebSite\",\"@id\":\"https:\/\/www.asociacionaise.org\/#website\",\"url\":\"https:\/\/www.asociacionaise.org\/\",\"name\":\"AISE\",\"description\":\"Asociaci\u00f3n Internacional de Sanitarios en Espa\u00f1a\",\"publisher\":{\"@id\":\"https:\/\/www.asociacionaise.org\/#organization\"},\"potentialAction\":[{\"@type\":\"SearchAction\",\"target\":{\"@type\":\"EntryPoint\",\"urlTemplate\":\"https:\/\/www.asociacionaise.org\/?s={search_term_string}\"},\"query-input\":{\"@type\":\"PropertyValueSpecification\",\"valueRequired\":true,\"valueName\":\"search_term_string\"}}],\"inLanguage\":\"es\"},{\"@type\":\"Organization\",\"@id\":\"https:\/\/www.asociacionaise.org\/#organization\",\"name\":\"Asociacion AISE\",\"url\":\"https:\/\/www.asociacionaise.org\/\",\"logo\":{\"@type\":\"ImageObject\",\"inLanguage\":\"es\",\"@id\":\"https:\/\/www.asociacionaise.org\/#\/schema\/logo\/image\/\",\"url\":\"http:\/\/www.asociacionaise.org\/wp-content\/uploads\/2020\/02\/logo256.png\",\"contentUrl\":\"http:\/\/www.asociacionaise.org\/wp-content\/uploads\/2020\/02\/logo256.png\",\"width\":256,\"height\":256,\"caption\":\"Asociacion AISE\"},\"image\":{\"@id\":\"https:\/\/www.asociacionaise.org\/#\/schema\/logo\/image\/\"},\"sameAs\":[\"https:\/\/www.facebook.com\/AISEOrg\/\",\"https:\/\/x.com\/ASOCIACIONAISE\",\"https:\/\/www.instagram.com\/aise_voluntariado\/\",\"https:\/\/www.linkedin.com\/in\/asociacion-aise-64a445147\/\"]}]}<\/script>\n<!-- \/ Yoast SEO plugin. -->","yoast_head_json":{"title":"Misi\u00f3n, Visi\u00f3n y Valores - AISE","robots":{"index":"index","follow":"follow","max-snippet":"max-snippet:-1","max-image-preview":"max-image-preview:large","max-video-preview":"max-video-preview:-1"},"canonical":"https:\/\/www.asociacionaise.org\/index.php\/conoce-a-aise\/mision-y-valores\/","og_locale":"es_ES","og_type":"article","og_title":"Misi\u00f3n, Visi\u00f3n y Valores - AISE","og_description":"MISI\u00d3N AISE, como organizaci\u00f3n no gubernamental de cooperaci\u00f3n internacional para el desarrollo (ONGD) sin \u00e1nimo de lucro, tiene la misi\u00f3n de favorecer la promoci\u00f3n de la salud y la atenci\u00f3n integral de las poblaciones m\u00e1s vulnerables. VISI\u00d3N Conseguir que la salud sea un derecho al alcance de todas las personas. VALORES AISE es una organizaci\u00f3n [&hellip;]","og_url":"https:\/\/www.asociacionaise.org\/index.php\/conoce-a-aise\/mision-y-valores\/","og_site_name":"AISE","article_publisher":"https:\/\/www.facebook.com\/AISEOrg\/","article_modified_time":"2021-07-02T01:22:21+00:00","twitter_card":"summary_large_image","twitter_site":"@ASOCIACIONAISE","twitter_misc":{"Tiempo de lectura":"1 minuto"},"schema":{"@context":"https:\/\/schema.org","@graph":[{"@type":"WebPage","@id":"https:\/\/www.asociacionaise.org\/index.php\/conoce-a-aise\/mision-y-valores\/","url":"https:\/\/www.asociacionaise.org\/index.php\/conoce-a-aise\/mision-y-valores\/","name":"Misi\u00f3n, Visi\u00f3n y Valores - AISE","isPartOf":{"@id":"https:\/\/www.asociacionaise.org\/#website"},"datePublished":"2013-03-12T11:55:58+00:00","dateModified":"2021-07-02T01:22:21+00:00","breadcrumb":{"@id":"https:\/\/www.asociacionaise.org\/index.php\/conoce-a-aise\/mision-y-valores\/#breadcrumb"},"inLanguage":"es","potentialAction":[{"@type":"ReadAction","target":["https:\/\/www.asociacionaise.org\/index.php\/conoce-a-aise\/mision-y-valores\/"]}]},{"@type":"BreadcrumbList","@id":"https:\/\/www.asociacionaise.org\/index.php\/conoce-a-aise\/mision-y-valores\/#breadcrumb","itemListElement":[{"@type":"ListItem","position":1,"name":"Portada","item":"https:\/\/www.asociacionaise.org\/"},{"@type":"ListItem","position":2,"name":"CONOCE A AISE","item":"https:\/\/www.asociacionaise.org\/index.php\/conoce-a-aise\/"},{"@type":"ListItem","position":3,"name":"Misi\u00f3n, Visi\u00f3n y Valores"}]},{"@type":"WebSite","@id":"https:\/\/www.asociacionaise.org\/#website","url":"https:\/\/www.asociacionaise.org\/","name":"AISE","description":"Asociaci\u00f3n Internacional de Sanitarios en Espa\u00f1a","publisher":{"@id":"https:\/\/www.asociacionaise.org\/#organization"},"potentialAction":[{"@type":"SearchAction","target":{"@type":"EntryPoint","urlTemplate":"https:\/\/www.asociacionaise.org\/?s={search_term_string}"},"query-input":{"@type":"PropertyValueSpecification","valueRequired":true,"valueName":"search_term_string"}}],"inLanguage":"es"},{"@type":"Organization","@id":"https:\/\/www.asociacionaise.org\/#organization","name":"Asociacion AISE","url":"https:\/\/www.asociacionaise.org\/","logo":{"@type":"ImageObject","inLanguage":"es","@id":"https:\/\/www.asociacionaise.org\/#\/schema\/logo\/image\/","url":"http:\/\/www.asociacionaise.org\/wp-content\/uploads\/2020\/02\/logo256.png","contentUrl":"http:\/\/www.asociacionaise.org\/wp-content\/uploads\/2020\/02\/logo256.png","width":256,"height":256,"caption":"Asociacion AISE"},"image":{"@id":"https:\/\/www.asociacionaise.org\/#\/schema\/logo\/image\/"},"sameAs":["https:\/\/www.facebook.com\/AISEOrg\/","https:\/\/x.com\/ASOCIACIONAISE","https:\/\/www.instagram.com\/aise_voluntariado\/","https:\/\/www.linkedin.com\/in\/asociacion-aise-64a445147\/"]}]}},"_links":{"self":[{"href":"https:\/\/www.asociacionaise.org\/index.php\/wp-json\/wp\/v2\/pages\/32","targetHints":{"allow":["GET"]}}],"collection":[{"href":"https:\/\/www.asociacionaise.org\/index.php\/wp-json\/wp\/v2\/pages"}],"about":[{"href":"https:\/\/www.asociacionaise.org\/index.php\/wp-json\/wp\/v2\/types\/page"}],"author":[{"embeddable":true,"href":"https:\/\/www.asociacionaise.org\/index.php\/wp-json\/wp\/v2\/users\/5"}],"replies":[{"embeddable":true,"href":"https:\/\/www.asociacionaise.org\/index.php\/wp-json\/wp\/v2\/comments?post=32"}],"version-history":[{"count":30,"href":"https:\/\/www.asociacionaise.org\/index.php\/wp-json\/wp\/v2\/pages\/32\/revisions"}],"predecessor-version":[{"id":5439,"href":"https:\/\/www.asociacionaise.org\/index.php\/wp-json\/wp\/v2\/pages\/32\/revisions\/5439"}],"up":[{"embeddable":true,"href":"https:\/\/www.asociacionaise.org\/index.php\/wp-json\/wp\/v2\/pages\/234"}],"wp:attachment":[{"href":"https:\/\/www.asociacionaise.org\/index.php\/wp-json\/wp\/v2\/media?parent=32"}],"curies":[{"name":"wp","href":"https:\/\/api.w.org\/{rel}","templated":true}]}}