{"id":307,"date":"2013-09-20T17:45:02","date_gmt":"2013-09-20T17:45:02","guid":{"rendered":"http:\/\/www.asociacionaise.org\/?page_id=307"},"modified":"2019-08-17T03:15:48","modified_gmt":"2019-08-17T03:15:48","slug":"voluntariado-sanitario-rural-san-pedro-de-atascoso","status":"publish","type":"page","link":"https:\/\/www.asociacionaise.org\/index.php\/proyectos\/voluntariado-continuado\/voluntariado-sanitario-rural-san-pedro-de-atascoso\/","title":{"rendered":"Voluntariado SANITARIO RURAL: San Pedro de Atascoso"},"content":{"rendered":"<p style=\"text-align: justify;\">El Recinto San Pedro de Atascoso, parroquia de Santa Rita, Cant\u00f3n Chone, Provincia de Manab\u00ed, es una zona rural muy apartada, donde el acceso es dif\u00edcil, sobretodo en \u00e9poca de lluvias. Cuenta con una poblaci\u00f3n totalmente rural de entre 1000 y 1500 habitantes, la cual se encuentra de forma dispersa.<\/p>\n<p style=\"text-align: justify;\">En esta comunidad en 2010 se rehabilit\u00f3 el Centro de Salud de la Comunidad responsabilidad del Ministerio de Salud P\u00fablica (cerrado desde hac\u00eda 20 a\u00f1os) y se puso de nuevo en funcionamiento, gracias a la ayuda de unas compa\u00f1eras voluntarias de AISE. Ellas tambi\u00e9n contribuyeron a la construcci\u00f3n de una escuela.<img loading=\"lazy\" decoding=\"async\" class=\"alignright size-full wp-image-421\" src=\"https:\/\/www.asociacionaise.org\/wp-content\/uploads\/2013\/09\/CS-San-Pedro-de-Atascoso.jpg\" alt=\"CS San Pedro de Atascoso\" width=\"650\" height=\"178\" \/> Actualmente el Centro de Salud est\u00e1 en funcionamiento, ya que es una de las plazas de rotaci\u00f3n rural, donde un m\u00e9dico MIR y una enfermera trabajan varios d\u00edas a la semana. En estos momentos AISE ofrece en San Pedro soporte mediante recursos humanos, con m\u00e9dicos, enfermeras y farmac\u00e9uticas voluntarias para que ofrezcan a la comunidad conocimientos sobre prevenci\u00f3n y promoci\u00f3n de la salud, aspectos que no pueden cubrir hasta el momento por sobrecarga de trabajo.<\/p>\n<p style=\"text-align: justify;\">Los <strong>objetivos principales<\/strong> en esta comunidad son sensibilizar y ofrecer asistencia sanitaria b\u00e1sica en el centro de salud y en las comunidades de San Pedro de Atascoso, mediante charlas de educaci\u00f3n sanitaria dirigida a la prevenci\u00f3n de enfermedades infecto-contagiosas, enfermedades de transmisi\u00f3n sexual, alimentaci\u00f3n e higiene; visitas de atenci\u00f3n sanitaria b\u00e1sica con la entrega de medicamentos que dispongamos; y cribado de diabetes e hipertensi\u00f3n arterial a los pacientes que presenten factores de riesgo.<\/p>\n","protected":false},"excerpt":{"rendered":"<p>El Recinto San Pedro de Atascoso, parroquia de Santa Rita, Cant\u00f3n Chone, Provincia de Manab\u00ed, es una zona rural muy apartada, donde el acceso es dif\u00edcil, sobretodo en \u00e9poca de lluvias. Cuenta con una poblaci\u00f3n totalmente rural de entre 1000 y 1500 habitantes, la cual se encuentra de forma dispersa. En esta comunidad en 2010 [&hellip;]<\/p>\n","protected":false},"author":5,"featured_media":0,"parent":284,"menu_order":5,"comment_status":"closed","ping_status":"closed","template":"","meta":{"footnotes":""},"class_list":["post-307","page","type-page","status-publish","hentry"],"yoast_head":"<!-- This site is optimized with the Yoast SEO plugin v24.9 - https:\/\/yoast.com\/wordpress\/plugins\/seo\/ -->\n<title>Voluntariado SANITARIO RURAL: San Pedro de Atascoso - AISE<\/title>\n<meta name=\"robots\" content=\"index, follow, max-snippet:-1, max-image-preview:large, max-video-preview:-1\" \/>\n<link rel=\"canonical\" href=\"https:\/\/www.asociacionaise.org\/index.php\/proyectos\/voluntariado-continuado\/voluntariado-sanitario-rural-san-pedro-de-atascoso\/\" \/>\n<meta property=\"og:locale\" content=\"es_ES\" \/>\n<meta property=\"og:type\" content=\"article\" \/>\n<meta property=\"og:title\" content=\"Voluntariado SANITARIO RURAL: San Pedro de Atascoso - AISE\" \/>\n<meta property=\"og:description\" content=\"El Recinto San Pedro de Atascoso, parroquia de Santa Rita, Cant\u00f3n Chone, Provincia de Manab\u00ed, es una zona rural muy apartada, donde el acceso es dif\u00edcil, sobretodo en \u00e9poca de lluvias. Cuenta con una poblaci\u00f3n totalmente rural de entre 1000 y 1500 habitantes, la cual se encuentra de forma dispersa. En esta comunidad en 2010 [&hellip;]\" \/>\n<meta property=\"og:url\" content=\"https:\/\/www.asociacionaise.org\/index.php\/proyectos\/voluntariado-continuado\/voluntariado-sanitario-rural-san-pedro-de-atascoso\/\" \/>\n<meta property=\"og:site_name\" content=\"AISE\" \/>\n<meta property=\"article:publisher\" content=\"https:\/\/www.facebook.com\/AISEOrg\/\" \/>\n<meta property=\"article:modified_time\" content=\"2019-08-17T03:15:48+00:00\" \/>\n<meta property=\"og:image\" content=\"http:\/\/www.asociacionaise.org\/wp-content\/uploads\/2013\/09\/CS-San-Pedro-de-Atascoso.jpg\" \/>\n<meta name=\"twitter:card\" content=\"summary_large_image\" \/>\n<meta name=\"twitter:site\" content=\"@ASOCIACIONAISE\" \/>\n<meta name=\"twitter:label1\" content=\"Tiempo de lectura\" \/>\n\t<meta name=\"twitter:data1\" content=\"1 minuto\" \/>\n<script type=\"application\/ld+json\" class=\"yoast-schema-graph\">{\"@context\":\"https:\/\/schema.org\",\"@graph\":[{\"@type\":\"WebPage\",\"@id\":\"https:\/\/www.asociacionaise.org\/index.php\/proyectos\/voluntariado-continuado\/voluntariado-sanitario-rural-san-pedro-de-atascoso\/\",\"url\":\"https:\/\/www.asociacionaise.org\/index.php\/proyectos\/voluntariado-continuado\/voluntariado-sanitario-rural-san-pedro-de-atascoso\/\",\"name\":\"Voluntariado SANITARIO RURAL: San Pedro de Atascoso - AISE\",\"isPartOf\":{\"@id\":\"https:\/\/www.asociacionaise.org\/#website\"},\"primaryImageOfPage\":{\"@id\":\"https:\/\/www.asociacionaise.org\/index.php\/proyectos\/voluntariado-continuado\/voluntariado-sanitario-rural-san-pedro-de-atascoso\/#primaryimage\"},\"image\":{\"@id\":\"https:\/\/www.asociacionaise.org\/index.php\/proyectos\/voluntariado-continuado\/voluntariado-sanitario-rural-san-pedro-de-atascoso\/#primaryimage\"},\"thumbnailUrl\":\"http:\/\/www.asociacionaise.org\/wp-content\/uploads\/2013\/09\/CS-San-Pedro-de-Atascoso.jpg\",\"datePublished\":\"2013-09-20T17:45:02+00:00\",\"dateModified\":\"2019-08-17T03:15:48+00:00\",\"breadcrumb\":{\"@id\":\"https:\/\/www.asociacionaise.org\/index.php\/proyectos\/voluntariado-continuado\/voluntariado-sanitario-rural-san-pedro-de-atascoso\/#breadcrumb\"},\"inLanguage\":\"es\",\"potentialAction\":[{\"@type\":\"ReadAction\",\"target\":[\"https:\/\/www.asociacionaise.org\/index.php\/proyectos\/voluntariado-continuado\/voluntariado-sanitario-rural-san-pedro-de-atascoso\/\"]}]},{\"@type\":\"ImageObject\",\"inLanguage\":\"es\",\"@id\":\"https:\/\/www.asociacionaise.org\/index.php\/proyectos\/voluntariado-continuado\/voluntariado-sanitario-rural-san-pedro-de-atascoso\/#primaryimage\",\"url\":\"https:\/\/www.asociacionaise.org\/wp-content\/uploads\/2013\/09\/CS-San-Pedro-de-Atascoso.jpg\",\"contentUrl\":\"https:\/\/www.asociacionaise.org\/wp-content\/uploads\/2013\/09\/CS-San-Pedro-de-Atascoso.jpg\",\"width\":650,\"height\":178},{\"@type\":\"BreadcrumbList\",\"@id\":\"https:\/\/www.asociacionaise.org\/index.php\/proyectos\/voluntariado-continuado\/voluntariado-sanitario-rural-san-pedro-de-atascoso\/#breadcrumb\",\"itemListElement\":[{\"@type\":\"ListItem\",\"position\":1,\"name\":\"Portada\",\"item\":\"https:\/\/www.asociacionaise.org\/\"},{\"@type\":\"ListItem\",\"position\":2,\"name\":\"QU\u00c9 HACEMOS\",\"item\":\"https:\/\/www.asociacionaise.org\/index.php\/proyectos\/\"},{\"@type\":\"ListItem\",\"position\":3,\"name\":\"VOLUNTARIADO CONTINUADO\",\"item\":\"https:\/\/www.asociacionaise.org\/index.php\/proyectos\/voluntariado-continuado\/\"},{\"@type\":\"ListItem\",\"position\":4,\"name\":\"Voluntariado SANITARIO RURAL: San Pedro de Atascoso\"}]},{\"@type\":\"WebSite\",\"@id\":\"https:\/\/www.asociacionaise.org\/#website\",\"url\":\"https:\/\/www.asociacionaise.org\/\",\"name\":\"AISE\",\"description\":\"Asociaci\u00f3n Internacional de Sanitarios en Espa\u00f1a\",\"publisher\":{\"@id\":\"https:\/\/www.asociacionaise.org\/#organization\"},\"potentialAction\":[{\"@type\":\"SearchAction\",\"target\":{\"@type\":\"EntryPoint\",\"urlTemplate\":\"https:\/\/www.asociacionaise.org\/?s={search_term_string}\"},\"query-input\":{\"@type\":\"PropertyValueSpecification\",\"valueRequired\":true,\"valueName\":\"search_term_string\"}}],\"inLanguage\":\"es\"},{\"@type\":\"Organization\",\"@id\":\"https:\/\/www.asociacionaise.org\/#organization\",\"name\":\"Asociacion AISE\",\"url\":\"https:\/\/www.asociacionaise.org\/\",\"logo\":{\"@type\":\"ImageObject\",\"inLanguage\":\"es\",\"@id\":\"https:\/\/www.asociacionaise.org\/#\/schema\/logo\/image\/\",\"url\":\"http:\/\/www.asociacionaise.org\/wp-content\/uploads\/2020\/02\/logo256.png\",\"contentUrl\":\"http:\/\/www.asociacionaise.org\/wp-content\/uploads\/2020\/02\/logo256.png\",\"width\":256,\"height\":256,\"caption\":\"Asociacion AISE\"},\"image\":{\"@id\":\"https:\/\/www.asociacionaise.org\/#\/schema\/logo\/image\/\"},\"sameAs\":[\"https:\/\/www.facebook.com\/AISEOrg\/\",\"https:\/\/x.com\/ASOCIACIONAISE\",\"https:\/\/www.instagram.com\/aise_voluntariado\/\",\"https:\/\/www.linkedin.com\/in\/asociacion-aise-64a445147\/\"]}]}<\/script>\n<!-- \/ Yoast SEO plugin. -->","yoast_head_json":{"title":"Voluntariado SANITARIO RURAL: San Pedro de Atascoso - AISE","robots":{"index":"index","follow":"follow","max-snippet":"max-snippet:-1","max-image-preview":"max-image-preview:large","max-video-preview":"max-video-preview:-1"},"canonical":"https:\/\/www.asociacionaise.org\/index.php\/proyectos\/voluntariado-continuado\/voluntariado-sanitario-rural-san-pedro-de-atascoso\/","og_locale":"es_ES","og_type":"article","og_title":"Voluntariado SANITARIO RURAL: San Pedro de Atascoso - AISE","og_description":"El Recinto San Pedro de Atascoso, parroquia de Santa Rita, Cant\u00f3n Chone, Provincia de Manab\u00ed, es una zona rural muy apartada, donde el acceso es dif\u00edcil, sobretodo en \u00e9poca de lluvias. Cuenta con una poblaci\u00f3n totalmente rural de entre 1000 y 1500 habitantes, la cual se encuentra de forma dispersa. En esta comunidad en 2010 [&hellip;]","og_url":"https:\/\/www.asociacionaise.org\/index.php\/proyectos\/voluntariado-continuado\/voluntariado-sanitario-rural-san-pedro-de-atascoso\/","og_site_name":"AISE","article_publisher":"https:\/\/www.facebook.com\/AISEOrg\/","article_modified_time":"2019-08-17T03:15:48+00:00","og_image":[{"url":"http:\/\/www.asociacionaise.org\/wp-content\/uploads\/2013\/09\/CS-San-Pedro-de-Atascoso.jpg","type":"","width":"","height":""}],"twitter_card":"summary_large_image","twitter_site":"@ASOCIACIONAISE","twitter_misc":{"Tiempo de lectura":"1 minuto"},"schema":{"@context":"https:\/\/schema.org","@graph":[{"@type":"WebPage","@id":"https:\/\/www.asociacionaise.org\/index.php\/proyectos\/voluntariado-continuado\/voluntariado-sanitario-rural-san-pedro-de-atascoso\/","url":"https:\/\/www.asociacionaise.org\/index.php\/proyectos\/voluntariado-continuado\/voluntariado-sanitario-rural-san-pedro-de-atascoso\/","name":"Voluntariado SANITARIO RURAL: San Pedro de Atascoso - AISE","isPartOf":{"@id":"https:\/\/www.asociacionaise.org\/#website"},"primaryImageOfPage":{"@id":"https:\/\/www.asociacionaise.org\/index.php\/proyectos\/voluntariado-continuado\/voluntariado-sanitario-rural-san-pedro-de-atascoso\/#primaryimage"},"image":{"@id":"https:\/\/www.asociacionaise.org\/index.php\/proyectos\/voluntariado-continuado\/voluntariado-sanitario-rural-san-pedro-de-atascoso\/#primaryimage"},"thumbnailUrl":"http:\/\/www.asociacionaise.org\/wp-content\/uploads\/2013\/09\/CS-San-Pedro-de-Atascoso.jpg","datePublished":"2013-09-20T17:45:02+00:00","dateModified":"2019-08-17T03:15:48+00:00","breadcrumb":{"@id":"https:\/\/www.asociacionaise.org\/index.php\/proyectos\/voluntariado-continuado\/voluntariado-sanitario-rural-san-pedro-de-atascoso\/#breadcrumb"},"inLanguage":"es","potentialAction":[{"@type":"ReadAction","target":["https:\/\/www.asociacionaise.org\/index.php\/proyectos\/voluntariado-continuado\/voluntariado-sanitario-rural-san-pedro-de-atascoso\/"]}]},{"@type":"ImageObject","inLanguage":"es","@id":"https:\/\/www.asociacionaise.org\/index.php\/proyectos\/voluntariado-continuado\/voluntariado-sanitario-rural-san-pedro-de-atascoso\/#primaryimage","url":"https:\/\/www.asociacionaise.org\/wp-content\/uploads\/2013\/09\/CS-San-Pedro-de-Atascoso.jpg","contentUrl":"https:\/\/www.asociacionaise.org\/wp-content\/uploads\/2013\/09\/CS-San-Pedro-de-Atascoso.jpg","width":650,"height":178},{"@type":"BreadcrumbList","@id":"https:\/\/www.asociacionaise.org\/index.php\/proyectos\/voluntariado-continuado\/voluntariado-sanitario-rural-san-pedro-de-atascoso\/#breadcrumb","itemListElement":[{"@type":"ListItem","position":1,"name":"Portada","item":"https:\/\/www.asociacionaise.org\/"},{"@type":"ListItem","position":2,"name":"QU\u00c9 HACEMOS","item":"https:\/\/www.asociacionaise.org\/index.php\/proyectos\/"},{"@type":"ListItem","position":3,"name":"VOLUNTARIADO CONTINUADO","item":"https:\/\/www.asociacionaise.org\/index.php\/proyectos\/voluntariado-continuado\/"},{"@type":"ListItem","position":4,"name":"Voluntariado SANITARIO RURAL: San Pedro de Atascoso"}]},{"@type":"WebSite","@id":"https:\/\/www.asociacionaise.org\/#website","url":"https:\/\/www.asociacionaise.org\/","name":"AISE","description":"Asociaci\u00f3n Internacional de Sanitarios en Espa\u00f1a","publisher":{"@id":"https:\/\/www.asociacionaise.org\/#organization"},"potentialAction":[{"@type":"SearchAction","target":{"@type":"EntryPoint","urlTemplate":"https:\/\/www.asociacionaise.org\/?s={search_term_string}"},"query-input":{"@type":"PropertyValueSpecification","valueRequired":true,"valueName":"search_term_string"}}],"inLanguage":"es"},{"@type":"Organization","@id":"https:\/\/www.asociacionaise.org\/#organization","name":"Asociacion AISE","url":"https:\/\/www.asociacionaise.org\/","logo":{"@type":"ImageObject","inLanguage":"es","@id":"https:\/\/www.asociacionaise.org\/#\/schema\/logo\/image\/","url":"http:\/\/www.asociacionaise.org\/wp-content\/uploads\/2020\/02\/logo256.png","contentUrl":"http:\/\/www.asociacionaise.org\/wp-content\/uploads\/2020\/02\/logo256.png","width":256,"height":256,"caption":"Asociacion AISE"},"image":{"@id":"https:\/\/www.asociacionaise.org\/#\/schema\/logo\/image\/"},"sameAs":["https:\/\/www.facebook.com\/AISEOrg\/","https:\/\/x.com\/ASOCIACIONAISE","https:\/\/www.instagram.com\/aise_voluntariado\/","https:\/\/www.linkedin.com\/in\/asociacion-aise-64a445147\/"]}]}},"_links":{"self":[{"href":"https:\/\/www.asociacionaise.org\/index.php\/wp-json\/wp\/v2\/pages\/307","targetHints":{"allow":["GET"]}}],"collection":[{"href":"https:\/\/www.asociacionaise.org\/index.php\/wp-json\/wp\/v2\/pages"}],"about":[{"href":"https:\/\/www.asociacionaise.org\/index.php\/wp-json\/wp\/v2\/types\/page"}],"author":[{"embeddable":true,"href":"https:\/\/www.asociacionaise.org\/index.php\/wp-json\/wp\/v2\/users\/5"}],"replies":[{"embeddable":true,"href":"https:\/\/www.asociacionaise.org\/index.php\/wp-json\/wp\/v2\/comments?post=307"}],"version-history":[{"count":5,"href":"https:\/\/www.asociacionaise.org\/index.php\/wp-json\/wp\/v2\/pages\/307\/revisions"}],"predecessor-version":[{"id":4918,"href":"https:\/\/www.asociacionaise.org\/index.php\/wp-json\/wp\/v2\/pages\/307\/revisions\/4918"}],"up":[{"embeddable":true,"href":"https:\/\/www.asociacionaise.org\/index.php\/wp-json\/wp\/v2\/pages\/284"}],"wp:attachment":[{"href":"https:\/\/www.asociacionaise.org\/index.php\/wp-json\/wp\/v2\/media?parent=307"}],"curies":[{"name":"wp","href":"https:\/\/api.w.org\/{rel}","templated":true}]}}