{"id":294,"date":"2013-09-20T17:39:44","date_gmt":"2013-09-20T17:39:44","guid":{"rendered":"http:\/\/www.asociacionaise.org\/?page_id=294"},"modified":"2018-01-01T03:58:47","modified_gmt":"2018-01-01T03:58:47","slug":"voluntariado-escuela-de-futbol","status":"publish","type":"page","link":"https:\/\/www.asociacionaise.org\/index.php\/proyectos\/voluntariado-escuela-de-futbol\/","title":{"rendered":"ESCUELA DE F\u00daTBOL"},"content":{"rendered":"<p><a href=\"https:\/\/www.asociacionaise.org\/wp-content\/uploads\/2013\/09\/12009731_902156373166181_6995000464790912637_n.jpg\"><img loading=\"lazy\" decoding=\"async\" class=\"size-medium wp-image-2498 alignright\" src=\"https:\/\/www.asociacionaise.org\/wp-content\/uploads\/2013\/09\/12009731_902156373166181_6995000464790912637_n-300x225.jpg\" alt=\"12009731_902156373166181_6995000464790912637_n\" width=\"300\" height=\"225\" srcset=\"https:\/\/www.asociacionaise.org\/wp-content\/uploads\/2013\/09\/12009731_902156373166181_6995000464790912637_n-300x225.jpg 300w, https:\/\/www.asociacionaise.org\/wp-content\/uploads\/2013\/09\/12009731_902156373166181_6995000464790912637_n.jpg 960w\" sizes=\"auto, (max-width: 300px) 100vw, 300px\" \/><\/a>Gracias a la creaci\u00f3n en Ecuador del Club Deportivo Formativo Especializado AISE- CD Almeda en 2016 podemos ofrecer unos\u00a0valores educativos intr\u00ednsecos en el deporte a ni\u00f1os con riesgo de problem\u00e1ticas sociales.<\/p>\n<p>Debemos tener en cuenta que el\u00a027% de ni\u00f1os ecuatorianos abandonan la escuela al terminar la primaria y la inactividad f\u00edsica en adolescentes es del 34%. El consumo de tabaco en adolescentes de 10 a 19 a\u00f1os de 28,4% y el de\u00a0alcohol de 9,9%.<\/p>\n<p>Las escuelas se delimitan como entidad de iniciaci\u00f3n y ense\u00f1anza deportiva promoviendo el f\u00fatbol como medio de formaci\u00f3n integral que incidir\u00e1 en el crecimiento personal del ni\u00f1o. A su vez, divulgar\u00e1 los valores educativos intr\u00ednsecos en el deporte, apoyando a los futuros talentos deportivos.<\/p>\n<p>Los\u00a0<strong>objetivos generales<\/strong>\u00a0son:<\/p>\n<ul>\n<li>Prevenci\u00f3n y promoci\u00f3n de la salud f\u00edsica, psicol\u00f3gica y bienestar general de los ni\u00f1os del cant\u00f3n y de las comunidades cercanas.<\/li>\n<li>Detecci\u00f3n, intervenci\u00f3n y seguimiento de problem\u00e1ticas psico-sociales de los menores de la comunidad y poblaciones cercanas.<\/li>\n<li>Formaci\u00f3n y capacitaci\u00f3n del personal ecuatoriano de la escuela de f\u00fatbol.<\/li>\n<\/ul>\n<p><img loading=\"lazy\" decoding=\"async\" class=\"size-full wp-image-3756 alignleft\" src=\"https:\/\/www.asociacionaise.org\/wp-content\/uploads\/2013\/06\/aise-almeda.png\" alt=\"\" width=\"212\" height=\"227\" \/>El Club Deportivo Formativo Especializado AISE- CD Almeda ya tiene m\u00e1s de 10 escuelas infantiles entre\u00a0Buena Fe, La Luz de Palenque, la Manga del Cura, Quevedo y El Empalme dirigidos por monitores de f\u00fatbol aut\u00f3ctonos y\/o\u00a0personas aficionadas. La labor de AISE en este proyecto es reforzar y perfeccionar la formaci\u00f3n de los monitores ecuatorianos mediante la aportaci\u00f3n de conocimientos de monitores especializados de origen espa\u00f1ol y apoyar en la organizaci\u00f3n de las escuelas y los entrenamientos y torneos de los ni\u00f1os.<\/p>\n<p>Todo ello es gracias a la Sra. Amelia Ochoa, presidenta de la Fundaci\u00f3n Solidaridad Ecuador y coordinadora de AISE en el terreno, que coordina la acogida de voluntarios, la entrega de donaciones y el cumplimiento de las actividades desde el pa\u00eds.<\/p>\n<p style=\"text-align: justify;\">Los voluntarios, que participan\u00a0ofreciendo servicios de ense\u00f1anza deportiva futbol\u00edstica,\u00a0tienen un perfil de t\u00e9cnicos superiores en animaci\u00f3n de actividades f\u00edsicas y deportivas, diplomados\/graduados en Magisterio de Educaci\u00f3n F\u00edsica, en Ciencias de la Actividad F\u00edsica, o aquellas personas que tengan alguna formaci\u00f3n pedag\u00f3gica con menores y prolongada experiencia en f\u00fatbol.<\/p>\n<p style=\"text-align: left;\"><span style=\"text-align: justify;\">\u00a1No pierdas la oportunidad de intercambiar conocimientos, cultura y diversi\u00f3n y ap\u00fantate a este voluntariado!\u00a0<a href=\"https:\/\/www.asociacionaise.org\/wp-content\/uploads\/2013\/09\/PROYECTO-F\u00daTBOL-ACT-2017.pdf\">PROYECTO F\u00daTBOL<\/a><\/span><\/p>\n","protected":false},"excerpt":{"rendered":"<p>Gracias a la creaci\u00f3n en Ecuador del Club Deportivo Formativo Especializado AISE- CD Almeda en 2016 podemos ofrecer unos\u00a0valores educativos intr\u00ednsecos en el deporte a ni\u00f1os con riesgo de problem\u00e1ticas sociales. Debemos tener en cuenta que el\u00a027% de ni\u00f1os ecuatorianos abandonan la escuela al terminar la primaria y la inactividad f\u00edsica en adolescentes es del [&hellip;]<\/p>\n","protected":false},"author":5,"featured_media":0,"parent":41,"menu_order":2,"comment_status":"closed","ping_status":"closed","template":"","meta":{"footnotes":""},"class_list":["post-294","page","type-page","status-publish","hentry"],"yoast_head":"<!-- This site is optimized with the Yoast SEO plugin v24.9 - https:\/\/yoast.com\/wordpress\/plugins\/seo\/ -->\n<title>ESCUELA DE F\u00daTBOL - AISE<\/title>\n<meta name=\"robots\" content=\"index, follow, max-snippet:-1, max-image-preview:large, max-video-preview:-1\" \/>\n<link rel=\"canonical\" href=\"https:\/\/www.asociacionaise.org\/index.php\/proyectos\/voluntariado-escuela-de-futbol\/\" \/>\n<meta property=\"og:locale\" content=\"es_ES\" \/>\n<meta property=\"og:type\" content=\"article\" \/>\n<meta property=\"og:title\" content=\"ESCUELA DE F\u00daTBOL - AISE\" \/>\n<meta property=\"og:description\" content=\"Gracias a la creaci\u00f3n en Ecuador del Club Deportivo Formativo Especializado AISE- CD Almeda en 2016 podemos ofrecer unos\u00a0valores educativos intr\u00ednsecos en el deporte a ni\u00f1os con riesgo de problem\u00e1ticas sociales. Debemos tener en cuenta que el\u00a027% de ni\u00f1os ecuatorianos abandonan la escuela al terminar la primaria y la inactividad f\u00edsica en adolescentes es del [&hellip;]\" \/>\n<meta property=\"og:url\" content=\"https:\/\/www.asociacionaise.org\/index.php\/proyectos\/voluntariado-escuela-de-futbol\/\" \/>\n<meta property=\"og:site_name\" content=\"AISE\" \/>\n<meta property=\"article:publisher\" content=\"https:\/\/www.facebook.com\/AISEOrg\/\" \/>\n<meta property=\"article:modified_time\" content=\"2018-01-01T03:58:47+00:00\" \/>\n<meta property=\"og:image\" content=\"http:\/\/www.asociacionaise.org\/wp-content\/uploads\/2013\/09\/12009731_902156373166181_6995000464790912637_n-300x225.jpg\" \/>\n<meta name=\"twitter:card\" content=\"summary_large_image\" \/>\n<meta name=\"twitter:site\" content=\"@ASOCIACIONAISE\" \/>\n<meta name=\"twitter:label1\" content=\"Tiempo de lectura\" \/>\n\t<meta name=\"twitter:data1\" content=\"2 minutos\" \/>\n<script type=\"application\/ld+json\" class=\"yoast-schema-graph\">{\"@context\":\"https:\/\/schema.org\",\"@graph\":[{\"@type\":\"WebPage\",\"@id\":\"https:\/\/www.asociacionaise.org\/index.php\/proyectos\/voluntariado-escuela-de-futbol\/\",\"url\":\"https:\/\/www.asociacionaise.org\/index.php\/proyectos\/voluntariado-escuela-de-futbol\/\",\"name\":\"ESCUELA DE F\u00daTBOL - AISE\",\"isPartOf\":{\"@id\":\"https:\/\/www.asociacionaise.org\/#website\"},\"primaryImageOfPage\":{\"@id\":\"https:\/\/www.asociacionaise.org\/index.php\/proyectos\/voluntariado-escuela-de-futbol\/#primaryimage\"},\"image\":{\"@id\":\"https:\/\/www.asociacionaise.org\/index.php\/proyectos\/voluntariado-escuela-de-futbol\/#primaryimage\"},\"thumbnailUrl\":\"http:\/\/www.asociacionaise.org\/wp-content\/uploads\/2013\/09\/12009731_902156373166181_6995000464790912637_n-300x225.jpg\",\"datePublished\":\"2013-09-20T17:39:44+00:00\",\"dateModified\":\"2018-01-01T03:58:47+00:00\",\"breadcrumb\":{\"@id\":\"https:\/\/www.asociacionaise.org\/index.php\/proyectos\/voluntariado-escuela-de-futbol\/#breadcrumb\"},\"inLanguage\":\"es\",\"potentialAction\":[{\"@type\":\"ReadAction\",\"target\":[\"https:\/\/www.asociacionaise.org\/index.php\/proyectos\/voluntariado-escuela-de-futbol\/\"]}]},{\"@type\":\"ImageObject\",\"inLanguage\":\"es\",\"@id\":\"https:\/\/www.asociacionaise.org\/index.php\/proyectos\/voluntariado-escuela-de-futbol\/#primaryimage\",\"url\":\"https:\/\/www.asociacionaise.org\/wp-content\/uploads\/2013\/09\/12009731_902156373166181_6995000464790912637_n.jpg\",\"contentUrl\":\"https:\/\/www.asociacionaise.org\/wp-content\/uploads\/2013\/09\/12009731_902156373166181_6995000464790912637_n.jpg\",\"width\":960,\"height\":720},{\"@type\":\"BreadcrumbList\",\"@id\":\"https:\/\/www.asociacionaise.org\/index.php\/proyectos\/voluntariado-escuela-de-futbol\/#breadcrumb\",\"itemListElement\":[{\"@type\":\"ListItem\",\"position\":1,\"name\":\"Portada\",\"item\":\"https:\/\/www.asociacionaise.org\/\"},{\"@type\":\"ListItem\",\"position\":2,\"name\":\"QU\u00c9 HACEMOS\",\"item\":\"https:\/\/www.asociacionaise.org\/index.php\/proyectos\/\"},{\"@type\":\"ListItem\",\"position\":3,\"name\":\"ESCUELA DE F\u00daTBOL\"}]},{\"@type\":\"WebSite\",\"@id\":\"https:\/\/www.asociacionaise.org\/#website\",\"url\":\"https:\/\/www.asociacionaise.org\/\",\"name\":\"AISE\",\"description\":\"Asociaci\u00f3n Internacional de Sanitarios en Espa\u00f1a\",\"publisher\":{\"@id\":\"https:\/\/www.asociacionaise.org\/#organization\"},\"potentialAction\":[{\"@type\":\"SearchAction\",\"target\":{\"@type\":\"EntryPoint\",\"urlTemplate\":\"https:\/\/www.asociacionaise.org\/?s={search_term_string}\"},\"query-input\":{\"@type\":\"PropertyValueSpecification\",\"valueRequired\":true,\"valueName\":\"search_term_string\"}}],\"inLanguage\":\"es\"},{\"@type\":\"Organization\",\"@id\":\"https:\/\/www.asociacionaise.org\/#organization\",\"name\":\"Asociacion AISE\",\"url\":\"https:\/\/www.asociacionaise.org\/\",\"logo\":{\"@type\":\"ImageObject\",\"inLanguage\":\"es\",\"@id\":\"https:\/\/www.asociacionaise.org\/#\/schema\/logo\/image\/\",\"url\":\"http:\/\/www.asociacionaise.org\/wp-content\/uploads\/2020\/02\/logo256.png\",\"contentUrl\":\"http:\/\/www.asociacionaise.org\/wp-content\/uploads\/2020\/02\/logo256.png\",\"width\":256,\"height\":256,\"caption\":\"Asociacion AISE\"},\"image\":{\"@id\":\"https:\/\/www.asociacionaise.org\/#\/schema\/logo\/image\/\"},\"sameAs\":[\"https:\/\/www.facebook.com\/AISEOrg\/\",\"https:\/\/x.com\/ASOCIACIONAISE\",\"https:\/\/www.instagram.com\/aise_voluntariado\/\",\"https:\/\/www.linkedin.com\/in\/asociacion-aise-64a445147\/\"]}]}<\/script>\n<!-- \/ Yoast SEO plugin. -->","yoast_head_json":{"title":"ESCUELA DE F\u00daTBOL - AISE","robots":{"index":"index","follow":"follow","max-snippet":"max-snippet:-1","max-image-preview":"max-image-preview:large","max-video-preview":"max-video-preview:-1"},"canonical":"https:\/\/www.asociacionaise.org\/index.php\/proyectos\/voluntariado-escuela-de-futbol\/","og_locale":"es_ES","og_type":"article","og_title":"ESCUELA DE F\u00daTBOL - AISE","og_description":"Gracias a la creaci\u00f3n en Ecuador del Club Deportivo Formativo Especializado AISE- CD Almeda en 2016 podemos ofrecer unos\u00a0valores educativos intr\u00ednsecos en el deporte a ni\u00f1os con riesgo de problem\u00e1ticas sociales. Debemos tener en cuenta que el\u00a027% de ni\u00f1os ecuatorianos abandonan la escuela al terminar la primaria y la inactividad f\u00edsica en adolescentes es del [&hellip;]","og_url":"https:\/\/www.asociacionaise.org\/index.php\/proyectos\/voluntariado-escuela-de-futbol\/","og_site_name":"AISE","article_publisher":"https:\/\/www.facebook.com\/AISEOrg\/","article_modified_time":"2018-01-01T03:58:47+00:00","og_image":[{"url":"http:\/\/www.asociacionaise.org\/wp-content\/uploads\/2013\/09\/12009731_902156373166181_6995000464790912637_n-300x225.jpg","type":"","width":"","height":""}],"twitter_card":"summary_large_image","twitter_site":"@ASOCIACIONAISE","twitter_misc":{"Tiempo de lectura":"2 minutos"},"schema":{"@context":"https:\/\/schema.org","@graph":[{"@type":"WebPage","@id":"https:\/\/www.asociacionaise.org\/index.php\/proyectos\/voluntariado-escuela-de-futbol\/","url":"https:\/\/www.asociacionaise.org\/index.php\/proyectos\/voluntariado-escuela-de-futbol\/","name":"ESCUELA DE F\u00daTBOL - AISE","isPartOf":{"@id":"https:\/\/www.asociacionaise.org\/#website"},"primaryImageOfPage":{"@id":"https:\/\/www.asociacionaise.org\/index.php\/proyectos\/voluntariado-escuela-de-futbol\/#primaryimage"},"image":{"@id":"https:\/\/www.asociacionaise.org\/index.php\/proyectos\/voluntariado-escuela-de-futbol\/#primaryimage"},"thumbnailUrl":"http:\/\/www.asociacionaise.org\/wp-content\/uploads\/2013\/09\/12009731_902156373166181_6995000464790912637_n-300x225.jpg","datePublished":"2013-09-20T17:39:44+00:00","dateModified":"2018-01-01T03:58:47+00:00","breadcrumb":{"@id":"https:\/\/www.asociacionaise.org\/index.php\/proyectos\/voluntariado-escuela-de-futbol\/#breadcrumb"},"inLanguage":"es","potentialAction":[{"@type":"ReadAction","target":["https:\/\/www.asociacionaise.org\/index.php\/proyectos\/voluntariado-escuela-de-futbol\/"]}]},{"@type":"ImageObject","inLanguage":"es","@id":"https:\/\/www.asociacionaise.org\/index.php\/proyectos\/voluntariado-escuela-de-futbol\/#primaryimage","url":"https:\/\/www.asociacionaise.org\/wp-content\/uploads\/2013\/09\/12009731_902156373166181_6995000464790912637_n.jpg","contentUrl":"https:\/\/www.asociacionaise.org\/wp-content\/uploads\/2013\/09\/12009731_902156373166181_6995000464790912637_n.jpg","width":960,"height":720},{"@type":"BreadcrumbList","@id":"https:\/\/www.asociacionaise.org\/index.php\/proyectos\/voluntariado-escuela-de-futbol\/#breadcrumb","itemListElement":[{"@type":"ListItem","position":1,"name":"Portada","item":"https:\/\/www.asociacionaise.org\/"},{"@type":"ListItem","position":2,"name":"QU\u00c9 HACEMOS","item":"https:\/\/www.asociacionaise.org\/index.php\/proyectos\/"},{"@type":"ListItem","position":3,"name":"ESCUELA DE F\u00daTBOL"}]},{"@type":"WebSite","@id":"https:\/\/www.asociacionaise.org\/#website","url":"https:\/\/www.asociacionaise.org\/","name":"AISE","description":"Asociaci\u00f3n Internacional de Sanitarios en Espa\u00f1a","publisher":{"@id":"https:\/\/www.asociacionaise.org\/#organization"},"potentialAction":[{"@type":"SearchAction","target":{"@type":"EntryPoint","urlTemplate":"https:\/\/www.asociacionaise.org\/?s={search_term_string}"},"query-input":{"@type":"PropertyValueSpecification","valueRequired":true,"valueName":"search_term_string"}}],"inLanguage":"es"},{"@type":"Organization","@id":"https:\/\/www.asociacionaise.org\/#organization","name":"Asociacion AISE","url":"https:\/\/www.asociacionaise.org\/","logo":{"@type":"ImageObject","inLanguage":"es","@id":"https:\/\/www.asociacionaise.org\/#\/schema\/logo\/image\/","url":"http:\/\/www.asociacionaise.org\/wp-content\/uploads\/2020\/02\/logo256.png","contentUrl":"http:\/\/www.asociacionaise.org\/wp-content\/uploads\/2020\/02\/logo256.png","width":256,"height":256,"caption":"Asociacion AISE"},"image":{"@id":"https:\/\/www.asociacionaise.org\/#\/schema\/logo\/image\/"},"sameAs":["https:\/\/www.facebook.com\/AISEOrg\/","https:\/\/x.com\/ASOCIACIONAISE","https:\/\/www.instagram.com\/aise_voluntariado\/","https:\/\/www.linkedin.com\/in\/asociacion-aise-64a445147\/"]}]}},"_links":{"self":[{"href":"https:\/\/www.asociacionaise.org\/index.php\/wp-json\/wp\/v2\/pages\/294","targetHints":{"allow":["GET"]}}],"collection":[{"href":"https:\/\/www.asociacionaise.org\/index.php\/wp-json\/wp\/v2\/pages"}],"about":[{"href":"https:\/\/www.asociacionaise.org\/index.php\/wp-json\/wp\/v2\/types\/page"}],"author":[{"embeddable":true,"href":"https:\/\/www.asociacionaise.org\/index.php\/wp-json\/wp\/v2\/users\/5"}],"replies":[{"embeddable":true,"href":"https:\/\/www.asociacionaise.org\/index.php\/wp-json\/wp\/v2\/comments?post=294"}],"version-history":[{"count":19,"href":"https:\/\/www.asociacionaise.org\/index.php\/wp-json\/wp\/v2\/pages\/294\/revisions"}],"predecessor-version":[{"id":3869,"href":"https:\/\/www.asociacionaise.org\/index.php\/wp-json\/wp\/v2\/pages\/294\/revisions\/3869"}],"up":[{"embeddable":true,"href":"https:\/\/www.asociacionaise.org\/index.php\/wp-json\/wp\/v2\/pages\/41"}],"wp:attachment":[{"href":"https:\/\/www.asociacionaise.org\/index.php\/wp-json\/wp\/v2\/media?parent=294"}],"curies":[{"name":"wp","href":"https:\/\/api.w.org\/{rel}","templated":true}]}}