{"id":29,"date":"2013-03-12T11:55:29","date_gmt":"2013-03-12T11:55:29","guid":{"rendered":"http:\/\/aiseweb.wordpress.com\/?page_id=29"},"modified":"2016-03-24T05:04:03","modified_gmt":"2016-03-24T05:04:03","slug":"quienes-somos-2","status":"publish","type":"page","link":"https:\/\/www.asociacionaise.org\/index.php\/quienes-somos-2\/","title":{"rendered":"QUIENES SOMOS"},"content":{"rendered":"<p><a style=\"text-align: justify;\" href=\"https:\/\/www.asociacionaise.org\/wp-content\/uploads\/2013\/03\/Logo-AISE-NO-oficial.jpg\"><img loading=\"lazy\" decoding=\"async\" class=\"alignright  wp-image-504\" alt=\"Logo AISE NO oficial\" src=\"https:\/\/www.asociacionaise.org\/wp-content\/uploads\/2013\/03\/Logo-AISE-NO-oficial.jpg\" width=\"189\" height=\"184\" \/><\/a><\/p>\n<p style=\"text-align: justify;\">AISE nace oficialmente en Barcelona en el a\u00f1o 2009, gracias a un grupo de profesionales sanitarios de diversas nacionalidades, que tienen el objetivo de mejorar la salud de las poblaciones en Ecuador. Ten\u00edan inquietudes comunes y conoc\u00edan bien la situaci\u00f3n que se viv\u00eda en el pa\u00eds gracias a su experiencia previa.<\/p>\n<p style=\"text-align: justify;\">Las personas que formamos\u00a0AISE\u00a0somos <strong>VOLUNTARIOS<\/strong> que compartimos unos intereses y unas ilusiones que nos identifican como miembros activos y comprometidos de esta organizaci\u00f3n, donde a su vez aportamos conocimientos y dedicaci\u00f3n en lo que hacemos, ya que creemos firmemente en poder cambiar la realidad actual.<\/p>\n<p style=\"text-align: justify;\">AISE est\u00e1 inscrita en la\u00a0<strong>Agencia Espa\u00f1ola de Cooperaci\u00f3n Internacional para el Desarrollo<\/strong>\u00a0(AECID).<\/p>\n<p style=\"text-align: justify;\">Nuestra sede se encuentra en Barcelona, estamos registrados en el Ministerio del Interior como<strong> asociaci\u00f3n de \u00e1mbito nacional<\/strong>.<\/p>\n<p style=\"text-align: justify;\">Adem\u00e1s pertenecemos a la asociaci\u00f3n de entidades i grupos de solidaridad de cooperaci\u00f3n <strong><a href=\"http:\/\/www.casasolidaritat.org\/\">Casa de la Solidaritat i la Pau<\/a><\/strong>\u00a0de Sta. Coloma de Gramenet con el que llevamos a cabo un\u00a0proyecto de cooperaci\u00f3n y solidaridad de acci\u00f3n com\u00fan.<\/p>\n<p style=\"text-align: justify;\">AISE tambi\u00e9n es una de las\u00a0entidades que forman parte del <strong>Consejo de Solidaridad y Cooperaci\u00f3n<\/strong> del\u00a0Departamento de Cooperaci\u00f3n y Solidaridad del Ayuntamiento Sta. Coloma de Gramenet.<\/p>\n<p><em>CONOCE A <a title=\"Equipo\" href=\"https:\/\/www.asociacionaise.org\/?page_id=35\">NUESTRO EQUIPO<\/a> y <a title=\"Socios locales\" href=\"https:\/\/www.asociacionaise.org\/?page_id=130\">NUESTROS SOCIOS LOCALES<\/a><\/em><\/p>\n","protected":false},"excerpt":{"rendered":"<p>AISE nace oficialmente en Barcelona en el a\u00f1o 2009, gracias a un grupo de profesionales sanitarios de diversas nacionalidades, que tienen el objetivo de mejorar la salud de las poblaciones en Ecuador. Ten\u00edan inquietudes comunes y conoc\u00edan bien la situaci\u00f3n que se viv\u00eda en el pa\u00eds gracias a su experiencia previa. Las personas que formamos\u00a0AISE\u00a0somos [&hellip;]<\/p>\n","protected":false},"author":5,"featured_media":0,"parent":0,"menu_order":1,"comment_status":"closed","ping_status":"open","template":"","meta":{"footnotes":""},"class_list":["post-29","page","type-page","status-publish","hentry"],"yoast_head":"<!-- This site is optimized with the Yoast SEO plugin v24.9 - https:\/\/yoast.com\/wordpress\/plugins\/seo\/ -->\n<title>QUIENES SOMOS - AISE<\/title>\n<meta name=\"robots\" content=\"index, follow, max-snippet:-1, max-image-preview:large, max-video-preview:-1\" \/>\n<link rel=\"canonical\" href=\"https:\/\/www.asociacionaise.org\/index.php\/quienes-somos-2\/\" \/>\n<meta property=\"og:locale\" content=\"es_ES\" \/>\n<meta property=\"og:type\" content=\"article\" \/>\n<meta property=\"og:title\" content=\"QUIENES SOMOS - AISE\" \/>\n<meta property=\"og:description\" content=\"AISE nace oficialmente en Barcelona en el a\u00f1o 2009, gracias a un grupo de profesionales sanitarios de diversas nacionalidades, que tienen el objetivo de mejorar la salud de las poblaciones en Ecuador. Ten\u00edan inquietudes comunes y conoc\u00edan bien la situaci\u00f3n que se viv\u00eda en el pa\u00eds gracias a su experiencia previa. Las personas que formamos\u00a0AISE\u00a0somos [&hellip;]\" \/>\n<meta property=\"og:url\" content=\"https:\/\/www.asociacionaise.org\/index.php\/quienes-somos-2\/\" \/>\n<meta property=\"og:site_name\" content=\"AISE\" \/>\n<meta property=\"article:publisher\" content=\"https:\/\/www.facebook.com\/AISEOrg\/\" \/>\n<meta property=\"article:modified_time\" content=\"2016-03-24T05:04:03+00:00\" \/>\n<meta property=\"og:image\" content=\"http:\/\/www.asociacionaise.org\/wp-content\/uploads\/2013\/03\/Logo-AISE-NO-oficial.jpg\" \/>\n<meta name=\"twitter:card\" content=\"summary_large_image\" \/>\n<meta name=\"twitter:site\" content=\"@ASOCIACIONAISE\" \/>\n<meta name=\"twitter:label1\" content=\"Tiempo de lectura\" \/>\n\t<meta name=\"twitter:data1\" content=\"1 minuto\" \/>\n<script type=\"application\/ld+json\" class=\"yoast-schema-graph\">{\"@context\":\"https:\/\/schema.org\",\"@graph\":[{\"@type\":\"WebPage\",\"@id\":\"https:\/\/www.asociacionaise.org\/index.php\/quienes-somos-2\/\",\"url\":\"https:\/\/www.asociacionaise.org\/index.php\/quienes-somos-2\/\",\"name\":\"QUIENES SOMOS - AISE\",\"isPartOf\":{\"@id\":\"https:\/\/www.asociacionaise.org\/#website\"},\"primaryImageOfPage\":{\"@id\":\"https:\/\/www.asociacionaise.org\/index.php\/quienes-somos-2\/#primaryimage\"},\"image\":{\"@id\":\"https:\/\/www.asociacionaise.org\/index.php\/quienes-somos-2\/#primaryimage\"},\"thumbnailUrl\":\"http:\/\/www.asociacionaise.org\/wp-content\/uploads\/2013\/03\/Logo-AISE-NO-oficial.jpg\",\"datePublished\":\"2013-03-12T11:55:29+00:00\",\"dateModified\":\"2016-03-24T05:04:03+00:00\",\"breadcrumb\":{\"@id\":\"https:\/\/www.asociacionaise.org\/index.php\/quienes-somos-2\/#breadcrumb\"},\"inLanguage\":\"es\",\"potentialAction\":[{\"@type\":\"ReadAction\",\"target\":[\"https:\/\/www.asociacionaise.org\/index.php\/quienes-somos-2\/\"]}]},{\"@type\":\"ImageObject\",\"inLanguage\":\"es\",\"@id\":\"https:\/\/www.asociacionaise.org\/index.php\/quienes-somos-2\/#primaryimage\",\"url\":\"https:\/\/www.asociacionaise.org\/wp-content\/uploads\/2013\/03\/Logo-AISE-NO-oficial.jpg\",\"contentUrl\":\"https:\/\/www.asociacionaise.org\/wp-content\/uploads\/2013\/03\/Logo-AISE-NO-oficial.jpg\",\"width\":626,\"height\":608},{\"@type\":\"BreadcrumbList\",\"@id\":\"https:\/\/www.asociacionaise.org\/index.php\/quienes-somos-2\/#breadcrumb\",\"itemListElement\":[{\"@type\":\"ListItem\",\"position\":1,\"name\":\"Portada\",\"item\":\"https:\/\/www.asociacionaise.org\/\"},{\"@type\":\"ListItem\",\"position\":2,\"name\":\"QUIENES SOMOS\"}]},{\"@type\":\"WebSite\",\"@id\":\"https:\/\/www.asociacionaise.org\/#website\",\"url\":\"https:\/\/www.asociacionaise.org\/\",\"name\":\"AISE\",\"description\":\"Asociaci\u00f3n Internacional de Sanitarios en Espa\u00f1a\",\"publisher\":{\"@id\":\"https:\/\/www.asociacionaise.org\/#organization\"},\"potentialAction\":[{\"@type\":\"SearchAction\",\"target\":{\"@type\":\"EntryPoint\",\"urlTemplate\":\"https:\/\/www.asociacionaise.org\/?s={search_term_string}\"},\"query-input\":{\"@type\":\"PropertyValueSpecification\",\"valueRequired\":true,\"valueName\":\"search_term_string\"}}],\"inLanguage\":\"es\"},{\"@type\":\"Organization\",\"@id\":\"https:\/\/www.asociacionaise.org\/#organization\",\"name\":\"Asociacion AISE\",\"url\":\"https:\/\/www.asociacionaise.org\/\",\"logo\":{\"@type\":\"ImageObject\",\"inLanguage\":\"es\",\"@id\":\"https:\/\/www.asociacionaise.org\/#\/schema\/logo\/image\/\",\"url\":\"http:\/\/www.asociacionaise.org\/wp-content\/uploads\/2020\/02\/logo256.png\",\"contentUrl\":\"http:\/\/www.asociacionaise.org\/wp-content\/uploads\/2020\/02\/logo256.png\",\"width\":256,\"height\":256,\"caption\":\"Asociacion AISE\"},\"image\":{\"@id\":\"https:\/\/www.asociacionaise.org\/#\/schema\/logo\/image\/\"},\"sameAs\":[\"https:\/\/www.facebook.com\/AISEOrg\/\",\"https:\/\/x.com\/ASOCIACIONAISE\",\"https:\/\/www.instagram.com\/aise_voluntariado\/\",\"https:\/\/www.linkedin.com\/in\/asociacion-aise-64a445147\/\"]}]}<\/script>\n<!-- \/ Yoast SEO plugin. -->","yoast_head_json":{"title":"QUIENES SOMOS - AISE","robots":{"index":"index","follow":"follow","max-snippet":"max-snippet:-1","max-image-preview":"max-image-preview:large","max-video-preview":"max-video-preview:-1"},"canonical":"https:\/\/www.asociacionaise.org\/index.php\/quienes-somos-2\/","og_locale":"es_ES","og_type":"article","og_title":"QUIENES SOMOS - AISE","og_description":"AISE nace oficialmente en Barcelona en el a\u00f1o 2009, gracias a un grupo de profesionales sanitarios de diversas nacionalidades, que tienen el objetivo de mejorar la salud de las poblaciones en Ecuador. Ten\u00edan inquietudes comunes y conoc\u00edan bien la situaci\u00f3n que se viv\u00eda en el pa\u00eds gracias a su experiencia previa. Las personas que formamos\u00a0AISE\u00a0somos [&hellip;]","og_url":"https:\/\/www.asociacionaise.org\/index.php\/quienes-somos-2\/","og_site_name":"AISE","article_publisher":"https:\/\/www.facebook.com\/AISEOrg\/","article_modified_time":"2016-03-24T05:04:03+00:00","og_image":[{"url":"http:\/\/www.asociacionaise.org\/wp-content\/uploads\/2013\/03\/Logo-AISE-NO-oficial.jpg","type":"","width":"","height":""}],"twitter_card":"summary_large_image","twitter_site":"@ASOCIACIONAISE","twitter_misc":{"Tiempo de lectura":"1 minuto"},"schema":{"@context":"https:\/\/schema.org","@graph":[{"@type":"WebPage","@id":"https:\/\/www.asociacionaise.org\/index.php\/quienes-somos-2\/","url":"https:\/\/www.asociacionaise.org\/index.php\/quienes-somos-2\/","name":"QUIENES SOMOS - AISE","isPartOf":{"@id":"https:\/\/www.asociacionaise.org\/#website"},"primaryImageOfPage":{"@id":"https:\/\/www.asociacionaise.org\/index.php\/quienes-somos-2\/#primaryimage"},"image":{"@id":"https:\/\/www.asociacionaise.org\/index.php\/quienes-somos-2\/#primaryimage"},"thumbnailUrl":"http:\/\/www.asociacionaise.org\/wp-content\/uploads\/2013\/03\/Logo-AISE-NO-oficial.jpg","datePublished":"2013-03-12T11:55:29+00:00","dateModified":"2016-03-24T05:04:03+00:00","breadcrumb":{"@id":"https:\/\/www.asociacionaise.org\/index.php\/quienes-somos-2\/#breadcrumb"},"inLanguage":"es","potentialAction":[{"@type":"ReadAction","target":["https:\/\/www.asociacionaise.org\/index.php\/quienes-somos-2\/"]}]},{"@type":"ImageObject","inLanguage":"es","@id":"https:\/\/www.asociacionaise.org\/index.php\/quienes-somos-2\/#primaryimage","url":"https:\/\/www.asociacionaise.org\/wp-content\/uploads\/2013\/03\/Logo-AISE-NO-oficial.jpg","contentUrl":"https:\/\/www.asociacionaise.org\/wp-content\/uploads\/2013\/03\/Logo-AISE-NO-oficial.jpg","width":626,"height":608},{"@type":"BreadcrumbList","@id":"https:\/\/www.asociacionaise.org\/index.php\/quienes-somos-2\/#breadcrumb","itemListElement":[{"@type":"ListItem","position":1,"name":"Portada","item":"https:\/\/www.asociacionaise.org\/"},{"@type":"ListItem","position":2,"name":"QUIENES SOMOS"}]},{"@type":"WebSite","@id":"https:\/\/www.asociacionaise.org\/#website","url":"https:\/\/www.asociacionaise.org\/","name":"AISE","description":"Asociaci\u00f3n Internacional de Sanitarios en Espa\u00f1a","publisher":{"@id":"https:\/\/www.asociacionaise.org\/#organization"},"potentialAction":[{"@type":"SearchAction","target":{"@type":"EntryPoint","urlTemplate":"https:\/\/www.asociacionaise.org\/?s={search_term_string}"},"query-input":{"@type":"PropertyValueSpecification","valueRequired":true,"valueName":"search_term_string"}}],"inLanguage":"es"},{"@type":"Organization","@id":"https:\/\/www.asociacionaise.org\/#organization","name":"Asociacion AISE","url":"https:\/\/www.asociacionaise.org\/","logo":{"@type":"ImageObject","inLanguage":"es","@id":"https:\/\/www.asociacionaise.org\/#\/schema\/logo\/image\/","url":"http:\/\/www.asociacionaise.org\/wp-content\/uploads\/2020\/02\/logo256.png","contentUrl":"http:\/\/www.asociacionaise.org\/wp-content\/uploads\/2020\/02\/logo256.png","width":256,"height":256,"caption":"Asociacion AISE"},"image":{"@id":"https:\/\/www.asociacionaise.org\/#\/schema\/logo\/image\/"},"sameAs":["https:\/\/www.facebook.com\/AISEOrg\/","https:\/\/x.com\/ASOCIACIONAISE","https:\/\/www.instagram.com\/aise_voluntariado\/","https:\/\/www.linkedin.com\/in\/asociacion-aise-64a445147\/"]}]}},"_links":{"self":[{"href":"https:\/\/www.asociacionaise.org\/index.php\/wp-json\/wp\/v2\/pages\/29","targetHints":{"allow":["GET"]}}],"collection":[{"href":"https:\/\/www.asociacionaise.org\/index.php\/wp-json\/wp\/v2\/pages"}],"about":[{"href":"https:\/\/www.asociacionaise.org\/index.php\/wp-json\/wp\/v2\/types\/page"}],"author":[{"embeddable":true,"href":"https:\/\/www.asociacionaise.org\/index.php\/wp-json\/wp\/v2\/users\/5"}],"replies":[{"embeddable":true,"href":"https:\/\/www.asociacionaise.org\/index.php\/wp-json\/wp\/v2\/comments?post=29"}],"version-history":[{"count":16,"href":"https:\/\/www.asociacionaise.org\/index.php\/wp-json\/wp\/v2\/pages\/29\/revisions"}],"predecessor-version":[{"id":142,"href":"https:\/\/www.asociacionaise.org\/index.php\/wp-json\/wp\/v2\/pages\/29\/revisions\/142"}],"wp:attachment":[{"href":"https:\/\/www.asociacionaise.org\/index.php\/wp-json\/wp\/v2\/media?parent=29"}],"curies":[{"name":"wp","href":"https:\/\/api.w.org\/{rel}","templated":true}]}}