{"id":268,"date":"2013-09-20T17:21:15","date_gmt":"2013-09-20T17:21:15","guid":{"rendered":"http:\/\/www.asociacionaise.org\/?page_id=268"},"modified":"2013-09-25T08:25:44","modified_gmt":"2013-09-25T08:25:44","slug":"realiza-tus-practicas","status":"publish","type":"page","link":"https:\/\/www.asociacionaise.org\/index.php\/voluntariado\/realiza-tus-practicas\/","title":{"rendered":"Realiza tus Pr\u00e1cticas"},"content":{"rendered":"<p style=\"text-align: justify;\">\u00bfEst\u00e1s estudiando administraci\u00f3n, inform\u00e1tica, enfermer\u00eda, psicolog\u00eda u otra profesi\u00f3n relacionada con la labor que realiza AISE? \u00bfTe gustar\u00eda realizar tus pr\u00e1cticas en nuestra asociaci\u00f3n? S\u00f3lo debes ponerte en contacto con nosotros, y si tu centro de estudios aprueba la propuesta, estaremos encantados de contar con tu ayuda como estudiante, tutorizarte y transmitirte nuestra motivaci\u00f3n por la cooperaci\u00f3n.<\/p>\n<p style=\"text-align: justify;\">Ponte en contacto con nosotros <a title=\"CONTACTA\" href=\"https:\/\/www.asociacionaise.org\/?page_id=62\">aqu\u00ed<\/a>.<\/p>\n","protected":false},"excerpt":{"rendered":"<p>\u00bfEst\u00e1s estudiando administraci\u00f3n, inform\u00e1tica, enfermer\u00eda, psicolog\u00eda u otra profesi\u00f3n relacionada con la labor que realiza AISE? \u00bfTe gustar\u00eda realizar tus pr\u00e1cticas en nuestra asociaci\u00f3n? S\u00f3lo debes ponerte en contacto con nosotros, y si tu centro de estudios aprueba la propuesta, estaremos encantados de contar con tu ayuda como estudiante, tutorizarte y transmitirte nuestra motivaci\u00f3n por [&hellip;]<\/p>\n","protected":false},"author":5,"featured_media":0,"parent":59,"menu_order":4,"comment_status":"closed","ping_status":"closed","template":"","meta":{"footnotes":""},"class_list":["post-268","page","type-page","status-publish","hentry"],"yoast_head":"<!-- This site is optimized with the Yoast SEO plugin v24.9 - https:\/\/yoast.com\/wordpress\/plugins\/seo\/ -->\n<title>Realiza tus Pr\u00e1cticas - AISE<\/title>\n<meta name=\"robots\" content=\"index, follow, max-snippet:-1, max-image-preview:large, max-video-preview:-1\" \/>\n<link rel=\"canonical\" href=\"https:\/\/www.asociacionaise.org\/index.php\/voluntariado\/realiza-tus-practicas\/\" \/>\n<meta property=\"og:locale\" content=\"es_ES\" \/>\n<meta property=\"og:type\" content=\"article\" \/>\n<meta property=\"og:title\" content=\"Realiza tus Pr\u00e1cticas - AISE\" \/>\n<meta property=\"og:description\" content=\"\u00bfEst\u00e1s estudiando administraci\u00f3n, inform\u00e1tica, enfermer\u00eda, psicolog\u00eda u otra profesi\u00f3n relacionada con la labor que realiza AISE? \u00bfTe gustar\u00eda realizar tus pr\u00e1cticas en nuestra asociaci\u00f3n? S\u00f3lo debes ponerte en contacto con nosotros, y si tu centro de estudios aprueba la propuesta, estaremos encantados de contar con tu ayuda como estudiante, tutorizarte y transmitirte nuestra motivaci\u00f3n por [&hellip;]\" \/>\n<meta property=\"og:url\" content=\"https:\/\/www.asociacionaise.org\/index.php\/voluntariado\/realiza-tus-practicas\/\" \/>\n<meta property=\"og:site_name\" content=\"AISE\" \/>\n<meta property=\"article:publisher\" content=\"https:\/\/www.facebook.com\/AISEOrg\/\" \/>\n<meta property=\"article:modified_time\" content=\"2013-09-25T08:25:44+00:00\" \/>\n<meta name=\"twitter:card\" content=\"summary_large_image\" \/>\n<meta name=\"twitter:site\" content=\"@ASOCIACIONAISE\" \/>\n<script type=\"application\/ld+json\" class=\"yoast-schema-graph\">{\"@context\":\"https:\/\/schema.org\",\"@graph\":[{\"@type\":\"WebPage\",\"@id\":\"https:\/\/www.asociacionaise.org\/index.php\/voluntariado\/realiza-tus-practicas\/\",\"url\":\"https:\/\/www.asociacionaise.org\/index.php\/voluntariado\/realiza-tus-practicas\/\",\"name\":\"Realiza tus Pr\u00e1cticas - AISE\",\"isPartOf\":{\"@id\":\"https:\/\/www.asociacionaise.org\/#website\"},\"datePublished\":\"2013-09-20T17:21:15+00:00\",\"dateModified\":\"2013-09-25T08:25:44+00:00\",\"breadcrumb\":{\"@id\":\"https:\/\/www.asociacionaise.org\/index.php\/voluntariado\/realiza-tus-practicas\/#breadcrumb\"},\"inLanguage\":\"es\",\"potentialAction\":[{\"@type\":\"ReadAction\",\"target\":[\"https:\/\/www.asociacionaise.org\/index.php\/voluntariado\/realiza-tus-practicas\/\"]}]},{\"@type\":\"BreadcrumbList\",\"@id\":\"https:\/\/www.asociacionaise.org\/index.php\/voluntariado\/realiza-tus-practicas\/#breadcrumb\",\"itemListElement\":[{\"@type\":\"ListItem\",\"position\":1,\"name\":\"Portada\",\"item\":\"https:\/\/www.asociacionaise.org\/\"},{\"@type\":\"ListItem\",\"position\":2,\"name\":\"C\u00d3MO AYUDAR\",\"item\":\"https:\/\/www.asociacionaise.org\/index.php\/voluntariado\/\"},{\"@type\":\"ListItem\",\"position\":3,\"name\":\"Realiza tus Pr\u00e1cticas\"}]},{\"@type\":\"WebSite\",\"@id\":\"https:\/\/www.asociacionaise.org\/#website\",\"url\":\"https:\/\/www.asociacionaise.org\/\",\"name\":\"AISE\",\"description\":\"Asociaci\u00f3n Internacional de Sanitarios en Espa\u00f1a\",\"publisher\":{\"@id\":\"https:\/\/www.asociacionaise.org\/#organization\"},\"potentialAction\":[{\"@type\":\"SearchAction\",\"target\":{\"@type\":\"EntryPoint\",\"urlTemplate\":\"https:\/\/www.asociacionaise.org\/?s={search_term_string}\"},\"query-input\":{\"@type\":\"PropertyValueSpecification\",\"valueRequired\":true,\"valueName\":\"search_term_string\"}}],\"inLanguage\":\"es\"},{\"@type\":\"Organization\",\"@id\":\"https:\/\/www.asociacionaise.org\/#organization\",\"name\":\"Asociacion AISE\",\"url\":\"https:\/\/www.asociacionaise.org\/\",\"logo\":{\"@type\":\"ImageObject\",\"inLanguage\":\"es\",\"@id\":\"https:\/\/www.asociacionaise.org\/#\/schema\/logo\/image\/\",\"url\":\"http:\/\/www.asociacionaise.org\/wp-content\/uploads\/2020\/02\/logo256.png\",\"contentUrl\":\"http:\/\/www.asociacionaise.org\/wp-content\/uploads\/2020\/02\/logo256.png\",\"width\":256,\"height\":256,\"caption\":\"Asociacion AISE\"},\"image\":{\"@id\":\"https:\/\/www.asociacionaise.org\/#\/schema\/logo\/image\/\"},\"sameAs\":[\"https:\/\/www.facebook.com\/AISEOrg\/\",\"https:\/\/x.com\/ASOCIACIONAISE\",\"https:\/\/www.instagram.com\/aise_voluntariado\/\",\"https:\/\/www.linkedin.com\/in\/asociacion-aise-64a445147\/\"]}]}<\/script>\n<!-- \/ Yoast SEO plugin. -->","yoast_head_json":{"title":"Realiza tus Pr\u00e1cticas - AISE","robots":{"index":"index","follow":"follow","max-snippet":"max-snippet:-1","max-image-preview":"max-image-preview:large","max-video-preview":"max-video-preview:-1"},"canonical":"https:\/\/www.asociacionaise.org\/index.php\/voluntariado\/realiza-tus-practicas\/","og_locale":"es_ES","og_type":"article","og_title":"Realiza tus Pr\u00e1cticas - AISE","og_description":"\u00bfEst\u00e1s estudiando administraci\u00f3n, inform\u00e1tica, enfermer\u00eda, psicolog\u00eda u otra profesi\u00f3n relacionada con la labor que realiza AISE? \u00bfTe gustar\u00eda realizar tus pr\u00e1cticas en nuestra asociaci\u00f3n? S\u00f3lo debes ponerte en contacto con nosotros, y si tu centro de estudios aprueba la propuesta, estaremos encantados de contar con tu ayuda como estudiante, tutorizarte y transmitirte nuestra motivaci\u00f3n por [&hellip;]","og_url":"https:\/\/www.asociacionaise.org\/index.php\/voluntariado\/realiza-tus-practicas\/","og_site_name":"AISE","article_publisher":"https:\/\/www.facebook.com\/AISEOrg\/","article_modified_time":"2013-09-25T08:25:44+00:00","twitter_card":"summary_large_image","twitter_site":"@ASOCIACIONAISE","schema":{"@context":"https:\/\/schema.org","@graph":[{"@type":"WebPage","@id":"https:\/\/www.asociacionaise.org\/index.php\/voluntariado\/realiza-tus-practicas\/","url":"https:\/\/www.asociacionaise.org\/index.php\/voluntariado\/realiza-tus-practicas\/","name":"Realiza tus Pr\u00e1cticas - AISE","isPartOf":{"@id":"https:\/\/www.asociacionaise.org\/#website"},"datePublished":"2013-09-20T17:21:15+00:00","dateModified":"2013-09-25T08:25:44+00:00","breadcrumb":{"@id":"https:\/\/www.asociacionaise.org\/index.php\/voluntariado\/realiza-tus-practicas\/#breadcrumb"},"inLanguage":"es","potentialAction":[{"@type":"ReadAction","target":["https:\/\/www.asociacionaise.org\/index.php\/voluntariado\/realiza-tus-practicas\/"]}]},{"@type":"BreadcrumbList","@id":"https:\/\/www.asociacionaise.org\/index.php\/voluntariado\/realiza-tus-practicas\/#breadcrumb","itemListElement":[{"@type":"ListItem","position":1,"name":"Portada","item":"https:\/\/www.asociacionaise.org\/"},{"@type":"ListItem","position":2,"name":"C\u00d3MO AYUDAR","item":"https:\/\/www.asociacionaise.org\/index.php\/voluntariado\/"},{"@type":"ListItem","position":3,"name":"Realiza tus Pr\u00e1cticas"}]},{"@type":"WebSite","@id":"https:\/\/www.asociacionaise.org\/#website","url":"https:\/\/www.asociacionaise.org\/","name":"AISE","description":"Asociaci\u00f3n Internacional de Sanitarios en Espa\u00f1a","publisher":{"@id":"https:\/\/www.asociacionaise.org\/#organization"},"potentialAction":[{"@type":"SearchAction","target":{"@type":"EntryPoint","urlTemplate":"https:\/\/www.asociacionaise.org\/?s={search_term_string}"},"query-input":{"@type":"PropertyValueSpecification","valueRequired":true,"valueName":"search_term_string"}}],"inLanguage":"es"},{"@type":"Organization","@id":"https:\/\/www.asociacionaise.org\/#organization","name":"Asociacion AISE","url":"https:\/\/www.asociacionaise.org\/","logo":{"@type":"ImageObject","inLanguage":"es","@id":"https:\/\/www.asociacionaise.org\/#\/schema\/logo\/image\/","url":"http:\/\/www.asociacionaise.org\/wp-content\/uploads\/2020\/02\/logo256.png","contentUrl":"http:\/\/www.asociacionaise.org\/wp-content\/uploads\/2020\/02\/logo256.png","width":256,"height":256,"caption":"Asociacion AISE"},"image":{"@id":"https:\/\/www.asociacionaise.org\/#\/schema\/logo\/image\/"},"sameAs":["https:\/\/www.facebook.com\/AISEOrg\/","https:\/\/x.com\/ASOCIACIONAISE","https:\/\/www.instagram.com\/aise_voluntariado\/","https:\/\/www.linkedin.com\/in\/asociacion-aise-64a445147\/"]}]}},"_links":{"self":[{"href":"https:\/\/www.asociacionaise.org\/index.php\/wp-json\/wp\/v2\/pages\/268","targetHints":{"allow":["GET"]}}],"collection":[{"href":"https:\/\/www.asociacionaise.org\/index.php\/wp-json\/wp\/v2\/pages"}],"about":[{"href":"https:\/\/www.asociacionaise.org\/index.php\/wp-json\/wp\/v2\/types\/page"}],"author":[{"embeddable":true,"href":"https:\/\/www.asociacionaise.org\/index.php\/wp-json\/wp\/v2\/users\/5"}],"replies":[{"embeddable":true,"href":"https:\/\/www.asociacionaise.org\/index.php\/wp-json\/wp\/v2\/comments?post=268"}],"version-history":[{"count":3,"href":"https:\/\/www.asociacionaise.org\/index.php\/wp-json\/wp\/v2\/pages\/268\/revisions"}],"predecessor-version":[{"id":554,"href":"https:\/\/www.asociacionaise.org\/index.php\/wp-json\/wp\/v2\/pages\/268\/revisions\/554"}],"up":[{"embeddable":true,"href":"https:\/\/www.asociacionaise.org\/index.php\/wp-json\/wp\/v2\/pages\/59"}],"wp:attachment":[{"href":"https:\/\/www.asociacionaise.org\/index.php\/wp-json\/wp\/v2\/media?parent=268"}],"curies":[{"name":"wp","href":"https:\/\/api.w.org\/{rel}","templated":true}]}}