{"id":264,"date":"2013-09-20T17:19:34","date_gmt":"2013-09-20T17:19:34","guid":{"rendered":"http:\/\/www.asociacionaise.org\/?page_id=264"},"modified":"2013-12-01T15:02:48","modified_gmt":"2013-12-01T15:02:48","slug":"hazte-voluntario","status":"publish","type":"page","link":"https:\/\/www.asociacionaise.org\/index.php\/voluntariado\/hazte-voluntario\/","title":{"rendered":"Hazte voluntario"},"content":{"rendered":"<p style=\"text-align: justify;\">El voluntariado es un derecho y un ejercicio altruista y solidario que enriquece a la sociedad de situaciones vulnerables, falta de oportunidades y de derechos; y que a su vez permite al voluntario reflexionar sobre la realidad social, anim\u00e1ndolo a vivir de otra manera y desear el cambio.<\/p>\n<p style=\"text-align: justify;\">AISE busca personas que, de forma libre, responsable y comprometida, compartan la misi\u00f3n, visi\u00f3n y valores de la organizaci\u00f3n, y est\u00e9n decididas a participar con nosotros de manera regular y estable, mediante la prestaci\u00f3n de su tiempo y su motivaci\u00f3n, sin recibir compensaci\u00f3n econ\u00f3mica.<\/p>\n<p style=\"text-align: justify;\">Necesitamos diferentes perfiles para las distintas \u00e1reas que debemos cubrir. Tenemos en cuenta la profesi\u00f3n y conocimientos de cada persona, al igual que sus preferencias e inquietudes. Los perfiles son los siguientes:<\/p>\n<p style=\"text-align: justify;\">\u00b7 \u00c1rea de captaci\u00f3n de Socios y Fondos.<br \/>\n\u00b7 Apoyo en la coordinaci\u00f3n de proyectos<br \/>\n\u00b7 Apoyo en la elaboraci\u00f3n de proyectos<br \/>\n\u00b7 \u00c1rea de Comunicaci\u00f3n \u2013 Ferias y Eventos<br \/>\n\u00b7 \u00c1rea de formaci\u00f3n de voluntariados<br \/>\n\u00b7 \u00c1rea de dinamizaci\u00f3n de Redes Sociales<br \/>\n\u00b7 \u00c1rea de inform\u00e1tica<\/p>\n<p style=\"text-align: justify;\">Ponte en contacto con nosotros <a title=\"CONTACTA\" href=\"https:\/\/www.asociacionaise.org\/?page_id=62\">aqu\u00ed<\/a>.<\/p>\n","protected":false},"excerpt":{"rendered":"<p>El voluntariado es un derecho y un ejercicio altruista y solidario que enriquece a la sociedad de situaciones vulnerables, falta de oportunidades y de derechos; y que a su vez permite al voluntario reflexionar sobre la realidad social, anim\u00e1ndolo a vivir de otra manera y desear el cambio. AISE busca personas que, de forma libre, [&hellip;]<\/p>\n","protected":false},"author":5,"featured_media":0,"parent":59,"menu_order":3,"comment_status":"closed","ping_status":"closed","template":"","meta":{"footnotes":""},"class_list":["post-264","page","type-page","status-publish","hentry"],"yoast_head":"<!-- This site is optimized with the Yoast SEO plugin v24.9 - https:\/\/yoast.com\/wordpress\/plugins\/seo\/ -->\n<title>Hazte voluntario - AISE<\/title>\n<meta name=\"robots\" content=\"index, follow, max-snippet:-1, max-image-preview:large, max-video-preview:-1\" \/>\n<link rel=\"canonical\" href=\"https:\/\/www.asociacionaise.org\/index.php\/voluntariado\/hazte-voluntario\/\" \/>\n<meta property=\"og:locale\" content=\"es_ES\" \/>\n<meta property=\"og:type\" content=\"article\" \/>\n<meta property=\"og:title\" content=\"Hazte voluntario - AISE\" \/>\n<meta property=\"og:description\" content=\"El voluntariado es un derecho y un ejercicio altruista y solidario que enriquece a la sociedad de situaciones vulnerables, falta de oportunidades y de derechos; y que a su vez permite al voluntario reflexionar sobre la realidad social, anim\u00e1ndolo a vivir de otra manera y desear el cambio. AISE busca personas que, de forma libre, [&hellip;]\" \/>\n<meta property=\"og:url\" content=\"https:\/\/www.asociacionaise.org\/index.php\/voluntariado\/hazte-voluntario\/\" \/>\n<meta property=\"og:site_name\" content=\"AISE\" \/>\n<meta property=\"article:publisher\" content=\"https:\/\/www.facebook.com\/AISEOrg\/\" \/>\n<meta property=\"article:modified_time\" content=\"2013-12-01T15:02:48+00:00\" \/>\n<meta name=\"twitter:card\" content=\"summary_large_image\" \/>\n<meta name=\"twitter:site\" content=\"@ASOCIACIONAISE\" \/>\n<meta name=\"twitter:label1\" content=\"Tiempo de lectura\" \/>\n\t<meta name=\"twitter:data1\" content=\"1 minuto\" \/>\n<script type=\"application\/ld+json\" class=\"yoast-schema-graph\">{\"@context\":\"https:\/\/schema.org\",\"@graph\":[{\"@type\":\"WebPage\",\"@id\":\"https:\/\/www.asociacionaise.org\/index.php\/voluntariado\/hazte-voluntario\/\",\"url\":\"https:\/\/www.asociacionaise.org\/index.php\/voluntariado\/hazte-voluntario\/\",\"name\":\"Hazte voluntario - AISE\",\"isPartOf\":{\"@id\":\"https:\/\/www.asociacionaise.org\/#website\"},\"datePublished\":\"2013-09-20T17:19:34+00:00\",\"dateModified\":\"2013-12-01T15:02:48+00:00\",\"breadcrumb\":{\"@id\":\"https:\/\/www.asociacionaise.org\/index.php\/voluntariado\/hazte-voluntario\/#breadcrumb\"},\"inLanguage\":\"es\",\"potentialAction\":[{\"@type\":\"ReadAction\",\"target\":[\"https:\/\/www.asociacionaise.org\/index.php\/voluntariado\/hazte-voluntario\/\"]}]},{\"@type\":\"BreadcrumbList\",\"@id\":\"https:\/\/www.asociacionaise.org\/index.php\/voluntariado\/hazte-voluntario\/#breadcrumb\",\"itemListElement\":[{\"@type\":\"ListItem\",\"position\":1,\"name\":\"Portada\",\"item\":\"https:\/\/www.asociacionaise.org\/\"},{\"@type\":\"ListItem\",\"position\":2,\"name\":\"C\u00d3MO AYUDAR\",\"item\":\"https:\/\/www.asociacionaise.org\/index.php\/voluntariado\/\"},{\"@type\":\"ListItem\",\"position\":3,\"name\":\"Hazte voluntario\"}]},{\"@type\":\"WebSite\",\"@id\":\"https:\/\/www.asociacionaise.org\/#website\",\"url\":\"https:\/\/www.asociacionaise.org\/\",\"name\":\"AISE\",\"description\":\"Asociaci\u00f3n Internacional de Sanitarios en Espa\u00f1a\",\"publisher\":{\"@id\":\"https:\/\/www.asociacionaise.org\/#organization\"},\"potentialAction\":[{\"@type\":\"SearchAction\",\"target\":{\"@type\":\"EntryPoint\",\"urlTemplate\":\"https:\/\/www.asociacionaise.org\/?s={search_term_string}\"},\"query-input\":{\"@type\":\"PropertyValueSpecification\",\"valueRequired\":true,\"valueName\":\"search_term_string\"}}],\"inLanguage\":\"es\"},{\"@type\":\"Organization\",\"@id\":\"https:\/\/www.asociacionaise.org\/#organization\",\"name\":\"Asociacion AISE\",\"url\":\"https:\/\/www.asociacionaise.org\/\",\"logo\":{\"@type\":\"ImageObject\",\"inLanguage\":\"es\",\"@id\":\"https:\/\/www.asociacionaise.org\/#\/schema\/logo\/image\/\",\"url\":\"http:\/\/www.asociacionaise.org\/wp-content\/uploads\/2020\/02\/logo256.png\",\"contentUrl\":\"http:\/\/www.asociacionaise.org\/wp-content\/uploads\/2020\/02\/logo256.png\",\"width\":256,\"height\":256,\"caption\":\"Asociacion AISE\"},\"image\":{\"@id\":\"https:\/\/www.asociacionaise.org\/#\/schema\/logo\/image\/\"},\"sameAs\":[\"https:\/\/www.facebook.com\/AISEOrg\/\",\"https:\/\/x.com\/ASOCIACIONAISE\",\"https:\/\/www.instagram.com\/aise_voluntariado\/\",\"https:\/\/www.linkedin.com\/in\/asociacion-aise-64a445147\/\"]}]}<\/script>\n<!-- \/ Yoast SEO plugin. -->","yoast_head_json":{"title":"Hazte voluntario - AISE","robots":{"index":"index","follow":"follow","max-snippet":"max-snippet:-1","max-image-preview":"max-image-preview:large","max-video-preview":"max-video-preview:-1"},"canonical":"https:\/\/www.asociacionaise.org\/index.php\/voluntariado\/hazte-voluntario\/","og_locale":"es_ES","og_type":"article","og_title":"Hazte voluntario - AISE","og_description":"El voluntariado es un derecho y un ejercicio altruista y solidario que enriquece a la sociedad de situaciones vulnerables, falta de oportunidades y de derechos; y que a su vez permite al voluntario reflexionar sobre la realidad social, anim\u00e1ndolo a vivir de otra manera y desear el cambio. AISE busca personas que, de forma libre, [&hellip;]","og_url":"https:\/\/www.asociacionaise.org\/index.php\/voluntariado\/hazte-voluntario\/","og_site_name":"AISE","article_publisher":"https:\/\/www.facebook.com\/AISEOrg\/","article_modified_time":"2013-12-01T15:02:48+00:00","twitter_card":"summary_large_image","twitter_site":"@ASOCIACIONAISE","twitter_misc":{"Tiempo de lectura":"1 minuto"},"schema":{"@context":"https:\/\/schema.org","@graph":[{"@type":"WebPage","@id":"https:\/\/www.asociacionaise.org\/index.php\/voluntariado\/hazte-voluntario\/","url":"https:\/\/www.asociacionaise.org\/index.php\/voluntariado\/hazte-voluntario\/","name":"Hazte voluntario - AISE","isPartOf":{"@id":"https:\/\/www.asociacionaise.org\/#website"},"datePublished":"2013-09-20T17:19:34+00:00","dateModified":"2013-12-01T15:02:48+00:00","breadcrumb":{"@id":"https:\/\/www.asociacionaise.org\/index.php\/voluntariado\/hazte-voluntario\/#breadcrumb"},"inLanguage":"es","potentialAction":[{"@type":"ReadAction","target":["https:\/\/www.asociacionaise.org\/index.php\/voluntariado\/hazte-voluntario\/"]}]},{"@type":"BreadcrumbList","@id":"https:\/\/www.asociacionaise.org\/index.php\/voluntariado\/hazte-voluntario\/#breadcrumb","itemListElement":[{"@type":"ListItem","position":1,"name":"Portada","item":"https:\/\/www.asociacionaise.org\/"},{"@type":"ListItem","position":2,"name":"C\u00d3MO AYUDAR","item":"https:\/\/www.asociacionaise.org\/index.php\/voluntariado\/"},{"@type":"ListItem","position":3,"name":"Hazte voluntario"}]},{"@type":"WebSite","@id":"https:\/\/www.asociacionaise.org\/#website","url":"https:\/\/www.asociacionaise.org\/","name":"AISE","description":"Asociaci\u00f3n Internacional de Sanitarios en Espa\u00f1a","publisher":{"@id":"https:\/\/www.asociacionaise.org\/#organization"},"potentialAction":[{"@type":"SearchAction","target":{"@type":"EntryPoint","urlTemplate":"https:\/\/www.asociacionaise.org\/?s={search_term_string}"},"query-input":{"@type":"PropertyValueSpecification","valueRequired":true,"valueName":"search_term_string"}}],"inLanguage":"es"},{"@type":"Organization","@id":"https:\/\/www.asociacionaise.org\/#organization","name":"Asociacion AISE","url":"https:\/\/www.asociacionaise.org\/","logo":{"@type":"ImageObject","inLanguage":"es","@id":"https:\/\/www.asociacionaise.org\/#\/schema\/logo\/image\/","url":"http:\/\/www.asociacionaise.org\/wp-content\/uploads\/2020\/02\/logo256.png","contentUrl":"http:\/\/www.asociacionaise.org\/wp-content\/uploads\/2020\/02\/logo256.png","width":256,"height":256,"caption":"Asociacion AISE"},"image":{"@id":"https:\/\/www.asociacionaise.org\/#\/schema\/logo\/image\/"},"sameAs":["https:\/\/www.facebook.com\/AISEOrg\/","https:\/\/x.com\/ASOCIACIONAISE","https:\/\/www.instagram.com\/aise_voluntariado\/","https:\/\/www.linkedin.com\/in\/asociacion-aise-64a445147\/"]}]}},"_links":{"self":[{"href":"https:\/\/www.asociacionaise.org\/index.php\/wp-json\/wp\/v2\/pages\/264","targetHints":{"allow":["GET"]}}],"collection":[{"href":"https:\/\/www.asociacionaise.org\/index.php\/wp-json\/wp\/v2\/pages"}],"about":[{"href":"https:\/\/www.asociacionaise.org\/index.php\/wp-json\/wp\/v2\/types\/page"}],"author":[{"embeddable":true,"href":"https:\/\/www.asociacionaise.org\/index.php\/wp-json\/wp\/v2\/users\/5"}],"replies":[{"embeddable":true,"href":"https:\/\/www.asociacionaise.org\/index.php\/wp-json\/wp\/v2\/comments?post=264"}],"version-history":[{"count":3,"href":"https:\/\/www.asociacionaise.org\/index.php\/wp-json\/wp\/v2\/pages\/264\/revisions"}],"predecessor-version":[{"id":673,"href":"https:\/\/www.asociacionaise.org\/index.php\/wp-json\/wp\/v2\/pages\/264\/revisions\/673"}],"up":[{"embeddable":true,"href":"https:\/\/www.asociacionaise.org\/index.php\/wp-json\/wp\/v2\/pages\/59"}],"wp:attachment":[{"href":"https:\/\/www.asociacionaise.org\/index.php\/wp-json\/wp\/v2\/media?parent=264"}],"curies":[{"name":"wp","href":"https:\/\/api.w.org\/{rel}","templated":true}]}}