{"id":2602,"date":"2016-03-16T05:07:57","date_gmt":"2016-03-16T05:07:57","guid":{"rendered":"http:\/\/www.asociacionaise.org\/?page_id=2602"},"modified":"2017-12-20T03:50:53","modified_gmt":"2017-12-20T03:50:53","slug":"proyectos-finalizados","status":"publish","type":"page","link":"https:\/\/www.asociacionaise.org\/index.php\/proyectos\/proyectos-finalizados\/","title":{"rendered":"PROYECTOS FINALIZADOS"},"content":{"rendered":"<p>Adem\u00e1s de los programas continuos que funcionan de manera permanente, hemos llevado a cabo distintos proyectos puntuales de soporte. Son los siguientes:<\/p>\n<p>&nbsp;<\/p>\n<blockquote class=\"wp-embedded-content\" data-secret=\"ZvhclKdP3O\"><p><a href=\"https:\/\/www.asociacionaise.org\/index.php\/proyectos\/proyectos-finalizados\/ayuda-humanitaria-en-el-terremoto\/\">Ayuda Humanitaria en el Terremoto<\/a><\/p><\/blockquote>\n<p><iframe loading=\"lazy\" class=\"wp-embedded-content\" sandbox=\"allow-scripts\" security=\"restricted\" style=\"position: absolute; clip: rect(1px, 1px, 1px, 1px);\" title=\"\u00abAyuda Humanitaria en el Terremoto\u00bb \u2014 AISE\" src=\"https:\/\/www.asociacionaise.org\/index.php\/proyectos\/proyectos-finalizados\/ayuda-humanitaria-en-el-terremoto\/embed\/#?secret=tIau21qAHS#?secret=ZvhclKdP3O\" data-secret=\"ZvhclKdP3O\" width=\"550\" height=\"310\" frameborder=\"0\" marginwidth=\"0\" marginheight=\"0\" scrolling=\"no\"><\/iframe><\/p>\n<blockquote class=\"wp-embedded-content\" data-secret=\"2RM0IsATf5\"><p><a href=\"https:\/\/www.asociacionaise.org\/index.php\/proyectos\/proyectos-finalizados\/ayuda-humanitaria-en-las-inundaciones-de-peru\/\">Ayuda Humanitaria en la Inundaciones de Per\u00fa<\/a><\/p><\/blockquote>\n<p><iframe loading=\"lazy\" class=\"wp-embedded-content\" sandbox=\"allow-scripts\" security=\"restricted\" style=\"position: absolute; clip: rect(1px, 1px, 1px, 1px);\" title=\"\u00abAyuda Humanitaria en la Inundaciones de Per\u00fa\u00bb \u2014 AISE\" src=\"https:\/\/www.asociacionaise.org\/index.php\/proyectos\/proyectos-finalizados\/ayuda-humanitaria-en-las-inundaciones-de-peru\/embed\/#?secret=rgUux8Z6gw#?secret=2RM0IsATf5\" data-secret=\"2RM0IsATf5\" width=\"550\" height=\"310\" frameborder=\"0\" marginwidth=\"0\" marginheight=\"0\" scrolling=\"no\"><\/iframe><\/p>\n<blockquote class=\"wp-embedded-content\" data-secret=\"bcoFnjRzxN\"><p><a href=\"https:\/\/www.asociacionaise.org\/index.php\/proyectos\/proyectos-finalizados\/proyectos-finalizados\/\">Diagn\u00f3stico Diferencial y Capacitaci\u00f3n sobre Lepra en Los R\u00edos<\/a><\/p><\/blockquote>\n<p><iframe loading=\"lazy\" class=\"wp-embedded-content\" sandbox=\"allow-scripts\" security=\"restricted\" style=\"position: absolute; clip: rect(1px, 1px, 1px, 1px);\" title=\"\u00abDiagn\u00f3stico Diferencial y Capacitaci\u00f3n sobre Lepra en Los R\u00edos\u00bb \u2014 AISE\" src=\"https:\/\/www.asociacionaise.org\/index.php\/proyectos\/proyectos-finalizados\/proyectos-finalizados\/embed\/#?secret=fZxev02nyC#?secret=bcoFnjRzxN\" data-secret=\"bcoFnjRzxN\" width=\"550\" height=\"310\" frameborder=\"0\" marginwidth=\"0\" marginheight=\"0\" scrolling=\"no\"><\/iframe><\/p>\n<blockquote class=\"wp-embedded-content\" data-secret=\"iP2H5HJZsw\"><p><a href=\"https:\/\/www.asociacionaise.org\/index.php\/proyectos\/proyectos-finalizados\/ambulancias-para-los-rios\/\">Ambulancias para Los R\u00edos<\/a><\/p><\/blockquote>\n<p><iframe loading=\"lazy\" class=\"wp-embedded-content\" sandbox=\"allow-scripts\" security=\"restricted\" style=\"position: absolute; clip: rect(1px, 1px, 1px, 1px);\" title=\"\u00abAmbulancias para Los R\u00edos\u00bb \u2014 AISE\" src=\"https:\/\/www.asociacionaise.org\/index.php\/proyectos\/proyectos-finalizados\/ambulancias-para-los-rios\/embed\/#?secret=m8C0Kvhkny#?secret=iP2H5HJZsw\" data-secret=\"iP2H5HJZsw\" width=\"550\" height=\"310\" frameborder=\"0\" marginwidth=\"0\" marginheight=\"0\" scrolling=\"no\"><\/iframe><\/p>\n","protected":false},"excerpt":{"rendered":"<p>Adem\u00e1s de los programas continuos que funcionan de manera permanente, hemos llevado a cabo distintos proyectos puntuales de soporte. Son los siguientes: &nbsp;<\/p>\n","protected":false},"author":5,"featured_media":0,"parent":41,"menu_order":4,"comment_status":"closed","ping_status":"closed","template":"","meta":{"footnotes":""},"class_list":["post-2602","page","type-page","status-publish","hentry"],"yoast_head":"<!-- This site is optimized with the Yoast SEO plugin v24.9 - https:\/\/yoast.com\/wordpress\/plugins\/seo\/ -->\n<title>PROYECTOS FINALIZADOS - AISE<\/title>\n<meta name=\"robots\" content=\"index, follow, max-snippet:-1, max-image-preview:large, max-video-preview:-1\" \/>\n<link rel=\"canonical\" href=\"https:\/\/www.asociacionaise.org\/index.php\/proyectos\/proyectos-finalizados\/\" \/>\n<meta property=\"og:locale\" content=\"es_ES\" \/>\n<meta property=\"og:type\" content=\"article\" \/>\n<meta property=\"og:title\" content=\"PROYECTOS FINALIZADOS - AISE\" \/>\n<meta property=\"og:description\" content=\"Adem\u00e1s de los programas continuos que funcionan de manera permanente, hemos llevado a cabo distintos proyectos puntuales de soporte. Son los siguientes: &nbsp;\" \/>\n<meta property=\"og:url\" content=\"https:\/\/www.asociacionaise.org\/index.php\/proyectos\/proyectos-finalizados\/\" \/>\n<meta property=\"og:site_name\" content=\"AISE\" \/>\n<meta property=\"article:publisher\" content=\"https:\/\/www.facebook.com\/AISEOrg\/\" \/>\n<meta property=\"article:modified_time\" content=\"2017-12-20T03:50:53+00:00\" \/>\n<meta name=\"twitter:card\" content=\"summary_large_image\" \/>\n<meta name=\"twitter:site\" content=\"@ASOCIACIONAISE\" \/>\n<script type=\"application\/ld+json\" class=\"yoast-schema-graph\">{\"@context\":\"https:\/\/schema.org\",\"@graph\":[{\"@type\":\"WebPage\",\"@id\":\"https:\/\/www.asociacionaise.org\/index.php\/proyectos\/proyectos-finalizados\/\",\"url\":\"https:\/\/www.asociacionaise.org\/index.php\/proyectos\/proyectos-finalizados\/\",\"name\":\"PROYECTOS FINALIZADOS - AISE\",\"isPartOf\":{\"@id\":\"https:\/\/www.asociacionaise.org\/#website\"},\"datePublished\":\"2016-03-16T05:07:57+00:00\",\"dateModified\":\"2017-12-20T03:50:53+00:00\",\"breadcrumb\":{\"@id\":\"https:\/\/www.asociacionaise.org\/index.php\/proyectos\/proyectos-finalizados\/#breadcrumb\"},\"inLanguage\":\"es\",\"potentialAction\":[{\"@type\":\"ReadAction\",\"target\":[\"https:\/\/www.asociacionaise.org\/index.php\/proyectos\/proyectos-finalizados\/\"]}]},{\"@type\":\"BreadcrumbList\",\"@id\":\"https:\/\/www.asociacionaise.org\/index.php\/proyectos\/proyectos-finalizados\/#breadcrumb\",\"itemListElement\":[{\"@type\":\"ListItem\",\"position\":1,\"name\":\"Portada\",\"item\":\"https:\/\/www.asociacionaise.org\/\"},{\"@type\":\"ListItem\",\"position\":2,\"name\":\"QU\u00c9 HACEMOS\",\"item\":\"https:\/\/www.asociacionaise.org\/index.php\/proyectos\/\"},{\"@type\":\"ListItem\",\"position\":3,\"name\":\"PROYECTOS FINALIZADOS\"}]},{\"@type\":\"WebSite\",\"@id\":\"https:\/\/www.asociacionaise.org\/#website\",\"url\":\"https:\/\/www.asociacionaise.org\/\",\"name\":\"AISE\",\"description\":\"Asociaci\u00f3n Internacional de Sanitarios en Espa\u00f1a\",\"publisher\":{\"@id\":\"https:\/\/www.asociacionaise.org\/#organization\"},\"potentialAction\":[{\"@type\":\"SearchAction\",\"target\":{\"@type\":\"EntryPoint\",\"urlTemplate\":\"https:\/\/www.asociacionaise.org\/?s={search_term_string}\"},\"query-input\":{\"@type\":\"PropertyValueSpecification\",\"valueRequired\":true,\"valueName\":\"search_term_string\"}}],\"inLanguage\":\"es\"},{\"@type\":\"Organization\",\"@id\":\"https:\/\/www.asociacionaise.org\/#organization\",\"name\":\"Asociacion AISE\",\"url\":\"https:\/\/www.asociacionaise.org\/\",\"logo\":{\"@type\":\"ImageObject\",\"inLanguage\":\"es\",\"@id\":\"https:\/\/www.asociacionaise.org\/#\/schema\/logo\/image\/\",\"url\":\"http:\/\/www.asociacionaise.org\/wp-content\/uploads\/2020\/02\/logo256.png\",\"contentUrl\":\"http:\/\/www.asociacionaise.org\/wp-content\/uploads\/2020\/02\/logo256.png\",\"width\":256,\"height\":256,\"caption\":\"Asociacion AISE\"},\"image\":{\"@id\":\"https:\/\/www.asociacionaise.org\/#\/schema\/logo\/image\/\"},\"sameAs\":[\"https:\/\/www.facebook.com\/AISEOrg\/\",\"https:\/\/x.com\/ASOCIACIONAISE\",\"https:\/\/www.instagram.com\/aise_voluntariado\/\",\"https:\/\/www.linkedin.com\/in\/asociacion-aise-64a445147\/\"]}]}<\/script>\n<!-- \/ Yoast SEO plugin. -->","yoast_head_json":{"title":"PROYECTOS FINALIZADOS - AISE","robots":{"index":"index","follow":"follow","max-snippet":"max-snippet:-1","max-image-preview":"max-image-preview:large","max-video-preview":"max-video-preview:-1"},"canonical":"https:\/\/www.asociacionaise.org\/index.php\/proyectos\/proyectos-finalizados\/","og_locale":"es_ES","og_type":"article","og_title":"PROYECTOS FINALIZADOS - AISE","og_description":"Adem\u00e1s de los programas continuos que funcionan de manera permanente, hemos llevado a cabo distintos proyectos puntuales de soporte. Son los siguientes: &nbsp;","og_url":"https:\/\/www.asociacionaise.org\/index.php\/proyectos\/proyectos-finalizados\/","og_site_name":"AISE","article_publisher":"https:\/\/www.facebook.com\/AISEOrg\/","article_modified_time":"2017-12-20T03:50:53+00:00","twitter_card":"summary_large_image","twitter_site":"@ASOCIACIONAISE","schema":{"@context":"https:\/\/schema.org","@graph":[{"@type":"WebPage","@id":"https:\/\/www.asociacionaise.org\/index.php\/proyectos\/proyectos-finalizados\/","url":"https:\/\/www.asociacionaise.org\/index.php\/proyectos\/proyectos-finalizados\/","name":"PROYECTOS FINALIZADOS - AISE","isPartOf":{"@id":"https:\/\/www.asociacionaise.org\/#website"},"datePublished":"2016-03-16T05:07:57+00:00","dateModified":"2017-12-20T03:50:53+00:00","breadcrumb":{"@id":"https:\/\/www.asociacionaise.org\/index.php\/proyectos\/proyectos-finalizados\/#breadcrumb"},"inLanguage":"es","potentialAction":[{"@type":"ReadAction","target":["https:\/\/www.asociacionaise.org\/index.php\/proyectos\/proyectos-finalizados\/"]}]},{"@type":"BreadcrumbList","@id":"https:\/\/www.asociacionaise.org\/index.php\/proyectos\/proyectos-finalizados\/#breadcrumb","itemListElement":[{"@type":"ListItem","position":1,"name":"Portada","item":"https:\/\/www.asociacionaise.org\/"},{"@type":"ListItem","position":2,"name":"QU\u00c9 HACEMOS","item":"https:\/\/www.asociacionaise.org\/index.php\/proyectos\/"},{"@type":"ListItem","position":3,"name":"PROYECTOS FINALIZADOS"}]},{"@type":"WebSite","@id":"https:\/\/www.asociacionaise.org\/#website","url":"https:\/\/www.asociacionaise.org\/","name":"AISE","description":"Asociaci\u00f3n Internacional de Sanitarios en Espa\u00f1a","publisher":{"@id":"https:\/\/www.asociacionaise.org\/#organization"},"potentialAction":[{"@type":"SearchAction","target":{"@type":"EntryPoint","urlTemplate":"https:\/\/www.asociacionaise.org\/?s={search_term_string}"},"query-input":{"@type":"PropertyValueSpecification","valueRequired":true,"valueName":"search_term_string"}}],"inLanguage":"es"},{"@type":"Organization","@id":"https:\/\/www.asociacionaise.org\/#organization","name":"Asociacion AISE","url":"https:\/\/www.asociacionaise.org\/","logo":{"@type":"ImageObject","inLanguage":"es","@id":"https:\/\/www.asociacionaise.org\/#\/schema\/logo\/image\/","url":"http:\/\/www.asociacionaise.org\/wp-content\/uploads\/2020\/02\/logo256.png","contentUrl":"http:\/\/www.asociacionaise.org\/wp-content\/uploads\/2020\/02\/logo256.png","width":256,"height":256,"caption":"Asociacion AISE"},"image":{"@id":"https:\/\/www.asociacionaise.org\/#\/schema\/logo\/image\/"},"sameAs":["https:\/\/www.facebook.com\/AISEOrg\/","https:\/\/x.com\/ASOCIACIONAISE","https:\/\/www.instagram.com\/aise_voluntariado\/","https:\/\/www.linkedin.com\/in\/asociacion-aise-64a445147\/"]}]}},"_links":{"self":[{"href":"https:\/\/www.asociacionaise.org\/index.php\/wp-json\/wp\/v2\/pages\/2602","targetHints":{"allow":["GET"]}}],"collection":[{"href":"https:\/\/www.asociacionaise.org\/index.php\/wp-json\/wp\/v2\/pages"}],"about":[{"href":"https:\/\/www.asociacionaise.org\/index.php\/wp-json\/wp\/v2\/types\/page"}],"author":[{"embeddable":true,"href":"https:\/\/www.asociacionaise.org\/index.php\/wp-json\/wp\/v2\/users\/5"}],"replies":[{"embeddable":true,"href":"https:\/\/www.asociacionaise.org\/index.php\/wp-json\/wp\/v2\/comments?post=2602"}],"version-history":[{"count":10,"href":"https:\/\/www.asociacionaise.org\/index.php\/wp-json\/wp\/v2\/pages\/2602\/revisions"}],"predecessor-version":[{"id":3829,"href":"https:\/\/www.asociacionaise.org\/index.php\/wp-json\/wp\/v2\/pages\/2602\/revisions\/3829"}],"up":[{"embeddable":true,"href":"https:\/\/www.asociacionaise.org\/index.php\/wp-json\/wp\/v2\/pages\/41"}],"wp:attachment":[{"href":"https:\/\/www.asociacionaise.org\/index.php\/wp-json\/wp\/v2\/media?parent=2602"}],"curies":[{"name":"wp","href":"https:\/\/api.w.org\/{rel}","templated":true}]}}