{"id":2538,"date":"2016-07-12T00:31:52","date_gmt":"2016-07-12T00:31:52","guid":{"rendered":"http:\/\/www.asociacionaise.org\/?page_id=2538"},"modified":"2019-08-17T03:31:17","modified_gmt":"2019-08-17T03:31:17","slug":"voluntariado-psico-social-y-sanitario-en-sto-domingo","status":"publish","type":"page","link":"https:\/\/www.asociacionaise.org\/index.php\/proyectos\/voluntariado-continuado\/voluntariado-psico-social-y-sanitario-en-sto-domingo\/","title":{"rendered":"VOLUNTARIADO PSICO-SOCIAL Y SANITARIO EN STO. DOMINGO DE TSACHILAS"},"content":{"rendered":"<p style=\"text-align: justify;\"><a href=\"https:\/\/www.asociacionaise.org\/wp-content\/uploads\/2016\/07\/casa.png\"><img loading=\"lazy\" decoding=\"async\" class=\" wp-image-2903 alignright\" src=\"https:\/\/www.asociacionaise.org\/wp-content\/uploads\/2016\/07\/casa-300x225.png\" alt=\"casa\" width=\"270\" height=\"203\" srcset=\"https:\/\/www.asociacionaise.org\/wp-content\/uploads\/2016\/07\/casa-300x225.png 300w, https:\/\/www.asociacionaise.org\/wp-content\/uploads\/2016\/07\/casa.png 619w\" sizes=\"auto, (max-width: 270px) 100vw, 270px\" \/><\/a>Desde mayo de 2015 apoyamos al Hogar Valle Feliz, centro infantil para ni\u00f1os y ni\u00f1as con ciertas necesidades que est\u00e1n al cuidado de las\u00a0Hermanas Benedictinas Misioneras.<\/p>\n<p style=\"text-align: justify;\">Santo Domingo es una ciudad que se desarroll\u00f3 de una manera vertiginosa y sin organizaci\u00f3n, por esta raz\u00f3n surgen problemas sociales complejos como: el asentamiento de familias en lugares insalubres, el desempleo y subempleo, la desorganizaci\u00f3n de las familias, etc.; esto a su vez trae problemas psicol\u00f3gicos que al pasar el tiempo se ven reflejados en situaciones familiares de riesgo, como uso de drogas, negligencia, abandono, maltrato, abuso, etc.; por lo tanto las familias y los ni\u00f1os que son m\u00e1s vulnerables sufren las consecuencias de las situaciones sociales y emocionales no resueltas por las entidades p\u00fablicas. Estas razones hacen que Santo Domingo y la regi\u00f3n necesiten instituciones como el Hogar Valle Feliz, que protejan temporalmente a los\/as ni\u00f1os\/as cuyas familias est\u00e9n en dificultades y\/o corran riesgos de exclusi\u00f3n.<\/p>\n<p style=\"text-align: justify;\">El Hogar valle Feliz cuenta con:<\/p>\n<p style=\"text-align: justify;\"><a href=\"https:\/\/www.asociacionaise.org\/wp-content\/uploads\/2016\/07\/estimul.png\"><img loading=\"lazy\" decoding=\"async\" class=\" wp-image-2900 alignleft\" src=\"https:\/\/www.asociacionaise.org\/wp-content\/uploads\/2016\/07\/estimul-300x225.png\" alt=\"estimul\" width=\"270\" height=\"203\" srcset=\"https:\/\/www.asociacionaise.org\/wp-content\/uploads\/2016\/07\/estimul-300x225.png 300w, https:\/\/www.asociacionaise.org\/wp-content\/uploads\/2016\/07\/estimul.png 634w\" sizes=\"auto, (max-width: 270px) 100vw, 270px\" \/><\/a>&#8211; <strong>El Centro Infantil para ni\u00f1os con necesidades especiales<\/strong>: \u00a0Los beneficiarios son 15 ni\u00f1as y ni\u00f1os con discapacidades f\u00edsicas y\/o mentales de entre 3 y \u00a08 a\u00f1os.<\/p>\n<p style=\"text-align: justify;\">AISE quiere apoyar el proyecto con pedagogos, psic\u00f3logos infantiles, logopedas, terapeutas ocupacionales y educadores especiales.<\/p>\n<p style=\"text-align: justify;\">&#8211; <strong>El Centro de Acogimiento<\/strong>: Las beneficiarias son ni\u00f1as y adolescentes entre 0 y 18 a\u00f1os, cuyos derechos han sido vulnerados, o est\u00e1n en riesgo de ser vulnerados, por lo tanto requieren protecci\u00f3n temporal hasta que sus familias de origen o ampliadas est\u00e9n lo suficientemente fortalecidas.<\/p>\n<p style=\"text-align: justify;\">Por ello, AISE se encarga de enviar voluntarios con profesi\u00f3n de pedagogos, psic\u00f3logos infantiles,logopedas, enfermeras y educadores sociales.<\/p>\n<p style=\"text-align: justify;\">El objetivo general es cubrir las necesidades tanto psico-sociales como sanitarias, de los ni\u00f1os en riesgo o con problemas ya existentes en Sto. Domingo de Ts\u00e1chilas.<em id=\"__mceDel\"><\/em><\/p>\n<p>&nbsp;<\/p>\n<p>&nbsp;<\/p>\n","protected":false},"excerpt":{"rendered":"<p>Desde mayo de 2015 apoyamos al Hogar Valle Feliz, centro infantil para ni\u00f1os y ni\u00f1as con ciertas necesidades que est\u00e1n al cuidado de las\u00a0Hermanas Benedictinas Misioneras. Santo Domingo es una ciudad que se desarroll\u00f3 de una manera vertiginosa y sin organizaci\u00f3n, por esta raz\u00f3n surgen problemas sociales complejos como: el asentamiento de familias en lugares [&hellip;]<\/p>\n","protected":false},"author":5,"featured_media":0,"parent":284,"menu_order":0,"comment_status":"closed","ping_status":"closed","template":"","meta":{"footnotes":""},"class_list":["post-2538","page","type-page","status-publish","hentry"],"yoast_head":"<!-- This site is optimized with the Yoast SEO plugin v24.9 - https:\/\/yoast.com\/wordpress\/plugins\/seo\/ -->\n<title>VOLUNTARIADO PSICO-SOCIAL Y SANITARIO EN STO. DOMINGO DE TSACHILAS - AISE<\/title>\n<meta name=\"robots\" content=\"index, follow, max-snippet:-1, max-image-preview:large, max-video-preview:-1\" \/>\n<link rel=\"canonical\" href=\"https:\/\/www.asociacionaise.org\/index.php\/proyectos\/voluntariado-continuado\/voluntariado-psico-social-y-sanitario-en-sto-domingo\/\" \/>\n<meta property=\"og:locale\" content=\"es_ES\" \/>\n<meta property=\"og:type\" content=\"article\" \/>\n<meta property=\"og:title\" content=\"VOLUNTARIADO PSICO-SOCIAL Y SANITARIO EN STO. DOMINGO DE TSACHILAS - AISE\" \/>\n<meta property=\"og:description\" content=\"Desde mayo de 2015 apoyamos al Hogar Valle Feliz, centro infantil para ni\u00f1os y ni\u00f1as con ciertas necesidades que est\u00e1n al cuidado de las\u00a0Hermanas Benedictinas Misioneras. Santo Domingo es una ciudad que se desarroll\u00f3 de una manera vertiginosa y sin organizaci\u00f3n, por esta raz\u00f3n surgen problemas sociales complejos como: el asentamiento de familias en lugares [&hellip;]\" \/>\n<meta property=\"og:url\" content=\"https:\/\/www.asociacionaise.org\/index.php\/proyectos\/voluntariado-continuado\/voluntariado-psico-social-y-sanitario-en-sto-domingo\/\" \/>\n<meta property=\"og:site_name\" content=\"AISE\" \/>\n<meta property=\"article:publisher\" content=\"https:\/\/www.facebook.com\/AISEOrg\/\" \/>\n<meta property=\"article:modified_time\" content=\"2019-08-17T03:31:17+00:00\" \/>\n<meta property=\"og:image\" content=\"http:\/\/www.asociacionaise.org\/wp-content\/uploads\/2016\/07\/casa-300x225.png\" \/>\n<meta name=\"twitter:card\" content=\"summary_large_image\" \/>\n<meta name=\"twitter:site\" content=\"@ASOCIACIONAISE\" \/>\n<meta name=\"twitter:label1\" content=\"Tiempo de lectura\" \/>\n\t<meta name=\"twitter:data1\" content=\"2 minutos\" \/>\n<script type=\"application\/ld+json\" class=\"yoast-schema-graph\">{\"@context\":\"https:\/\/schema.org\",\"@graph\":[{\"@type\":\"WebPage\",\"@id\":\"https:\/\/www.asociacionaise.org\/index.php\/proyectos\/voluntariado-continuado\/voluntariado-psico-social-y-sanitario-en-sto-domingo\/\",\"url\":\"https:\/\/www.asociacionaise.org\/index.php\/proyectos\/voluntariado-continuado\/voluntariado-psico-social-y-sanitario-en-sto-domingo\/\",\"name\":\"VOLUNTARIADO PSICO-SOCIAL Y SANITARIO EN STO. DOMINGO DE TSACHILAS - AISE\",\"isPartOf\":{\"@id\":\"https:\/\/www.asociacionaise.org\/#website\"},\"primaryImageOfPage\":{\"@id\":\"https:\/\/www.asociacionaise.org\/index.php\/proyectos\/voluntariado-continuado\/voluntariado-psico-social-y-sanitario-en-sto-domingo\/#primaryimage\"},\"image\":{\"@id\":\"https:\/\/www.asociacionaise.org\/index.php\/proyectos\/voluntariado-continuado\/voluntariado-psico-social-y-sanitario-en-sto-domingo\/#primaryimage\"},\"thumbnailUrl\":\"http:\/\/www.asociacionaise.org\/wp-content\/uploads\/2016\/07\/casa-300x225.png\",\"datePublished\":\"2016-07-12T00:31:52+00:00\",\"dateModified\":\"2019-08-17T03:31:17+00:00\",\"breadcrumb\":{\"@id\":\"https:\/\/www.asociacionaise.org\/index.php\/proyectos\/voluntariado-continuado\/voluntariado-psico-social-y-sanitario-en-sto-domingo\/#breadcrumb\"},\"inLanguage\":\"es\",\"potentialAction\":[{\"@type\":\"ReadAction\",\"target\":[\"https:\/\/www.asociacionaise.org\/index.php\/proyectos\/voluntariado-continuado\/voluntariado-psico-social-y-sanitario-en-sto-domingo\/\"]}]},{\"@type\":\"ImageObject\",\"inLanguage\":\"es\",\"@id\":\"https:\/\/www.asociacionaise.org\/index.php\/proyectos\/voluntariado-continuado\/voluntariado-psico-social-y-sanitario-en-sto-domingo\/#primaryimage\",\"url\":\"https:\/\/www.asociacionaise.org\/wp-content\/uploads\/2016\/07\/casa.png\",\"contentUrl\":\"https:\/\/www.asociacionaise.org\/wp-content\/uploads\/2016\/07\/casa.png\",\"width\":619,\"height\":465},{\"@type\":\"BreadcrumbList\",\"@id\":\"https:\/\/www.asociacionaise.org\/index.php\/proyectos\/voluntariado-continuado\/voluntariado-psico-social-y-sanitario-en-sto-domingo\/#breadcrumb\",\"itemListElement\":[{\"@type\":\"ListItem\",\"position\":1,\"name\":\"Portada\",\"item\":\"https:\/\/www.asociacionaise.org\/\"},{\"@type\":\"ListItem\",\"position\":2,\"name\":\"QU\u00c9 HACEMOS\",\"item\":\"https:\/\/www.asociacionaise.org\/index.php\/proyectos\/\"},{\"@type\":\"ListItem\",\"position\":3,\"name\":\"VOLUNTARIADO CONTINUADO\",\"item\":\"https:\/\/www.asociacionaise.org\/index.php\/proyectos\/voluntariado-continuado\/\"},{\"@type\":\"ListItem\",\"position\":4,\"name\":\"VOLUNTARIADO PSICO-SOCIAL Y SANITARIO EN STO. DOMINGO DE TSACHILAS\"}]},{\"@type\":\"WebSite\",\"@id\":\"https:\/\/www.asociacionaise.org\/#website\",\"url\":\"https:\/\/www.asociacionaise.org\/\",\"name\":\"AISE\",\"description\":\"Asociaci\u00f3n Internacional de Sanitarios en Espa\u00f1a\",\"publisher\":{\"@id\":\"https:\/\/www.asociacionaise.org\/#organization\"},\"potentialAction\":[{\"@type\":\"SearchAction\",\"target\":{\"@type\":\"EntryPoint\",\"urlTemplate\":\"https:\/\/www.asociacionaise.org\/?s={search_term_string}\"},\"query-input\":{\"@type\":\"PropertyValueSpecification\",\"valueRequired\":true,\"valueName\":\"search_term_string\"}}],\"inLanguage\":\"es\"},{\"@type\":\"Organization\",\"@id\":\"https:\/\/www.asociacionaise.org\/#organization\",\"name\":\"Asociacion AISE\",\"url\":\"https:\/\/www.asociacionaise.org\/\",\"logo\":{\"@type\":\"ImageObject\",\"inLanguage\":\"es\",\"@id\":\"https:\/\/www.asociacionaise.org\/#\/schema\/logo\/image\/\",\"url\":\"http:\/\/www.asociacionaise.org\/wp-content\/uploads\/2020\/02\/logo256.png\",\"contentUrl\":\"http:\/\/www.asociacionaise.org\/wp-content\/uploads\/2020\/02\/logo256.png\",\"width\":256,\"height\":256,\"caption\":\"Asociacion AISE\"},\"image\":{\"@id\":\"https:\/\/www.asociacionaise.org\/#\/schema\/logo\/image\/\"},\"sameAs\":[\"https:\/\/www.facebook.com\/AISEOrg\/\",\"https:\/\/x.com\/ASOCIACIONAISE\",\"https:\/\/www.instagram.com\/aise_voluntariado\/\",\"https:\/\/www.linkedin.com\/in\/asociacion-aise-64a445147\/\"]}]}<\/script>\n<!-- \/ Yoast SEO plugin. -->","yoast_head_json":{"title":"VOLUNTARIADO PSICO-SOCIAL Y SANITARIO EN STO. DOMINGO DE TSACHILAS - AISE","robots":{"index":"index","follow":"follow","max-snippet":"max-snippet:-1","max-image-preview":"max-image-preview:large","max-video-preview":"max-video-preview:-1"},"canonical":"https:\/\/www.asociacionaise.org\/index.php\/proyectos\/voluntariado-continuado\/voluntariado-psico-social-y-sanitario-en-sto-domingo\/","og_locale":"es_ES","og_type":"article","og_title":"VOLUNTARIADO PSICO-SOCIAL Y SANITARIO EN STO. DOMINGO DE TSACHILAS - AISE","og_description":"Desde mayo de 2015 apoyamos al Hogar Valle Feliz, centro infantil para ni\u00f1os y ni\u00f1as con ciertas necesidades que est\u00e1n al cuidado de las\u00a0Hermanas Benedictinas Misioneras. Santo Domingo es una ciudad que se desarroll\u00f3 de una manera vertiginosa y sin organizaci\u00f3n, por esta raz\u00f3n surgen problemas sociales complejos como: el asentamiento de familias en lugares [&hellip;]","og_url":"https:\/\/www.asociacionaise.org\/index.php\/proyectos\/voluntariado-continuado\/voluntariado-psico-social-y-sanitario-en-sto-domingo\/","og_site_name":"AISE","article_publisher":"https:\/\/www.facebook.com\/AISEOrg\/","article_modified_time":"2019-08-17T03:31:17+00:00","og_image":[{"url":"http:\/\/www.asociacionaise.org\/wp-content\/uploads\/2016\/07\/casa-300x225.png","type":"","width":"","height":""}],"twitter_card":"summary_large_image","twitter_site":"@ASOCIACIONAISE","twitter_misc":{"Tiempo de lectura":"2 minutos"},"schema":{"@context":"https:\/\/schema.org","@graph":[{"@type":"WebPage","@id":"https:\/\/www.asociacionaise.org\/index.php\/proyectos\/voluntariado-continuado\/voluntariado-psico-social-y-sanitario-en-sto-domingo\/","url":"https:\/\/www.asociacionaise.org\/index.php\/proyectos\/voluntariado-continuado\/voluntariado-psico-social-y-sanitario-en-sto-domingo\/","name":"VOLUNTARIADO PSICO-SOCIAL Y SANITARIO EN STO. DOMINGO DE TSACHILAS - AISE","isPartOf":{"@id":"https:\/\/www.asociacionaise.org\/#website"},"primaryImageOfPage":{"@id":"https:\/\/www.asociacionaise.org\/index.php\/proyectos\/voluntariado-continuado\/voluntariado-psico-social-y-sanitario-en-sto-domingo\/#primaryimage"},"image":{"@id":"https:\/\/www.asociacionaise.org\/index.php\/proyectos\/voluntariado-continuado\/voluntariado-psico-social-y-sanitario-en-sto-domingo\/#primaryimage"},"thumbnailUrl":"http:\/\/www.asociacionaise.org\/wp-content\/uploads\/2016\/07\/casa-300x225.png","datePublished":"2016-07-12T00:31:52+00:00","dateModified":"2019-08-17T03:31:17+00:00","breadcrumb":{"@id":"https:\/\/www.asociacionaise.org\/index.php\/proyectos\/voluntariado-continuado\/voluntariado-psico-social-y-sanitario-en-sto-domingo\/#breadcrumb"},"inLanguage":"es","potentialAction":[{"@type":"ReadAction","target":["https:\/\/www.asociacionaise.org\/index.php\/proyectos\/voluntariado-continuado\/voluntariado-psico-social-y-sanitario-en-sto-domingo\/"]}]},{"@type":"ImageObject","inLanguage":"es","@id":"https:\/\/www.asociacionaise.org\/index.php\/proyectos\/voluntariado-continuado\/voluntariado-psico-social-y-sanitario-en-sto-domingo\/#primaryimage","url":"https:\/\/www.asociacionaise.org\/wp-content\/uploads\/2016\/07\/casa.png","contentUrl":"https:\/\/www.asociacionaise.org\/wp-content\/uploads\/2016\/07\/casa.png","width":619,"height":465},{"@type":"BreadcrumbList","@id":"https:\/\/www.asociacionaise.org\/index.php\/proyectos\/voluntariado-continuado\/voluntariado-psico-social-y-sanitario-en-sto-domingo\/#breadcrumb","itemListElement":[{"@type":"ListItem","position":1,"name":"Portada","item":"https:\/\/www.asociacionaise.org\/"},{"@type":"ListItem","position":2,"name":"QU\u00c9 HACEMOS","item":"https:\/\/www.asociacionaise.org\/index.php\/proyectos\/"},{"@type":"ListItem","position":3,"name":"VOLUNTARIADO CONTINUADO","item":"https:\/\/www.asociacionaise.org\/index.php\/proyectos\/voluntariado-continuado\/"},{"@type":"ListItem","position":4,"name":"VOLUNTARIADO PSICO-SOCIAL Y SANITARIO EN STO. DOMINGO DE TSACHILAS"}]},{"@type":"WebSite","@id":"https:\/\/www.asociacionaise.org\/#website","url":"https:\/\/www.asociacionaise.org\/","name":"AISE","description":"Asociaci\u00f3n Internacional de Sanitarios en Espa\u00f1a","publisher":{"@id":"https:\/\/www.asociacionaise.org\/#organization"},"potentialAction":[{"@type":"SearchAction","target":{"@type":"EntryPoint","urlTemplate":"https:\/\/www.asociacionaise.org\/?s={search_term_string}"},"query-input":{"@type":"PropertyValueSpecification","valueRequired":true,"valueName":"search_term_string"}}],"inLanguage":"es"},{"@type":"Organization","@id":"https:\/\/www.asociacionaise.org\/#organization","name":"Asociacion AISE","url":"https:\/\/www.asociacionaise.org\/","logo":{"@type":"ImageObject","inLanguage":"es","@id":"https:\/\/www.asociacionaise.org\/#\/schema\/logo\/image\/","url":"http:\/\/www.asociacionaise.org\/wp-content\/uploads\/2020\/02\/logo256.png","contentUrl":"http:\/\/www.asociacionaise.org\/wp-content\/uploads\/2020\/02\/logo256.png","width":256,"height":256,"caption":"Asociacion AISE"},"image":{"@id":"https:\/\/www.asociacionaise.org\/#\/schema\/logo\/image\/"},"sameAs":["https:\/\/www.facebook.com\/AISEOrg\/","https:\/\/x.com\/ASOCIACIONAISE","https:\/\/www.instagram.com\/aise_voluntariado\/","https:\/\/www.linkedin.com\/in\/asociacion-aise-64a445147\/"]}]}},"_links":{"self":[{"href":"https:\/\/www.asociacionaise.org\/index.php\/wp-json\/wp\/v2\/pages\/2538","targetHints":{"allow":["GET"]}}],"collection":[{"href":"https:\/\/www.asociacionaise.org\/index.php\/wp-json\/wp\/v2\/pages"}],"about":[{"href":"https:\/\/www.asociacionaise.org\/index.php\/wp-json\/wp\/v2\/types\/page"}],"author":[{"embeddable":true,"href":"https:\/\/www.asociacionaise.org\/index.php\/wp-json\/wp\/v2\/users\/5"}],"replies":[{"embeddable":true,"href":"https:\/\/www.asociacionaise.org\/index.php\/wp-json\/wp\/v2\/comments?post=2538"}],"version-history":[{"count":9,"href":"https:\/\/www.asociacionaise.org\/index.php\/wp-json\/wp\/v2\/pages\/2538\/revisions"}],"predecessor-version":[{"id":4927,"href":"https:\/\/www.asociacionaise.org\/index.php\/wp-json\/wp\/v2\/pages\/2538\/revisions\/4927"}],"up":[{"embeddable":true,"href":"https:\/\/www.asociacionaise.org\/index.php\/wp-json\/wp\/v2\/pages\/284"}],"wp:attachment":[{"href":"https:\/\/www.asociacionaise.org\/index.php\/wp-json\/wp\/v2\/media?parent=2538"}],"curies":[{"name":"wp","href":"https:\/\/api.w.org\/{rel}","templated":true}]}}