{"id":2529,"date":"2016-03-16T03:33:38","date_gmt":"2016-03-16T03:33:38","guid":{"rendered":"http:\/\/www.asociacionaise.org\/?page_id=2529"},"modified":"2016-03-30T04:04:56","modified_gmt":"2016-03-30T04:04:56","slug":"proyectos-finalizados","status":"publish","type":"page","link":"https:\/\/www.asociacionaise.org\/index.php\/proyectos\/proyectos-finalizados\/proyectos-finalizados\/","title":{"rendered":"Diagn\u00f3stico Diferencial y Capacitaci\u00f3n sobre Lepra en Los R\u00edos"},"content":{"rendered":"<header>\n<p style=\"text-align: left;\">En la provincia de los R\u00edos hoy en d\u00eda hay 1 dermat\u00f3logo para 80.000 personas, este ratio es del todo insuficiente. A causa de la descentralizaci\u00f3n de la sanidad y de unos recursos humanos no suficientemente capacitados, una parte de los casos nuevos no se est\u00e9n detectando, o solamente se diagnostican en una etapa tard\u00eda.<\/p>\n<p style=\"text-align: left;\">Jose Ram\u00f3n G\u00f3mez Etxeberria, director m\u00e9dico de la Fundaci\u00f3n Fontilles en Alicante, viaj\u00f3 a\u00a0Los R\u00edos para realizar un diagn\u00f3stico diferencial de lepra a pacientes no declarados\u00a0con problemas dermatol\u00f3gicos\u00a0en los cantones Baba, Quinsaloma y Urdaneta.\u00a0Este proyecto pudo llevarse a cabo gracias a la coordinaci\u00f3n del Patronato de Los Rios, las Hermanas del Sagrado Coraz\u00f3n, Asociaci\u00f3n AISE y la Fundaci\u00f3n Fontilles.<\/p>\n<p style=\"text-align: left;\">Afortunadamente muchos de los casos sospechosos de ser lepra resultaron ser otras enfermedades de la piel de menor gravedad, estos fueron r\u00e1pidamente diagnosticados y excluidos como lepra. Los casos confirmados fueron tratados y derivados para un buen seguimiento.<\/p>\n<\/header>\n<div>\n<div id=\"lipsum\">\n<h1 style=\"text-align: center;\"><a href=\"https:\/\/www.asociacionaise.org\/wp-content\/uploads\/2016\/03\/Capacitaci\u00f3n.jpg\"><img loading=\"lazy\" decoding=\"async\" class=\"size-medium wp-image-2533 alignright\" alt=\"Capacitaci\u00f3n\" src=\"https:\/\/www.asociacionaise.org\/wp-content\/uploads\/2016\/03\/Capacitaci\u00f3n-300x199.jpg\" width=\"300\" height=\"199\" srcset=\"https:\/\/www.asociacionaise.org\/wp-content\/uploads\/2016\/03\/Capacitaci\u00f3n-300x199.jpg 300w, https:\/\/www.asociacionaise.org\/wp-content\/uploads\/2016\/03\/Capacitaci\u00f3n.jpg 960w\" sizes=\"auto, (max-width: 300px) 100vw, 300px\" \/><\/a><\/h1>\n<p>Adem\u00e1s, durante dos d\u00edas, en Babahoyo y Quevedo, el Dr. G\u00f3mez Etxeberria realiz\u00f3 una formaci\u00f3n a los m\u00e9dicos del Ministerio de Salud Publica en el diagn\u00f3stico precoz del Mal del Hansen.<\/p>\n<p>Este acontecimiento fue posible gracias a Zahida Jimenez, directora de este proyecto y miembro de AISE; Manuela Segarra se encarg\u00f3 de coordinar el proyecto en el terreno y la acogida se la debemos al Subpatronato de Gesti\u00f3n Social de la Prefectura de los R\u00edos.<\/p>\n<p>Enlace:\u00a0<a title=\"V\u00eddeo - Especialistas en Lepra, Capacitaci\u00f3n\" href=\"http:\/\/www.youtube.com\/watch?v=WWfLMXpv2NQ\">http:\/\/www.youtube.com\/watch?v=WWfLMXpv2NQ<\/a><\/p>\n<\/div>\n<\/div>\n","protected":false},"excerpt":{"rendered":"<p>En la provincia de los R\u00edos hoy en d\u00eda hay 1 dermat\u00f3logo para 80.000 personas, este ratio es del todo insuficiente. A causa de la descentralizaci\u00f3n de la sanidad y de unos recursos humanos no suficientemente capacitados, una parte de los casos nuevos no se est\u00e9n detectando, o solamente se diagnostican en una etapa tard\u00eda. [&hellip;]<\/p>\n","protected":false},"author":5,"featured_media":0,"parent":2602,"menu_order":1,"comment_status":"closed","ping_status":"closed","template":"","meta":{"footnotes":""},"class_list":["post-2529","page","type-page","status-publish","hentry"],"yoast_head":"<!-- This site is optimized with the Yoast SEO plugin v24.9 - https:\/\/yoast.com\/wordpress\/plugins\/seo\/ -->\n<title>Diagn\u00f3stico Diferencial y Capacitaci\u00f3n sobre Lepra en Los R\u00edos - AISE<\/title>\n<meta name=\"robots\" content=\"index, follow, max-snippet:-1, max-image-preview:large, max-video-preview:-1\" \/>\n<link rel=\"canonical\" href=\"https:\/\/www.asociacionaise.org\/index.php\/proyectos\/proyectos-finalizados\/proyectos-finalizados\/\" \/>\n<meta property=\"og:locale\" content=\"es_ES\" \/>\n<meta property=\"og:type\" content=\"article\" \/>\n<meta property=\"og:title\" content=\"Diagn\u00f3stico Diferencial y Capacitaci\u00f3n sobre Lepra en Los R\u00edos - AISE\" \/>\n<meta property=\"og:description\" content=\"En la provincia de los R\u00edos hoy en d\u00eda hay 1 dermat\u00f3logo para 80.000 personas, este ratio es del todo insuficiente. A causa de la descentralizaci\u00f3n de la sanidad y de unos recursos humanos no suficientemente capacitados, una parte de los casos nuevos no se est\u00e9n detectando, o solamente se diagnostican en una etapa tard\u00eda. [&hellip;]\" \/>\n<meta property=\"og:url\" content=\"https:\/\/www.asociacionaise.org\/index.php\/proyectos\/proyectos-finalizados\/proyectos-finalizados\/\" \/>\n<meta property=\"og:site_name\" content=\"AISE\" \/>\n<meta property=\"article:publisher\" content=\"https:\/\/www.facebook.com\/AISEOrg\/\" \/>\n<meta property=\"article:modified_time\" content=\"2016-03-30T04:04:56+00:00\" \/>\n<meta property=\"og:image\" content=\"http:\/\/www.asociacionaise.org\/wp-content\/uploads\/2016\/03\/Capacitaci\u00f3n-300x199.jpg\" \/>\n<meta name=\"twitter:card\" content=\"summary_large_image\" \/>\n<meta name=\"twitter:site\" content=\"@ASOCIACIONAISE\" \/>\n<meta name=\"twitter:label1\" content=\"Tiempo de lectura\" \/>\n\t<meta name=\"twitter:data1\" content=\"1 minuto\" \/>\n<script type=\"application\/ld+json\" class=\"yoast-schema-graph\">{\"@context\":\"https:\/\/schema.org\",\"@graph\":[{\"@type\":\"WebPage\",\"@id\":\"https:\/\/www.asociacionaise.org\/index.php\/proyectos\/proyectos-finalizados\/proyectos-finalizados\/\",\"url\":\"https:\/\/www.asociacionaise.org\/index.php\/proyectos\/proyectos-finalizados\/proyectos-finalizados\/\",\"name\":\"Diagn\u00f3stico Diferencial y Capacitaci\u00f3n sobre Lepra en Los R\u00edos - AISE\",\"isPartOf\":{\"@id\":\"https:\/\/www.asociacionaise.org\/#website\"},\"datePublished\":\"2016-03-16T03:33:38+00:00\",\"dateModified\":\"2016-03-30T04:04:56+00:00\",\"breadcrumb\":{\"@id\":\"https:\/\/www.asociacionaise.org\/index.php\/proyectos\/proyectos-finalizados\/proyectos-finalizados\/#breadcrumb\"},\"inLanguage\":\"es\",\"potentialAction\":[{\"@type\":\"ReadAction\",\"target\":[\"https:\/\/www.asociacionaise.org\/index.php\/proyectos\/proyectos-finalizados\/proyectos-finalizados\/\"]}]},{\"@type\":\"BreadcrumbList\",\"@id\":\"https:\/\/www.asociacionaise.org\/index.php\/proyectos\/proyectos-finalizados\/proyectos-finalizados\/#breadcrumb\",\"itemListElement\":[{\"@type\":\"ListItem\",\"position\":1,\"name\":\"Portada\",\"item\":\"https:\/\/www.asociacionaise.org\/\"},{\"@type\":\"ListItem\",\"position\":2,\"name\":\"QU\u00c9 HACEMOS\",\"item\":\"https:\/\/www.asociacionaise.org\/index.php\/proyectos\/\"},{\"@type\":\"ListItem\",\"position\":3,\"name\":\"PROYECTOS FINALIZADOS\",\"item\":\"https:\/\/www.asociacionaise.org\/index.php\/proyectos\/proyectos-finalizados\/\"},{\"@type\":\"ListItem\",\"position\":4,\"name\":\"Diagn\u00f3stico Diferencial y Capacitaci\u00f3n sobre Lepra en Los R\u00edos\"}]},{\"@type\":\"WebSite\",\"@id\":\"https:\/\/www.asociacionaise.org\/#website\",\"url\":\"https:\/\/www.asociacionaise.org\/\",\"name\":\"AISE\",\"description\":\"Asociaci\u00f3n Internacional de Sanitarios en Espa\u00f1a\",\"publisher\":{\"@id\":\"https:\/\/www.asociacionaise.org\/#organization\"},\"potentialAction\":[{\"@type\":\"SearchAction\",\"target\":{\"@type\":\"EntryPoint\",\"urlTemplate\":\"https:\/\/www.asociacionaise.org\/?s={search_term_string}\"},\"query-input\":{\"@type\":\"PropertyValueSpecification\",\"valueRequired\":true,\"valueName\":\"search_term_string\"}}],\"inLanguage\":\"es\"},{\"@type\":\"Organization\",\"@id\":\"https:\/\/www.asociacionaise.org\/#organization\",\"name\":\"Asociacion AISE\",\"url\":\"https:\/\/www.asociacionaise.org\/\",\"logo\":{\"@type\":\"ImageObject\",\"inLanguage\":\"es\",\"@id\":\"https:\/\/www.asociacionaise.org\/#\/schema\/logo\/image\/\",\"url\":\"http:\/\/www.asociacionaise.org\/wp-content\/uploads\/2020\/02\/logo256.png\",\"contentUrl\":\"http:\/\/www.asociacionaise.org\/wp-content\/uploads\/2020\/02\/logo256.png\",\"width\":256,\"height\":256,\"caption\":\"Asociacion AISE\"},\"image\":{\"@id\":\"https:\/\/www.asociacionaise.org\/#\/schema\/logo\/image\/\"},\"sameAs\":[\"https:\/\/www.facebook.com\/AISEOrg\/\",\"https:\/\/x.com\/ASOCIACIONAISE\",\"https:\/\/www.instagram.com\/aise_voluntariado\/\",\"https:\/\/www.linkedin.com\/in\/asociacion-aise-64a445147\/\"]}]}<\/script>\n<!-- \/ Yoast SEO plugin. -->","yoast_head_json":{"title":"Diagn\u00f3stico Diferencial y Capacitaci\u00f3n sobre Lepra en Los R\u00edos - AISE","robots":{"index":"index","follow":"follow","max-snippet":"max-snippet:-1","max-image-preview":"max-image-preview:large","max-video-preview":"max-video-preview:-1"},"canonical":"https:\/\/www.asociacionaise.org\/index.php\/proyectos\/proyectos-finalizados\/proyectos-finalizados\/","og_locale":"es_ES","og_type":"article","og_title":"Diagn\u00f3stico Diferencial y Capacitaci\u00f3n sobre Lepra en Los R\u00edos - AISE","og_description":"En la provincia de los R\u00edos hoy en d\u00eda hay 1 dermat\u00f3logo para 80.000 personas, este ratio es del todo insuficiente. A causa de la descentralizaci\u00f3n de la sanidad y de unos recursos humanos no suficientemente capacitados, una parte de los casos nuevos no se est\u00e9n detectando, o solamente se diagnostican en una etapa tard\u00eda. [&hellip;]","og_url":"https:\/\/www.asociacionaise.org\/index.php\/proyectos\/proyectos-finalizados\/proyectos-finalizados\/","og_site_name":"AISE","article_publisher":"https:\/\/www.facebook.com\/AISEOrg\/","article_modified_time":"2016-03-30T04:04:56+00:00","og_image":[{"url":"http:\/\/www.asociacionaise.org\/wp-content\/uploads\/2016\/03\/Capacitaci\u00f3n-300x199.jpg","type":"","width":"","height":""}],"twitter_card":"summary_large_image","twitter_site":"@ASOCIACIONAISE","twitter_misc":{"Tiempo de lectura":"1 minuto"},"schema":{"@context":"https:\/\/schema.org","@graph":[{"@type":"WebPage","@id":"https:\/\/www.asociacionaise.org\/index.php\/proyectos\/proyectos-finalizados\/proyectos-finalizados\/","url":"https:\/\/www.asociacionaise.org\/index.php\/proyectos\/proyectos-finalizados\/proyectos-finalizados\/","name":"Diagn\u00f3stico Diferencial y Capacitaci\u00f3n sobre Lepra en Los R\u00edos - AISE","isPartOf":{"@id":"https:\/\/www.asociacionaise.org\/#website"},"datePublished":"2016-03-16T03:33:38+00:00","dateModified":"2016-03-30T04:04:56+00:00","breadcrumb":{"@id":"https:\/\/www.asociacionaise.org\/index.php\/proyectos\/proyectos-finalizados\/proyectos-finalizados\/#breadcrumb"},"inLanguage":"es","potentialAction":[{"@type":"ReadAction","target":["https:\/\/www.asociacionaise.org\/index.php\/proyectos\/proyectos-finalizados\/proyectos-finalizados\/"]}]},{"@type":"BreadcrumbList","@id":"https:\/\/www.asociacionaise.org\/index.php\/proyectos\/proyectos-finalizados\/proyectos-finalizados\/#breadcrumb","itemListElement":[{"@type":"ListItem","position":1,"name":"Portada","item":"https:\/\/www.asociacionaise.org\/"},{"@type":"ListItem","position":2,"name":"QU\u00c9 HACEMOS","item":"https:\/\/www.asociacionaise.org\/index.php\/proyectos\/"},{"@type":"ListItem","position":3,"name":"PROYECTOS FINALIZADOS","item":"https:\/\/www.asociacionaise.org\/index.php\/proyectos\/proyectos-finalizados\/"},{"@type":"ListItem","position":4,"name":"Diagn\u00f3stico Diferencial y Capacitaci\u00f3n sobre Lepra en Los R\u00edos"}]},{"@type":"WebSite","@id":"https:\/\/www.asociacionaise.org\/#website","url":"https:\/\/www.asociacionaise.org\/","name":"AISE","description":"Asociaci\u00f3n Internacional de Sanitarios en Espa\u00f1a","publisher":{"@id":"https:\/\/www.asociacionaise.org\/#organization"},"potentialAction":[{"@type":"SearchAction","target":{"@type":"EntryPoint","urlTemplate":"https:\/\/www.asociacionaise.org\/?s={search_term_string}"},"query-input":{"@type":"PropertyValueSpecification","valueRequired":true,"valueName":"search_term_string"}}],"inLanguage":"es"},{"@type":"Organization","@id":"https:\/\/www.asociacionaise.org\/#organization","name":"Asociacion AISE","url":"https:\/\/www.asociacionaise.org\/","logo":{"@type":"ImageObject","inLanguage":"es","@id":"https:\/\/www.asociacionaise.org\/#\/schema\/logo\/image\/","url":"http:\/\/www.asociacionaise.org\/wp-content\/uploads\/2020\/02\/logo256.png","contentUrl":"http:\/\/www.asociacionaise.org\/wp-content\/uploads\/2020\/02\/logo256.png","width":256,"height":256,"caption":"Asociacion AISE"},"image":{"@id":"https:\/\/www.asociacionaise.org\/#\/schema\/logo\/image\/"},"sameAs":["https:\/\/www.facebook.com\/AISEOrg\/","https:\/\/x.com\/ASOCIACIONAISE","https:\/\/www.instagram.com\/aise_voluntariado\/","https:\/\/www.linkedin.com\/in\/asociacion-aise-64a445147\/"]}]}},"_links":{"self":[{"href":"https:\/\/www.asociacionaise.org\/index.php\/wp-json\/wp\/v2\/pages\/2529","targetHints":{"allow":["GET"]}}],"collection":[{"href":"https:\/\/www.asociacionaise.org\/index.php\/wp-json\/wp\/v2\/pages"}],"about":[{"href":"https:\/\/www.asociacionaise.org\/index.php\/wp-json\/wp\/v2\/types\/page"}],"author":[{"embeddable":true,"href":"https:\/\/www.asociacionaise.org\/index.php\/wp-json\/wp\/v2\/users\/5"}],"replies":[{"embeddable":true,"href":"https:\/\/www.asociacionaise.org\/index.php\/wp-json\/wp\/v2\/comments?post=2529"}],"version-history":[{"count":17,"href":"https:\/\/www.asociacionaise.org\/index.php\/wp-json\/wp\/v2\/pages\/2529\/revisions"}],"predecessor-version":[{"id":2677,"href":"https:\/\/www.asociacionaise.org\/index.php\/wp-json\/wp\/v2\/pages\/2529\/revisions\/2677"}],"up":[{"embeddable":true,"href":"https:\/\/www.asociacionaise.org\/index.php\/wp-json\/wp\/v2\/pages\/2602"}],"wp:attachment":[{"href":"https:\/\/www.asociacionaise.org\/index.php\/wp-json\/wp\/v2\/media?parent=2529"}],"curies":[{"name":"wp","href":"https:\/\/api.w.org\/{rel}","templated":true}]}}