{"id":250,"date":"2013-09-20T17:14:43","date_gmt":"2013-09-20T17:14:43","guid":{"rendered":"http:\/\/www.asociacionaise.org\/?page_id=250"},"modified":"2019-02-25T00:44:31","modified_gmt":"2019-02-25T00:44:31","slug":"hazte-socio","status":"publish","type":"page","link":"https:\/\/www.asociacionaise.org\/index.php\/voluntariado\/hazte-socio\/","title":{"rendered":"Hazte socio"},"content":{"rendered":"<p style=\"text-align: justify;\">Siendo socio, mediante una aportaci\u00f3n de 30 euros semestrales, nos ayudar\u00e1s a financiar nuestros proyectos de salud. Y por ello, es nuestro deber informarte peri\u00f3dicamente de las actividades que se est\u00e1n realizando con tu aportaci\u00f3n y la evoluci\u00f3n de los proyectos.<br \/>\nAdem\u00e1s recuerda que tu ayuda te permitir\u00e1 asistir a las asambleas y decidir con tu voto, como socio eres parte de AISE!<\/p>\n<p style=\"text-align: justify;\">Dado que los que formamos AISE somos voluntarios, todas las aportaciones econ\u00f3micas son invertidas \u00edntegramente en las actividades de sensibilizaci\u00f3n y desarrollo que llevamos a cabo.<\/p>\n<p style=\"text-align: justify;\">Puedes hacerlo mediante\u00a0<a href=\"https:\/\/www.asociacionaise.org\/index.php\/contacta\/\">Hazte socio<\/a>\u00a0o bien haciendo directamente una transferencia anual (60 euros) poniendo \u00abSocio\u00bb y tu nombre y apellidos a la cuenta:<\/p>\n<p>Openbank IBAN ES07 0073 0100 5705 0357 8887<\/p>\n<p style=\"text-align: justify;\">\n","protected":false},"excerpt":{"rendered":"<p>Siendo socio, mediante una aportaci\u00f3n de 30 euros semestrales, nos ayudar\u00e1s a financiar nuestros proyectos de salud. Y por ello, es nuestro deber informarte peri\u00f3dicamente de las actividades que se est\u00e1n realizando con tu aportaci\u00f3n y la evoluci\u00f3n de los proyectos. Adem\u00e1s recuerda que tu ayuda te permitir\u00e1 asistir a las asambleas y decidir con [&hellip;]<\/p>\n","protected":false},"author":5,"featured_media":0,"parent":59,"menu_order":0,"comment_status":"closed","ping_status":"closed","template":"","meta":{"footnotes":""},"class_list":["post-250","page","type-page","status-publish","hentry"],"yoast_head":"<!-- This site is optimized with the Yoast SEO plugin v24.9 - https:\/\/yoast.com\/wordpress\/plugins\/seo\/ -->\n<title>Hazte socio - AISE<\/title>\n<meta name=\"robots\" content=\"index, follow, max-snippet:-1, max-image-preview:large, max-video-preview:-1\" \/>\n<link rel=\"canonical\" href=\"https:\/\/www.asociacionaise.org\/index.php\/voluntariado\/hazte-socio\/\" \/>\n<meta property=\"og:locale\" content=\"es_ES\" \/>\n<meta property=\"og:type\" content=\"article\" \/>\n<meta property=\"og:title\" content=\"Hazte socio - AISE\" \/>\n<meta property=\"og:description\" content=\"Siendo socio, mediante una aportaci\u00f3n de 30 euros semestrales, nos ayudar\u00e1s a financiar nuestros proyectos de salud. Y por ello, es nuestro deber informarte peri\u00f3dicamente de las actividades que se est\u00e1n realizando con tu aportaci\u00f3n y la evoluci\u00f3n de los proyectos. Adem\u00e1s recuerda que tu ayuda te permitir\u00e1 asistir a las asambleas y decidir con [&hellip;]\" \/>\n<meta property=\"og:url\" content=\"https:\/\/www.asociacionaise.org\/index.php\/voluntariado\/hazte-socio\/\" \/>\n<meta property=\"og:site_name\" content=\"AISE\" \/>\n<meta property=\"article:publisher\" content=\"https:\/\/www.facebook.com\/AISEOrg\/\" \/>\n<meta property=\"article:modified_time\" content=\"2019-02-25T00:44:31+00:00\" \/>\n<meta name=\"twitter:card\" content=\"summary_large_image\" \/>\n<meta name=\"twitter:site\" content=\"@ASOCIACIONAISE\" \/>\n<meta name=\"twitter:label1\" content=\"Tiempo de lectura\" \/>\n\t<meta name=\"twitter:data1\" content=\"1 minuto\" \/>\n<script type=\"application\/ld+json\" class=\"yoast-schema-graph\">{\"@context\":\"https:\/\/schema.org\",\"@graph\":[{\"@type\":\"WebPage\",\"@id\":\"https:\/\/www.asociacionaise.org\/index.php\/voluntariado\/hazte-socio\/\",\"url\":\"https:\/\/www.asociacionaise.org\/index.php\/voluntariado\/hazte-socio\/\",\"name\":\"Hazte socio - AISE\",\"isPartOf\":{\"@id\":\"https:\/\/www.asociacionaise.org\/#website\"},\"datePublished\":\"2013-09-20T17:14:43+00:00\",\"dateModified\":\"2019-02-25T00:44:31+00:00\",\"breadcrumb\":{\"@id\":\"https:\/\/www.asociacionaise.org\/index.php\/voluntariado\/hazte-socio\/#breadcrumb\"},\"inLanguage\":\"es\",\"potentialAction\":[{\"@type\":\"ReadAction\",\"target\":[\"https:\/\/www.asociacionaise.org\/index.php\/voluntariado\/hazte-socio\/\"]}]},{\"@type\":\"BreadcrumbList\",\"@id\":\"https:\/\/www.asociacionaise.org\/index.php\/voluntariado\/hazte-socio\/#breadcrumb\",\"itemListElement\":[{\"@type\":\"ListItem\",\"position\":1,\"name\":\"Portada\",\"item\":\"https:\/\/www.asociacionaise.org\/\"},{\"@type\":\"ListItem\",\"position\":2,\"name\":\"C\u00d3MO AYUDAR\",\"item\":\"https:\/\/www.asociacionaise.org\/index.php\/voluntariado\/\"},{\"@type\":\"ListItem\",\"position\":3,\"name\":\"Hazte socio\"}]},{\"@type\":\"WebSite\",\"@id\":\"https:\/\/www.asociacionaise.org\/#website\",\"url\":\"https:\/\/www.asociacionaise.org\/\",\"name\":\"AISE\",\"description\":\"Asociaci\u00f3n Internacional de Sanitarios en Espa\u00f1a\",\"publisher\":{\"@id\":\"https:\/\/www.asociacionaise.org\/#organization\"},\"potentialAction\":[{\"@type\":\"SearchAction\",\"target\":{\"@type\":\"EntryPoint\",\"urlTemplate\":\"https:\/\/www.asociacionaise.org\/?s={search_term_string}\"},\"query-input\":{\"@type\":\"PropertyValueSpecification\",\"valueRequired\":true,\"valueName\":\"search_term_string\"}}],\"inLanguage\":\"es\"},{\"@type\":\"Organization\",\"@id\":\"https:\/\/www.asociacionaise.org\/#organization\",\"name\":\"Asociacion AISE\",\"url\":\"https:\/\/www.asociacionaise.org\/\",\"logo\":{\"@type\":\"ImageObject\",\"inLanguage\":\"es\",\"@id\":\"https:\/\/www.asociacionaise.org\/#\/schema\/logo\/image\/\",\"url\":\"http:\/\/www.asociacionaise.org\/wp-content\/uploads\/2020\/02\/logo256.png\",\"contentUrl\":\"http:\/\/www.asociacionaise.org\/wp-content\/uploads\/2020\/02\/logo256.png\",\"width\":256,\"height\":256,\"caption\":\"Asociacion AISE\"},\"image\":{\"@id\":\"https:\/\/www.asociacionaise.org\/#\/schema\/logo\/image\/\"},\"sameAs\":[\"https:\/\/www.facebook.com\/AISEOrg\/\",\"https:\/\/x.com\/ASOCIACIONAISE\",\"https:\/\/www.instagram.com\/aise_voluntariado\/\",\"https:\/\/www.linkedin.com\/in\/asociacion-aise-64a445147\/\"]}]}<\/script>\n<!-- \/ Yoast SEO plugin. -->","yoast_head_json":{"title":"Hazte socio - AISE","robots":{"index":"index","follow":"follow","max-snippet":"max-snippet:-1","max-image-preview":"max-image-preview:large","max-video-preview":"max-video-preview:-1"},"canonical":"https:\/\/www.asociacionaise.org\/index.php\/voluntariado\/hazte-socio\/","og_locale":"es_ES","og_type":"article","og_title":"Hazte socio - AISE","og_description":"Siendo socio, mediante una aportaci\u00f3n de 30 euros semestrales, nos ayudar\u00e1s a financiar nuestros proyectos de salud. Y por ello, es nuestro deber informarte peri\u00f3dicamente de las actividades que se est\u00e1n realizando con tu aportaci\u00f3n y la evoluci\u00f3n de los proyectos. Adem\u00e1s recuerda que tu ayuda te permitir\u00e1 asistir a las asambleas y decidir con [&hellip;]","og_url":"https:\/\/www.asociacionaise.org\/index.php\/voluntariado\/hazte-socio\/","og_site_name":"AISE","article_publisher":"https:\/\/www.facebook.com\/AISEOrg\/","article_modified_time":"2019-02-25T00:44:31+00:00","twitter_card":"summary_large_image","twitter_site":"@ASOCIACIONAISE","twitter_misc":{"Tiempo de lectura":"1 minuto"},"schema":{"@context":"https:\/\/schema.org","@graph":[{"@type":"WebPage","@id":"https:\/\/www.asociacionaise.org\/index.php\/voluntariado\/hazte-socio\/","url":"https:\/\/www.asociacionaise.org\/index.php\/voluntariado\/hazte-socio\/","name":"Hazte socio - AISE","isPartOf":{"@id":"https:\/\/www.asociacionaise.org\/#website"},"datePublished":"2013-09-20T17:14:43+00:00","dateModified":"2019-02-25T00:44:31+00:00","breadcrumb":{"@id":"https:\/\/www.asociacionaise.org\/index.php\/voluntariado\/hazte-socio\/#breadcrumb"},"inLanguage":"es","potentialAction":[{"@type":"ReadAction","target":["https:\/\/www.asociacionaise.org\/index.php\/voluntariado\/hazte-socio\/"]}]},{"@type":"BreadcrumbList","@id":"https:\/\/www.asociacionaise.org\/index.php\/voluntariado\/hazte-socio\/#breadcrumb","itemListElement":[{"@type":"ListItem","position":1,"name":"Portada","item":"https:\/\/www.asociacionaise.org\/"},{"@type":"ListItem","position":2,"name":"C\u00d3MO AYUDAR","item":"https:\/\/www.asociacionaise.org\/index.php\/voluntariado\/"},{"@type":"ListItem","position":3,"name":"Hazte socio"}]},{"@type":"WebSite","@id":"https:\/\/www.asociacionaise.org\/#website","url":"https:\/\/www.asociacionaise.org\/","name":"AISE","description":"Asociaci\u00f3n Internacional de Sanitarios en Espa\u00f1a","publisher":{"@id":"https:\/\/www.asociacionaise.org\/#organization"},"potentialAction":[{"@type":"SearchAction","target":{"@type":"EntryPoint","urlTemplate":"https:\/\/www.asociacionaise.org\/?s={search_term_string}"},"query-input":{"@type":"PropertyValueSpecification","valueRequired":true,"valueName":"search_term_string"}}],"inLanguage":"es"},{"@type":"Organization","@id":"https:\/\/www.asociacionaise.org\/#organization","name":"Asociacion AISE","url":"https:\/\/www.asociacionaise.org\/","logo":{"@type":"ImageObject","inLanguage":"es","@id":"https:\/\/www.asociacionaise.org\/#\/schema\/logo\/image\/","url":"http:\/\/www.asociacionaise.org\/wp-content\/uploads\/2020\/02\/logo256.png","contentUrl":"http:\/\/www.asociacionaise.org\/wp-content\/uploads\/2020\/02\/logo256.png","width":256,"height":256,"caption":"Asociacion AISE"},"image":{"@id":"https:\/\/www.asociacionaise.org\/#\/schema\/logo\/image\/"},"sameAs":["https:\/\/www.facebook.com\/AISEOrg\/","https:\/\/x.com\/ASOCIACIONAISE","https:\/\/www.instagram.com\/aise_voluntariado\/","https:\/\/www.linkedin.com\/in\/asociacion-aise-64a445147\/"]}]}},"_links":{"self":[{"href":"https:\/\/www.asociacionaise.org\/index.php\/wp-json\/wp\/v2\/pages\/250","targetHints":{"allow":["GET"]}}],"collection":[{"href":"https:\/\/www.asociacionaise.org\/index.php\/wp-json\/wp\/v2\/pages"}],"about":[{"href":"https:\/\/www.asociacionaise.org\/index.php\/wp-json\/wp\/v2\/types\/page"}],"author":[{"embeddable":true,"href":"https:\/\/www.asociacionaise.org\/index.php\/wp-json\/wp\/v2\/users\/5"}],"replies":[{"embeddable":true,"href":"https:\/\/www.asociacionaise.org\/index.php\/wp-json\/wp\/v2\/comments?post=250"}],"version-history":[{"count":10,"href":"https:\/\/www.asociacionaise.org\/index.php\/wp-json\/wp\/v2\/pages\/250\/revisions"}],"predecessor-version":[{"id":4491,"href":"https:\/\/www.asociacionaise.org\/index.php\/wp-json\/wp\/v2\/pages\/250\/revisions\/4491"}],"up":[{"embeddable":true,"href":"https:\/\/www.asociacionaise.org\/index.php\/wp-json\/wp\/v2\/pages\/59"}],"wp:attachment":[{"href":"https:\/\/www.asociacionaise.org\/index.php\/wp-json\/wp\/v2\/media?parent=250"}],"curies":[{"name":"wp","href":"https:\/\/api.w.org\/{rel}","templated":true}]}}