{"id":240,"date":"2013-09-20T17:05:26","date_gmt":"2013-09-20T17:05:26","guid":{"rendered":"http:\/\/www.asociacionaise.org\/?page_id=240"},"modified":"2019-04-24T02:57:55","modified_gmt":"2019-04-24T02:57:55","slug":"donde-trabajamos-2","status":"publish","type":"page","link":"https:\/\/www.asociacionaise.org\/index.php\/conoce-a-aise\/donde-trabajamos-2\/","title":{"rendered":"D\u00f3nde trabajamos"},"content":{"rendered":"<p><a href=\"https:\/\/www.asociacionaise.org\/wp-content\/uploads\/2013\/09\/Mapa-Mundi-FLECHAS.jpg\"><img loading=\"lazy\" decoding=\"async\" class=\"alignnone size-full wp-image-219\" src=\"https:\/\/www.asociacionaise.org\/wp-content\/uploads\/2013\/09\/Mapa-Mundi-FLECHAS.jpg\" alt=\"Mapa Mundi FLECHAS\" width=\"831\" height=\"488\" \/><\/a><\/p>\n<p><b>Sectores de intervenci\u00f3n<\/b><\/p>\n<p style=\"text-align: justify;\">Las acciones de cooperaci\u00f3n que lleva a cabo\u00a0AISE\u00a0en Ecuador, Per\u00fa y Espa\u00f1a, se dividen entorno a tres ejes estrat\u00e9gicos:<\/p>\n<p style=\"text-align: justify;\"><span style=\"text-decoration: underline;\">La prevenci\u00f3n y promoci\u00f3n de la salud<\/span><\/p>\n<p style=\"text-align: justify;\">En 2008 las enfermedades cr\u00f3nicas no transmisibles como la diabetes, las enfermedades cardio-vasculares o las hipertensivas fueron las primeras causas de muerte en Ecuador y Per\u00fa.<\/p>\n<p style=\"text-align: justify;\">A pesar de la importante mejora del sistema sanitario ecuatoriano, de sus coberturas y los programas, los profesionales de atenci\u00f3n comunitaria precisan de apoyo en su labor diaria. Es preciso mejorar los conocimientos de salud de la poblaci\u00f3n para disminuir la incidencia de enfermedades agudas evitables y prevenir y controlar enfermedades cr\u00f3nicas.<\/p>\n<p style=\"text-align: justify;\"><span style=\"text-decoration: underline;\">Apoyo en servicios espec\u00edficos relacionados con el \u00e1mbito sanitario y psicosocial.<\/span><\/p>\n<p style=\"text-align: justify;\">Ofrecemos apoyo con personal sanitario en \u00e1mbitos sanitarios y tambi\u00e9n en \u00e1mbitos psicosociales de los 3 pa\u00edses con el fin de mejorar y\/o promover la salud de:<\/p>\n<p style=\"text-align: justify;\">1) Ni\u00f1os con discapacidades f\u00edsicas y\/o mentales<br \/>\n2) Personas mayores dependientes<br \/>\n3) Mujeres maltratadas<br \/>\n4) Personas con riesgo de exclusi\u00f3n social<\/p>\n<p style=\"text-align: justify;\">En Ecuador, en 2007 la tasa de m\u00e9dicos por 1000 habitantes era de 1,9; en el caso de enfermeras era del 0,6. Se inici\u00f3 dicha colaboraci\u00f3n por parte de\u00a0AISE, ya que los esfuerzos por parte del Ministerio de Salud P\u00fablica (MSP) y otras instituciones sanitarias ecuatorianas para aumentar la contrataci\u00f3n de m\u00e9dicos, enfermeras y otros profesionales de salud en los \u00faltimos a\u00f1os, no son suficientes hasta el momento.<\/p>\n<p style=\"text-align: justify;\"><span style=\"text-decoration: underline;\">Formaci\u00f3n del personal aut\u00f3ctono<\/span><\/p>\n<p style=\"text-align: justify;\">La capacitaci\u00f3n del personal sanitario se basa principalmente en ofrecer formaci\u00f3n para mejorar t\u00e9cnicas, cuidados o formas de manejo a los profesionales ecuatorianos, con el fin de que ellos ofrezcan mejores servicios a la poblaci\u00f3n. Creemos que la actualizaci\u00f3n continua de conocimientos pr\u00e1cticos en salud es necesaria y es un campo de trabajo importante a reforzar.<\/p>\n","protected":false},"excerpt":{"rendered":"<p>Sectores de intervenci\u00f3n Las acciones de cooperaci\u00f3n que lleva a cabo\u00a0AISE\u00a0en Ecuador, Per\u00fa y Espa\u00f1a, se dividen entorno a tres ejes estrat\u00e9gicos: La prevenci\u00f3n y promoci\u00f3n de la salud En 2008 las enfermedades cr\u00f3nicas no transmisibles como la diabetes, las enfermedades cardio-vasculares o las hipertensivas fueron las primeras causas de muerte en Ecuador y Per\u00fa. [&hellip;]<\/p>\n","protected":false},"author":5,"featured_media":0,"parent":234,"menu_order":1,"comment_status":"closed","ping_status":"closed","template":"","meta":{"footnotes":""},"class_list":["post-240","page","type-page","status-publish","hentry"],"yoast_head":"<!-- This site is optimized with the Yoast SEO plugin v24.9 - https:\/\/yoast.com\/wordpress\/plugins\/seo\/ -->\n<title>D\u00f3nde trabajamos - AISE<\/title>\n<meta name=\"robots\" content=\"index, follow, max-snippet:-1, max-image-preview:large, max-video-preview:-1\" \/>\n<link rel=\"canonical\" href=\"https:\/\/www.asociacionaise.org\/index.php\/conoce-a-aise\/donde-trabajamos-2\/\" \/>\n<meta property=\"og:locale\" content=\"es_ES\" \/>\n<meta property=\"og:type\" content=\"article\" \/>\n<meta property=\"og:title\" content=\"D\u00f3nde trabajamos - AISE\" \/>\n<meta property=\"og:description\" content=\"Sectores de intervenci\u00f3n Las acciones de cooperaci\u00f3n que lleva a cabo\u00a0AISE\u00a0en Ecuador, Per\u00fa y Espa\u00f1a, se dividen entorno a tres ejes estrat\u00e9gicos: La prevenci\u00f3n y promoci\u00f3n de la salud En 2008 las enfermedades cr\u00f3nicas no transmisibles como la diabetes, las enfermedades cardio-vasculares o las hipertensivas fueron las primeras causas de muerte en Ecuador y Per\u00fa. [&hellip;]\" \/>\n<meta property=\"og:url\" content=\"https:\/\/www.asociacionaise.org\/index.php\/conoce-a-aise\/donde-trabajamos-2\/\" \/>\n<meta property=\"og:site_name\" content=\"AISE\" \/>\n<meta property=\"article:publisher\" content=\"https:\/\/www.facebook.com\/AISEOrg\/\" \/>\n<meta property=\"article:modified_time\" content=\"2019-04-24T02:57:55+00:00\" \/>\n<meta property=\"og:image\" content=\"http:\/\/www.asociacionaise.org\/wp-content\/uploads\/2013\/09\/Mapa-Mundi-FLECHAS.jpg\" \/>\n<meta name=\"twitter:card\" content=\"summary_large_image\" \/>\n<meta name=\"twitter:site\" content=\"@ASOCIACIONAISE\" \/>\n<meta name=\"twitter:label1\" content=\"Tiempo de lectura\" \/>\n\t<meta name=\"twitter:data1\" content=\"2 minutos\" \/>\n<script type=\"application\/ld+json\" class=\"yoast-schema-graph\">{\"@context\":\"https:\/\/schema.org\",\"@graph\":[{\"@type\":\"WebPage\",\"@id\":\"https:\/\/www.asociacionaise.org\/index.php\/conoce-a-aise\/donde-trabajamos-2\/\",\"url\":\"https:\/\/www.asociacionaise.org\/index.php\/conoce-a-aise\/donde-trabajamos-2\/\",\"name\":\"D\u00f3nde trabajamos - AISE\",\"isPartOf\":{\"@id\":\"https:\/\/www.asociacionaise.org\/#website\"},\"primaryImageOfPage\":{\"@id\":\"https:\/\/www.asociacionaise.org\/index.php\/conoce-a-aise\/donde-trabajamos-2\/#primaryimage\"},\"image\":{\"@id\":\"https:\/\/www.asociacionaise.org\/index.php\/conoce-a-aise\/donde-trabajamos-2\/#primaryimage\"},\"thumbnailUrl\":\"http:\/\/www.asociacionaise.org\/wp-content\/uploads\/2013\/09\/Mapa-Mundi-FLECHAS.jpg\",\"datePublished\":\"2013-09-20T17:05:26+00:00\",\"dateModified\":\"2019-04-24T02:57:55+00:00\",\"breadcrumb\":{\"@id\":\"https:\/\/www.asociacionaise.org\/index.php\/conoce-a-aise\/donde-trabajamos-2\/#breadcrumb\"},\"inLanguage\":\"es\",\"potentialAction\":[{\"@type\":\"ReadAction\",\"target\":[\"https:\/\/www.asociacionaise.org\/index.php\/conoce-a-aise\/donde-trabajamos-2\/\"]}]},{\"@type\":\"ImageObject\",\"inLanguage\":\"es\",\"@id\":\"https:\/\/www.asociacionaise.org\/index.php\/conoce-a-aise\/donde-trabajamos-2\/#primaryimage\",\"url\":\"https:\/\/www.asociacionaise.org\/wp-content\/uploads\/2013\/09\/Mapa-Mundi-FLECHAS.jpg\",\"contentUrl\":\"https:\/\/www.asociacionaise.org\/wp-content\/uploads\/2013\/09\/Mapa-Mundi-FLECHAS.jpg\",\"width\":831,\"height\":488},{\"@type\":\"BreadcrumbList\",\"@id\":\"https:\/\/www.asociacionaise.org\/index.php\/conoce-a-aise\/donde-trabajamos-2\/#breadcrumb\",\"itemListElement\":[{\"@type\":\"ListItem\",\"position\":1,\"name\":\"Portada\",\"item\":\"https:\/\/www.asociacionaise.org\/\"},{\"@type\":\"ListItem\",\"position\":2,\"name\":\"CONOCE A AISE\",\"item\":\"https:\/\/www.asociacionaise.org\/index.php\/conoce-a-aise\/\"},{\"@type\":\"ListItem\",\"position\":3,\"name\":\"D\u00f3nde trabajamos\"}]},{\"@type\":\"WebSite\",\"@id\":\"https:\/\/www.asociacionaise.org\/#website\",\"url\":\"https:\/\/www.asociacionaise.org\/\",\"name\":\"AISE\",\"description\":\"Asociaci\u00f3n Internacional de Sanitarios en Espa\u00f1a\",\"publisher\":{\"@id\":\"https:\/\/www.asociacionaise.org\/#organization\"},\"potentialAction\":[{\"@type\":\"SearchAction\",\"target\":{\"@type\":\"EntryPoint\",\"urlTemplate\":\"https:\/\/www.asociacionaise.org\/?s={search_term_string}\"},\"query-input\":{\"@type\":\"PropertyValueSpecification\",\"valueRequired\":true,\"valueName\":\"search_term_string\"}}],\"inLanguage\":\"es\"},{\"@type\":\"Organization\",\"@id\":\"https:\/\/www.asociacionaise.org\/#organization\",\"name\":\"Asociacion AISE\",\"url\":\"https:\/\/www.asociacionaise.org\/\",\"logo\":{\"@type\":\"ImageObject\",\"inLanguage\":\"es\",\"@id\":\"https:\/\/www.asociacionaise.org\/#\/schema\/logo\/image\/\",\"url\":\"http:\/\/www.asociacionaise.org\/wp-content\/uploads\/2020\/02\/logo256.png\",\"contentUrl\":\"http:\/\/www.asociacionaise.org\/wp-content\/uploads\/2020\/02\/logo256.png\",\"width\":256,\"height\":256,\"caption\":\"Asociacion AISE\"},\"image\":{\"@id\":\"https:\/\/www.asociacionaise.org\/#\/schema\/logo\/image\/\"},\"sameAs\":[\"https:\/\/www.facebook.com\/AISEOrg\/\",\"https:\/\/x.com\/ASOCIACIONAISE\",\"https:\/\/www.instagram.com\/aise_voluntariado\/\",\"https:\/\/www.linkedin.com\/in\/asociacion-aise-64a445147\/\"]}]}<\/script>\n<!-- \/ Yoast SEO plugin. -->","yoast_head_json":{"title":"D\u00f3nde trabajamos - AISE","robots":{"index":"index","follow":"follow","max-snippet":"max-snippet:-1","max-image-preview":"max-image-preview:large","max-video-preview":"max-video-preview:-1"},"canonical":"https:\/\/www.asociacionaise.org\/index.php\/conoce-a-aise\/donde-trabajamos-2\/","og_locale":"es_ES","og_type":"article","og_title":"D\u00f3nde trabajamos - AISE","og_description":"Sectores de intervenci\u00f3n Las acciones de cooperaci\u00f3n que lleva a cabo\u00a0AISE\u00a0en Ecuador, Per\u00fa y Espa\u00f1a, se dividen entorno a tres ejes estrat\u00e9gicos: La prevenci\u00f3n y promoci\u00f3n de la salud En 2008 las enfermedades cr\u00f3nicas no transmisibles como la diabetes, las enfermedades cardio-vasculares o las hipertensivas fueron las primeras causas de muerte en Ecuador y Per\u00fa. [&hellip;]","og_url":"https:\/\/www.asociacionaise.org\/index.php\/conoce-a-aise\/donde-trabajamos-2\/","og_site_name":"AISE","article_publisher":"https:\/\/www.facebook.com\/AISEOrg\/","article_modified_time":"2019-04-24T02:57:55+00:00","og_image":[{"url":"http:\/\/www.asociacionaise.org\/wp-content\/uploads\/2013\/09\/Mapa-Mundi-FLECHAS.jpg","type":"","width":"","height":""}],"twitter_card":"summary_large_image","twitter_site":"@ASOCIACIONAISE","twitter_misc":{"Tiempo de lectura":"2 minutos"},"schema":{"@context":"https:\/\/schema.org","@graph":[{"@type":"WebPage","@id":"https:\/\/www.asociacionaise.org\/index.php\/conoce-a-aise\/donde-trabajamos-2\/","url":"https:\/\/www.asociacionaise.org\/index.php\/conoce-a-aise\/donde-trabajamos-2\/","name":"D\u00f3nde trabajamos - AISE","isPartOf":{"@id":"https:\/\/www.asociacionaise.org\/#website"},"primaryImageOfPage":{"@id":"https:\/\/www.asociacionaise.org\/index.php\/conoce-a-aise\/donde-trabajamos-2\/#primaryimage"},"image":{"@id":"https:\/\/www.asociacionaise.org\/index.php\/conoce-a-aise\/donde-trabajamos-2\/#primaryimage"},"thumbnailUrl":"http:\/\/www.asociacionaise.org\/wp-content\/uploads\/2013\/09\/Mapa-Mundi-FLECHAS.jpg","datePublished":"2013-09-20T17:05:26+00:00","dateModified":"2019-04-24T02:57:55+00:00","breadcrumb":{"@id":"https:\/\/www.asociacionaise.org\/index.php\/conoce-a-aise\/donde-trabajamos-2\/#breadcrumb"},"inLanguage":"es","potentialAction":[{"@type":"ReadAction","target":["https:\/\/www.asociacionaise.org\/index.php\/conoce-a-aise\/donde-trabajamos-2\/"]}]},{"@type":"ImageObject","inLanguage":"es","@id":"https:\/\/www.asociacionaise.org\/index.php\/conoce-a-aise\/donde-trabajamos-2\/#primaryimage","url":"https:\/\/www.asociacionaise.org\/wp-content\/uploads\/2013\/09\/Mapa-Mundi-FLECHAS.jpg","contentUrl":"https:\/\/www.asociacionaise.org\/wp-content\/uploads\/2013\/09\/Mapa-Mundi-FLECHAS.jpg","width":831,"height":488},{"@type":"BreadcrumbList","@id":"https:\/\/www.asociacionaise.org\/index.php\/conoce-a-aise\/donde-trabajamos-2\/#breadcrumb","itemListElement":[{"@type":"ListItem","position":1,"name":"Portada","item":"https:\/\/www.asociacionaise.org\/"},{"@type":"ListItem","position":2,"name":"CONOCE A AISE","item":"https:\/\/www.asociacionaise.org\/index.php\/conoce-a-aise\/"},{"@type":"ListItem","position":3,"name":"D\u00f3nde trabajamos"}]},{"@type":"WebSite","@id":"https:\/\/www.asociacionaise.org\/#website","url":"https:\/\/www.asociacionaise.org\/","name":"AISE","description":"Asociaci\u00f3n Internacional de Sanitarios en Espa\u00f1a","publisher":{"@id":"https:\/\/www.asociacionaise.org\/#organization"},"potentialAction":[{"@type":"SearchAction","target":{"@type":"EntryPoint","urlTemplate":"https:\/\/www.asociacionaise.org\/?s={search_term_string}"},"query-input":{"@type":"PropertyValueSpecification","valueRequired":true,"valueName":"search_term_string"}}],"inLanguage":"es"},{"@type":"Organization","@id":"https:\/\/www.asociacionaise.org\/#organization","name":"Asociacion AISE","url":"https:\/\/www.asociacionaise.org\/","logo":{"@type":"ImageObject","inLanguage":"es","@id":"https:\/\/www.asociacionaise.org\/#\/schema\/logo\/image\/","url":"http:\/\/www.asociacionaise.org\/wp-content\/uploads\/2020\/02\/logo256.png","contentUrl":"http:\/\/www.asociacionaise.org\/wp-content\/uploads\/2020\/02\/logo256.png","width":256,"height":256,"caption":"Asociacion AISE"},"image":{"@id":"https:\/\/www.asociacionaise.org\/#\/schema\/logo\/image\/"},"sameAs":["https:\/\/www.facebook.com\/AISEOrg\/","https:\/\/x.com\/ASOCIACIONAISE","https:\/\/www.instagram.com\/aise_voluntariado\/","https:\/\/www.linkedin.com\/in\/asociacion-aise-64a445147\/"]}]}},"_links":{"self":[{"href":"https:\/\/www.asociacionaise.org\/index.php\/wp-json\/wp\/v2\/pages\/240","targetHints":{"allow":["GET"]}}],"collection":[{"href":"https:\/\/www.asociacionaise.org\/index.php\/wp-json\/wp\/v2\/pages"}],"about":[{"href":"https:\/\/www.asociacionaise.org\/index.php\/wp-json\/wp\/v2\/types\/page"}],"author":[{"embeddable":true,"href":"https:\/\/www.asociacionaise.org\/index.php\/wp-json\/wp\/v2\/users\/5"}],"replies":[{"embeddable":true,"href":"https:\/\/www.asociacionaise.org\/index.php\/wp-json\/wp\/v2\/comments?post=240"}],"version-history":[{"count":11,"href":"https:\/\/www.asociacionaise.org\/index.php\/wp-json\/wp\/v2\/pages\/240\/revisions"}],"predecessor-version":[{"id":4715,"href":"https:\/\/www.asociacionaise.org\/index.php\/wp-json\/wp\/v2\/pages\/240\/revisions\/4715"}],"up":[{"embeddable":true,"href":"https:\/\/www.asociacionaise.org\/index.php\/wp-json\/wp\/v2\/pages\/234"}],"wp:attachment":[{"href":"https:\/\/www.asociacionaise.org\/index.php\/wp-json\/wp\/v2\/media?parent=240"}],"curies":[{"name":"wp","href":"https:\/\/api.w.org\/{rel}","templated":true}]}}